{"id":17138,"date":"2025-08-29T19:14:54","date_gmt":"2025-08-29T17:14:54","guid":{"rendered":"https:\/\/www.raschvin.com\/vare\/julekalender-rum-nation-24-days-of-rum\/"},"modified":"2025-08-29T19:16:34","modified_gmt":"2025-08-29T17:16:34","slug":"mac-ys-julekalender-rum-2022","status":"publish","type":"product","link":"https:\/\/www.raschvin.com\/sv\/produkt\/mac-ys-julekalender-rum-2022\/","title":{"rendered":"2025 Julekalender Rum \u2013 Mac Rum 24\u00d72 cl. 44,08%"},"content":{"rendered":"<p>G\u00f6r december extra st\u00e4mningsfull med Mac Y\u2019s Rom-julkalender \u2013 en smakrik och l\u00e4rorik nedr\u00e4kning till jul. Kalendern inneh\u00e5ller 24 sm\u00e5 flaskor \u00e1 2 cl, fyllda med noggrant utvalda rom och rombaserade spritsorter fr\u00e5n hela v\u00e4rlden.<\/p>\n<p>Bakom kalenderns design finns ber\u00e4ttelsen om Luna fr\u00e5n familjen Mac Calendar. Hon bosatte sig i Karibien, byggde en hacienda, odlade sockerr\u00f6r och blev romproducent. I december \u00f6ppnar hon d\u00f6rrarna till sitt tropiska paradis, d\u00e4r en ny lucka \u00f6ppnas varje dag med en dram och en ber\u00e4ttelse.<\/p>\n<p>Varje flaska kompletteras med en l\u00e4nk till en online-julkalender d\u00e4r du kan l\u00e4sa mer om producenten, f\u00e5 smaknoter och l\u00e4ra dig mer om de olika romsorterna. Det g\u00f6r upplevelsen b\u00e5de underh\u00e5llande och l\u00e4rorik.<\/p>\n<p>Ett urval av de rom som v\u00e4ntar:<br \/>\nAbuelo 12 \u00e5r A\u00f1ejo Gran Reserva (Panama)<br \/>\nDoorly\u2019s Fine Old 8 YO (Barbados)<br \/>\nDos Maderas Caribbean Selecci\u00f3n Triple Aged<br \/>\nPusser\u2019s British Navy Rum Black Label Gunpowder Proof 54,5 %<br \/>\nRum Nation Panama 18 \u00e5r Decanter<br \/>\nSt. Etienne Martinique Rhum Vieux XO<\/p>\n<p>Med Mac Y\u2019s Rom-julkalender f\u00e5r du en december fylld med v\u00e4rme, smak och ber\u00e4ttelser \u2013 perfekt f\u00f6r b\u00e5de den erfarne rom\u00e4lskaren och den nyfikne nyb\u00f6rjaren.<\/p>\n","protected":false},"excerpt":{"rendered":"<p>Premium Rum Giftpack-Calender<\/p>\n","protected":false},"featured_media":95726,"template":"","meta":{"_acf_changed":false,"rs_blank_template":"","rs_page_bg_color":"","slide_template_v7":""},"product_brand":[],"product_cat":[2387,2754,2753,4463,4465,4634,2758,2391],"product_tag":[],"class_list":{"0":"post-17138","1":"product","2":"type-product","3":"status-publish","4":"has-post-thumbnail","6":"product_cat-avec-sv","7":"product_cat-foeretagspresenter","8":"product_cat-gaavor","9":"product_cat-jul","10":"product_cat-julkalender","11":"product_cat-premium-aged-sv","12":"product_cat-provsmakning-set","13":"product_cat-rom-sv","14":"pa_land-oever-hela-vaerlden","15":"pa_procent-44-08-sv","16":"pa_producent-mac-y-sv","17":"pa_volume-48-sv","19":"first","20":"instock","21":"sale","22":"taxable","23":"shipping-taxable","24":"purchasable","25":"product-type-simple"},"bundled_by":[],"bundle_stock_status":"instock","bundle_stock_quantity":null,"bundle_virtual":false,"bundle_layout":"","bundle_add_to_cart_form_location":"","bundle_editable_in_cart":false,"bundle_sold_individually_context":"","bundle_item_grouping":"","bundle_min_size":"","bundle_max_size":"","bundle_price":[],"bundled_items":[],"bundle_sell_ids":[],"acf":[],"_links":{"self":[{"href":"https:\/\/www.raschvin.com\/sv\/wp-json\/wp\/v2\/product\/17138","targetHints":{"allow":["GET"]}}],"collection":[{"href":"https:\/\/www.raschvin.com\/sv\/wp-json\/wp\/v2\/product"}],"about":[{"href":"https:\/\/www.raschvin.com\/sv\/wp-json\/wp\/v2\/types\/product"}],"wp:featuredmedia":[{"embeddable":true,"href":"https:\/\/www.raschvin.com\/sv\/wp-json\/wp\/v2\/media\/95726"}],"wp:attachment":[{"href":"https:\/\/www.raschvin.com\/sv\/wp-json\/wp\/v2\/media?parent=17138"}],"wp:term":[{"taxonomy":"product_brand","embeddable":true,"href":"https:\/\/www.raschvin.com\/sv\/wp-json\/wp\/v2\/product_brand?post=17138"},{"taxonomy":"product_cat","embeddable":true,"href":"https:\/\/www.raschvin.com\/sv\/wp-json\/wp\/v2\/product_cat?post=17138"},{"taxonomy":"product_tag","embeddable":true,"href":"https:\/\/www.raschvin.com\/sv\/wp-json\/wp\/v2\/product_tag?post=17138"}],"curies":[{"name":"wp","href":"https:\/\/api.w.org\/{rel}","templated":true}]}}