{"id":17118,"date":"2026-03-13T18:40:26","date_gmt":"2026-03-13T17:40:26","guid":{"rendered":"https:\/\/www.raschvin.com\/vare\/the-rum-box-10-x-5-cl\/"},"modified":"2026-03-13T18:44:02","modified_gmt":"2026-03-13T17:44:02","slug":"the-rum-box-10-x-5-cl","status":"publish","type":"product","link":"https:\/\/www.raschvin.com\/sv\/produkt\/the-rum-box-10-x-5-cl\/","title":{"rendered":"The Rum Box Yellow Edition 10&#215;5 cl. 41%"},"content":{"rendered":"<p data-start=\"13\" data-end=\"83\"><strong data-start=\"13\" data-end=\"28\">The Rum Box<\/strong> inneh\u00e5ller 10 rom-\/spirit drinks fr\u00e5n 10 olika l\u00e4nder.<\/p>\n<p data-start=\"85\" data-end=\"131\"><strong data-start=\"85\" data-end=\"94\">Land:<\/strong> Flera olika<br data-start=\"106\" data-end=\"109\" \/><strong data-start=\"109\" data-end=\"121\">Alkohol:<\/strong> 41 % vol.<\/p>\n<p data-start=\"133\" data-end=\"169\"><strong data-start=\"133\" data-end=\"148\">Destilleri:<\/strong> N\/A<br data-start=\"152\" data-end=\"155\" \/><strong data-start=\"155\" data-end=\"165\">\u00c5lder:<\/strong> N\/A<\/p>\n<p data-start=\"171\" data-end=\"479\"><strong data-start=\"171\" data-end=\"186\">The Rum Box<\/strong> \u00e4r ett smakset med 10 exklusiva rom-\/spirit drinks fr\u00e5n hela v\u00e4rlden. Varje sprit har valts ut noggrant f\u00f6r att ge en upplevelse av m\u00e5ngfalden inom romv\u00e4rlden. The Rum Box \u00e4r tillverkad av material av h\u00f6g kvalitet, med en illustrativ design som g\u00f6r varje enskild rom inbjudande och attraktiv.<\/p>\n<p data-start=\"481\" data-end=\"812\">\u2022 Arcane Delicatissime &#8211; Guatemala<br data-start=\"515\" data-end=\"518\" \/>\u2022 Marama Origins &#8211; Philippines<br data-start=\"548\" data-end=\"551\" \/>\u2022 Caracas Club Salvaje &#8211; Venezuela<br data-start=\"585\" data-end=\"588\" \/>\u2022 Ninefold Dormont Spiced &#8211; Scotland<br data-start=\"624\" data-end=\"627\" \/>\u2022 Constellation Alfa &#8211; Spain<br data-start=\"655\" data-end=\"658\" \/>\u2022 Saint James VO &#8211; Martinique<br data-start=\"687\" data-end=\"690\" \/>\u2022 Ron Cartavio Solera &#8211; Peru<br data-start=\"718\" data-end=\"721\" \/>\u2022 Whistler Ltd. &#8211; South Africa<br data-start=\"751\" data-end=\"754\" \/>\u2022 Naga Anggur &#8211; Indonesia<br data-start=\"779\" data-end=\"782\" \/>\u2022 Mocambo Ron A\u00f1ejo &#8211; Mexico<\/p>\n","protected":false},"excerpt":{"rendered":"<p>Premium Aged Rum Gift Box<\/p>\n","protected":false},"featured_media":119332,"template":"","meta":{"_acf_changed":false,"rs_blank_template":"","rs_page_bg_color":"","slide_template_v7":""},"product_brand":[],"product_cat":[2387,2754,2753,4634,2758,2391],"product_tag":[],"class_list":{"0":"post-17118","1":"product","2":"type-product","3":"status-publish","4":"has-post-thumbnail","6":"product_cat-avec-sv","7":"product_cat-foeretagspresenter","8":"product_cat-gaavor","9":"product_cat-premium-aged-sv","10":"product_cat-provsmakning-set","11":"product_cat-rom-sv","12":"pa_land-world-wide-2-sv","13":"pa_procent-41-sv","14":"pa_producent-1423-aps-sv","15":"pa_volume-50-sv","17":"first","18":"instock","19":"sale","20":"taxable","21":"shipping-taxable","22":"purchasable","23":"product-type-simple"},"bundled_by":[],"bundle_stock_status":"instock","bundle_stock_quantity":null,"bundle_virtual":false,"bundle_layout":"","bundle_add_to_cart_form_location":"","bundle_editable_in_cart":false,"bundle_sold_individually_context":"","bundle_item_grouping":"","bundle_min_size":"","bundle_max_size":"","bundle_price":[],"bundled_items":[],"bundle_sell_ids":[],"acf":[],"_links":{"self":[{"href":"https:\/\/www.raschvin.com\/sv\/wp-json\/wp\/v2\/product\/17118","targetHints":{"allow":["GET"]}}],"collection":[{"href":"https:\/\/www.raschvin.com\/sv\/wp-json\/wp\/v2\/product"}],"about":[{"href":"https:\/\/www.raschvin.com\/sv\/wp-json\/wp\/v2\/types\/product"}],"wp:featuredmedia":[{"embeddable":true,"href":"https:\/\/www.raschvin.com\/sv\/wp-json\/wp\/v2\/media\/119332"}],"wp:attachment":[{"href":"https:\/\/www.raschvin.com\/sv\/wp-json\/wp\/v2\/media?parent=17118"}],"wp:term":[{"taxonomy":"product_brand","embeddable":true,"href":"https:\/\/www.raschvin.com\/sv\/wp-json\/wp\/v2\/product_brand?post=17118"},{"taxonomy":"product_cat","embeddable":true,"href":"https:\/\/www.raschvin.com\/sv\/wp-json\/wp\/v2\/product_cat?post=17118"},{"taxonomy":"product_tag","embeddable":true,"href":"https:\/\/www.raschvin.com\/sv\/wp-json\/wp\/v2\/product_tag?post=17118"}],"curies":[{"name":"wp","href":"https:\/\/api.w.org\/{rel}","templated":true}]}}