{"id":17115,"date":"2024-05-24T08:56:26","date_gmt":"2024-05-24T06:56:26","guid":{"rendered":"https:\/\/www.raschvin.com\/vare\/garnish-island-gin-46\/"},"modified":"2022-11-17T19:49:51","modified_gmt":"2022-11-17T18:49:51","slug":"garnish-island-gin-46","status":"publish","type":"product","link":"https:\/\/www.raschvin.com\/sv\/produkt\/garnish-island-gin-46\/","title":{"rendered":"Garnish Island Gin 70 cl. 46%"},"content":{"rendered":"<p>Garnish \u00e4r namnet p\u00e5 en liten \u00f6 bredvid staden Glengarriff i Bay Bantry Bay. Bel\u00e4get i sydv\u00e4stra Irland och ca 90 km v\u00e4ster om Cork.<br \/>\nGarnish Island s\u00e5ldes av den irl\u00e4ndska krigsr\u00e5darna efter andra v\u00e4rldskriget. \u00d6n k\u00f6pte sedan och investeringsbanker, som fick en italiensk landskapsarkitekt och botaniker att be\u00f6ra \u00f6n.<br \/>\nP\u00e5 grund av platsen i mitten av golfstr\u00f6mmen finns det ett blekklimat \u00e4n annars i samma latitud, vilket inneb\u00e4r att andra v\u00e4xter ocks\u00e5 kan v\u00e4xa h\u00e4r. Garnisens flora \u00e4r d\u00e4rf\u00f6r unik och Garnish Island Gin anv\u00e4nder ingredienser fr\u00e5n det lokala omr\u00e5det p\u00e5 \u00f6n. \u00d6n sj\u00e4lv \u00e4r nu ett naturreservat och verkligen v\u00e4rt ett bes\u00f6k om du \u00e4r i omr\u00e5det.<\/p>\n<p>Ingredienserna r\u00e4knas t.ex. Hibiskus, Iris Rod, Rosenblade, Kakao (anteckningar av m\u00f6rk choklad), Citron, Rosemary, Thyme, liksom anteckningar av jordgubbar. Detta \u00e4r naturligtvis f\u00f6rutom enb\u00e4r. Hela batchdestillaren i ett kopparark.<\/p>\n<p>Mage blommig, blommig h\u00e4rlig gin.<\/p>\n<p>Garnish Island flaskas med 46% och det \u00e4r inte kallt filtrerat. D\u00e4rf\u00f6r har den gott om smak och eteriska oljor, vilket kan g\u00f6ra det opallisera n\u00e5got (blir dimmigt eller mj\u00f6lkvitt) n\u00e4r det \u00e4r blandat med tonic \/ is \/ etc.<\/p>\n","protected":false},"excerpt":{"rendered":"<p>Irish West Cork Distillers Gin<\/p>\n","protected":false},"featured_media":12009,"template":"","meta":{"_acf_changed":false,"rs_blank_template":"","rs_page_bg_color":"","slide_template_v7":""},"product_brand":[],"product_cat":[2402,2404,9290,9479],"product_tag":[],"class_list":{"0":"post-17115","1":"product","2":"type-product","3":"status-publish","4":"has-post-thumbnail","6":"product_cat-sprit-sv","7":"product_cat-gin-sv","8":"product_cat-distilled-gin","9":"product_cat-gintyper","10":"pa_land-irland-sv","11":"pa_procent-46-sv","12":"pa_producent-west-cork-distillers-sv","13":"pa_volume-70-sv-2","15":"first","16":"instock","17":"taxable","18":"shipping-taxable","19":"purchasable","20":"product-type-simple"},"bundled_by":[],"bundle_stock_status":"instock","bundle_stock_quantity":null,"bundle_virtual":false,"bundle_layout":"","bundle_add_to_cart_form_location":"","bundle_editable_in_cart":false,"bundle_sold_individually_context":"","bundle_item_grouping":"","bundle_min_size":"","bundle_max_size":"","bundle_price":[],"bundled_items":[],"bundle_sell_ids":[],"acf":[],"_links":{"self":[{"href":"https:\/\/www.raschvin.com\/sv\/wp-json\/wp\/v2\/product\/17115","targetHints":{"allow":["GET"]}}],"collection":[{"href":"https:\/\/www.raschvin.com\/sv\/wp-json\/wp\/v2\/product"}],"about":[{"href":"https:\/\/www.raschvin.com\/sv\/wp-json\/wp\/v2\/types\/product"}],"wp:featuredmedia":[{"embeddable":true,"href":"https:\/\/www.raschvin.com\/sv\/wp-json\/wp\/v2\/media\/12009"}],"wp:attachment":[{"href":"https:\/\/www.raschvin.com\/sv\/wp-json\/wp\/v2\/media?parent=17115"}],"wp:term":[{"taxonomy":"product_brand","embeddable":true,"href":"https:\/\/www.raschvin.com\/sv\/wp-json\/wp\/v2\/product_brand?post=17115"},{"taxonomy":"product_cat","embeddable":true,"href":"https:\/\/www.raschvin.com\/sv\/wp-json\/wp\/v2\/product_cat?post=17115"},{"taxonomy":"product_tag","embeddable":true,"href":"https:\/\/www.raschvin.com\/sv\/wp-json\/wp\/v2\/product_tag?post=17115"}],"curies":[{"name":"wp","href":"https:\/\/api.w.org\/{rel}","templated":true}]}}