{"id":17108,"date":"2022-05-30T11:34:52","date_gmt":"2022-05-30T09:34:52","guid":{"rendered":"https:\/\/www.raschvin.com\/vare\/r-l-seales-barbados-10-years\/"},"modified":"2022-12-02T17:35:25","modified_gmt":"2022-12-02T16:35:25","slug":"r-l-seales-barbados-10-years","status":"publish","type":"product","link":"https:\/\/www.raschvin.com\/sv\/produkt\/r-l-seales-barbados-10-years\/","title":{"rendered":"R.L Seale&#8217;s Barbados 10 Years 70 cl. 46%"},"content":{"rendered":"<p>Det finns 4 destillerier i Barbados, som alla g\u00f6r en speciell rumstil som heter &#8221;Barbados-stil.&#8221;<\/p>\n<p>Den kraftfulla och aromatiska ROM-skivan \u00e4r gjord p\u00e5 pott som fortfarande destillerar pannor som vi vet fr\u00e5n Whisky World. Den mjuka och rundade ROM-skivan \u00e4r gjord p\u00e5 mer moderna kolonndestillationsplantor. B\u00e5da typerna av Rom \u00e4r en del av den traditionella Barbados Rome Mix.<\/p>\n<p>Foursquare Destilleriet l\u00e4gger ocks\u00e5 stor vikt vid att vara milj\u00f6v\u00e4nlig och hela destilleriet \u00e4r gjord av ett italienskt verkstadsf\u00f6retag (Green Engineering) 1996. Alla organiska avfallsprodukter reng\u00f6rs och \u00e5tervinns som g\u00f6dningsmedel p\u00e5 sockerr\u00f6rmarknaderna. \u00c4ven den CO2 som bildas i fermentationsprocessen uppsamlas och reng\u00f6rs s\u00e5 att den kan anv\u00e4ndas i \u00f6l eller l\u00e4skproduktion.<\/p>\n<p>Doft.<\/p>\n<p>Extremt nutty med en full, mjuk och rundad med tips av fikon och blomkor<\/p>\n<p>Smak<\/p>\n<p>En l\u00e4cker smak av n\u00f6dkr\u00e4m med svag vanilj och torkad frukt<\/p>\n<p>Eftersmak<\/p>\n<p>En formidabel finish med tips av rostade mandlar, kanel och toffee<\/p>\n<p>Kommentar<\/p>\n<p>Ett extremt elegant utrymme. Blandningen fr\u00e4mjar anteckningar av n\u00e5got speciellt f\u00f6r Barbados: Coconut!<\/p>\n","protected":false},"excerpt":{"rendered":"<p>Finest Aged Barbados Rum<\/p>\n","protected":false},"featured_media":11951,"template":"","meta":{"_acf_changed":false,"rs_blank_template":"","rs_page_bg_color":"","slide_template_v7":""},"product_brand":[],"product_cat":[2387,4634,2391],"product_tag":[],"class_list":{"0":"post-17108","1":"product","2":"type-product","3":"status-publish","4":"has-post-thumbnail","6":"product_cat-avec-sv","7":"product_cat-premium-aged-sv","8":"product_cat-rom-sv","9":"pa_land-barbados-sv","10":"pa_procent-46-sv","11":"pa_producent-foursquare-sv","12":"pa_volume-70-sv-2","14":"first","15":"instock","16":"sale","17":"taxable","18":"shipping-taxable","19":"purchasable","20":"product-type-simple"},"bundled_by":[],"bundle_stock_status":"instock","bundle_stock_quantity":null,"bundle_virtual":false,"bundle_layout":"","bundle_add_to_cart_form_location":"","bundle_editable_in_cart":false,"bundle_sold_individually_context":"","bundle_item_grouping":"","bundle_min_size":"","bundle_max_size":"","bundle_price":[],"bundled_items":[],"bundle_sell_ids":[],"acf":[],"_links":{"self":[{"href":"https:\/\/www.raschvin.com\/sv\/wp-json\/wp\/v2\/product\/17108","targetHints":{"allow":["GET"]}}],"collection":[{"href":"https:\/\/www.raschvin.com\/sv\/wp-json\/wp\/v2\/product"}],"about":[{"href":"https:\/\/www.raschvin.com\/sv\/wp-json\/wp\/v2\/types\/product"}],"wp:featuredmedia":[{"embeddable":true,"href":"https:\/\/www.raschvin.com\/sv\/wp-json\/wp\/v2\/media\/11951"}],"wp:attachment":[{"href":"https:\/\/www.raschvin.com\/sv\/wp-json\/wp\/v2\/media?parent=17108"}],"wp:term":[{"taxonomy":"product_brand","embeddable":true,"href":"https:\/\/www.raschvin.com\/sv\/wp-json\/wp\/v2\/product_brand?post=17108"},{"taxonomy":"product_cat","embeddable":true,"href":"https:\/\/www.raschvin.com\/sv\/wp-json\/wp\/v2\/product_cat?post=17108"},{"taxonomy":"product_tag","embeddable":true,"href":"https:\/\/www.raschvin.com\/sv\/wp-json\/wp\/v2\/product_tag?post=17108"}],"curies":[{"name":"wp","href":"https:\/\/api.w.org\/{rel}","templated":true}]}}