{"id":17106,"date":"2022-05-30T11:34:52","date_gmt":"2022-05-30T09:34:52","guid":{"rendered":"https:\/\/www.raschvin.com\/vare\/rakisi-tekirdag-45-70-cl\/"},"modified":"2022-12-02T17:45:54","modified_gmt":"2022-12-02T16:45:54","slug":"rakisi-tekirdag-45-70-cl","status":"publish","type":"product","link":"https:\/\/www.raschvin.com\/sv\/produkt\/rakisi-tekirdag-45-70-cl\/","title":{"rendered":"Tekirdag Rakisi 70 cl. 45%"},"content":{"rendered":"<p>Tekirday Rakisi \u00e4r en klassisk turkisk Raki, en aromatisk andar gjorda av druvor och destillerad med anis f\u00f6r en karakteristisk s\u00f6t, anise-y-smak. Det finns m\u00e5nga s\u00e4tt att njuta av Raki, men den traditionella turkiska metoden att l\u00e5ngsamt droppa i kallt vatten f\u00f6r att g\u00f6ra det galet och sippa det som en aperitif l\u00e5ter m\u00e4ktig perfekt f\u00f6r oss.<\/p>\n","protected":false},"excerpt":{"rendered":"<p>Grape Spirits Distilled With Aniseed &#8211; Tyrkish Raki<\/p>\n","protected":false},"featured_media":11934,"template":"","meta":{"_acf_changed":false,"rs_blank_template":"","rs_page_bg_color":"","slide_template_v7":""},"product_brand":[],"product_cat":[2402,2406],"product_tag":[],"class_list":{"0":"post-17106","1":"product","2":"type-product","3":"status-publish","4":"has-post-thumbnail","6":"product_cat-sprit-sv","7":"product_cat-ouzo-raki-pastis-sv","8":"pa_land-kalkon","9":"pa_procent-45-sv","10":"pa_producent-tekirdag-sv","11":"pa_volume-70-sv-2","13":"first","14":"instock","15":"taxable","16":"shipping-taxable","17":"purchasable","18":"product-type-simple"},"bundled_by":[],"bundle_stock_status":"instock","bundle_stock_quantity":null,"bundle_virtual":false,"bundle_layout":"","bundle_add_to_cart_form_location":"","bundle_editable_in_cart":false,"bundle_sold_individually_context":"","bundle_item_grouping":"","bundle_min_size":"","bundle_max_size":"","bundle_price":[],"bundled_items":[],"bundle_sell_ids":[],"acf":[],"_links":{"self":[{"href":"https:\/\/www.raschvin.com\/sv\/wp-json\/wp\/v2\/product\/17106","targetHints":{"allow":["GET"]}}],"collection":[{"href":"https:\/\/www.raschvin.com\/sv\/wp-json\/wp\/v2\/product"}],"about":[{"href":"https:\/\/www.raschvin.com\/sv\/wp-json\/wp\/v2\/types\/product"}],"wp:featuredmedia":[{"embeddable":true,"href":"https:\/\/www.raschvin.com\/sv\/wp-json\/wp\/v2\/media\/11934"}],"wp:attachment":[{"href":"https:\/\/www.raschvin.com\/sv\/wp-json\/wp\/v2\/media?parent=17106"}],"wp:term":[{"taxonomy":"product_brand","embeddable":true,"href":"https:\/\/www.raschvin.com\/sv\/wp-json\/wp\/v2\/product_brand?post=17106"},{"taxonomy":"product_cat","embeddable":true,"href":"https:\/\/www.raschvin.com\/sv\/wp-json\/wp\/v2\/product_cat?post=17106"},{"taxonomy":"product_tag","embeddable":true,"href":"https:\/\/www.raschvin.com\/sv\/wp-json\/wp\/v2\/product_tag?post=17106"}],"curies":[{"name":"wp","href":"https:\/\/api.w.org\/{rel}","templated":true}]}}