{"id":17099,"date":"2022-05-30T11:33:32","date_gmt":"2022-05-30T09:33:32","guid":{"rendered":"https:\/\/www.raschvin.com\/vare\/teeling-whiskey-amber-ale\/"},"modified":"2022-12-08T13:42:13","modified_gmt":"2022-12-08T12:42:13","slug":"teeling-whiskey-amber-ale","status":"publish","type":"product","link":"https:\/\/www.raschvin.com\/sv\/produkt\/teeling-whiskey-amber-ale\/","title":{"rendered":"Teeling Whiskey &#8211; Amber Ale 70 cl. 46%"},"content":{"rendered":"<p>Denna utg\u00e5va \u00e4r en logisk f\u00f6ljd av det goda f\u00f6rh\u00e5llandet som dotbrygga och teeling har beh\u00e5llit i m\u00e5nga \u00e5r och en \u00f6msesidig ambition att skapa unika uttryck fulla av smak och Dublin-karakt\u00e4r.<\/p>\n<p>F\u00f6rst, Dot Brew Ex-Rom blekna fr\u00e5n Teeling, som vanligtvis anv\u00e4nds f\u00f6r liten sats f\u00f6r att g\u00f6ra sin egen teeling whisky lagrad Rav\u00f8l. N\u00e4r dessa blekna tillbaka \u00e4r de fyllda med liten sats, s\u00e5 whiskyen kan dra nytta av ytterligare mognad i dessa &#8221;rum r\u00f6da m\u00f6rka&#8221; rav\u00f8lfade.<\/p>\n<p>Rummet r\u00f6d m\u00f6rk \u00e4r en trevlig rund, balanserad \u00f6l med anteckningar av m\u00f6rk frukt, russin, kex, vanilj, karamelll och en mjuk ton av syrupy Rom. Sm\u00e5 sats har f\u00e5ngat en betydande del av smakerna och aromerna och skapade en helt unik whisky. En whisky full av naturlig karakt\u00e4r.<\/p>\n","protected":false},"excerpt":{"rendered":"<p>Non Chill Filtered Irish Whiskey<\/p>\n","protected":false},"featured_media":29546,"template":"","meta":{"_acf_changed":false,"rs_blank_template":"","rs_page_bg_color":"","slide_template_v7":""},"product_brand":[],"product_cat":[2387,4768,2392],"product_tag":[],"class_list":{"0":"post-17099","1":"product","2":"type-product","3":"status-publish","4":"has-post-thumbnail","6":"product_cat-avec-sv","7":"product_cat-irish-pot-still-sv","8":"product_cat-whisky-sv","9":"pa_land-irland-sv","10":"pa_procent-46-sv","11":"pa_producent-teeling-sv","12":"pa_region-dublin-sv","13":"pa_traefad-amber-ale-sv","14":"pa_volume-70-sv-2","16":"first","17":"outofstock","18":"sale","19":"taxable","20":"shipping-taxable","21":"purchasable","22":"product-type-simple"},"bundled_by":[],"bundle_stock_status":"outofstock","bundle_stock_quantity":null,"bundle_virtual":false,"bundle_layout":"","bundle_add_to_cart_form_location":"","bundle_editable_in_cart":false,"bundle_sold_individually_context":"","bundle_item_grouping":"","bundle_min_size":"","bundle_max_size":"","bundle_price":[],"bundled_items":[],"bundle_sell_ids":[],"acf":[],"_links":{"self":[{"href":"https:\/\/www.raschvin.com\/sv\/wp-json\/wp\/v2\/product\/17099","targetHints":{"allow":["GET"]}}],"collection":[{"href":"https:\/\/www.raschvin.com\/sv\/wp-json\/wp\/v2\/product"}],"about":[{"href":"https:\/\/www.raschvin.com\/sv\/wp-json\/wp\/v2\/types\/product"}],"wp:featuredmedia":[{"embeddable":true,"href":"https:\/\/www.raschvin.com\/sv\/wp-json\/wp\/v2\/media\/29546"}],"wp:attachment":[{"href":"https:\/\/www.raschvin.com\/sv\/wp-json\/wp\/v2\/media?parent=17099"}],"wp:term":[{"taxonomy":"product_brand","embeddable":true,"href":"https:\/\/www.raschvin.com\/sv\/wp-json\/wp\/v2\/product_brand?post=17099"},{"taxonomy":"product_cat","embeddable":true,"href":"https:\/\/www.raschvin.com\/sv\/wp-json\/wp\/v2\/product_cat?post=17099"},{"taxonomy":"product_tag","embeddable":true,"href":"https:\/\/www.raschvin.com\/sv\/wp-json\/wp\/v2\/product_tag?post=17099"}],"curies":[{"name":"wp","href":"https:\/\/api.w.org\/{rel}","templated":true}]}}