{"id":17096,"date":"2022-05-30T11:33:32","date_gmt":"2022-05-30T09:33:32","guid":{"rendered":"https:\/\/www.raschvin.com\/vare\/a-h-riise-pharmacy-bitter\/"},"modified":"2022-10-30T20:25:31","modified_gmt":"2022-10-30T19:25:31","slug":"a-h-riise-pharmacy-bitter","status":"publish","type":"product","link":"https:\/\/www.raschvin.com\/sv\/produkt\/a-h-riise-pharmacy-bitter\/","title":{"rendered":"A.H. Riise Pharmacy 1838 Bitter 70 cl. 40%"},"content":{"rendered":"<p>AH. Riise Pharmacy-serien \u00e4r skapad f\u00f6r att hedra den stolta historien om A.H. Riise apothecary hall som grundades 1838.<\/p>\n<p>Vid den tiden var den bittera en integrerad del av l\u00e4kning och utvecklad av de gamla apotekarna. Speciellt mot magen och huvudv\u00e4rk, liksom som en botemedel mot d\u00e5lig matsm\u00e4ltning.<\/p>\n<p>Med v\u00e5r bittra fr\u00e5n 1838 str\u00e4cker vi oss. Riise apotekslinje med en god bitter. Den inneh\u00e5ller extrakt fr\u00e5n botanik, kryddor och \u00f6rter som galangal rot, ingef\u00e4ra, bitter apelsin, curacaoscale och kardemumma. Dessa \u00f6rter och kryddor ger en raffinerad doft och smak, f\u00f6rst\u00e4rkt med r\u00e4tt m\u00e4ngd alkohol, vilket ger dig v\u00e4rmen n\u00e4r spetsen glider ner genom din kropp.<\/p>\n<p>A. H. Riise 1838 Bitter \u00e4r redo att fylla i morgonbr\u00e4dets roll eller ge dig den varma k\u00e4nslan i kroppen efter en utomhusaktivitet.<\/p>\n<p>Varje l\u00e4genhet \u00e4r ett bra tillf\u00e4lle att bli bortsk\u00e4md med denna l\u00e4ckra 1838 bitter.<\/p>\n","protected":false},"excerpt":{"rendered":"<p>Handcrafted 1838 Bitter<\/p>\n","protected":false},"featured_media":11852,"template":"","meta":{"_acf_changed":false,"rs_blank_template":"","rs_page_bg_color":"","slide_template_v7":""},"product_brand":[],"product_cat":[2394,2743,2407,2402],"product_tag":[],"class_list":{"0":"post-17096","1":"product","2":"type-product","3":"status-publish","4":"has-post-thumbnail","6":"product_cat-bitter-sv","7":"product_cat-brannvin-sv","8":"product_cat-shots-sv","9":"product_cat-sprit-sv","10":"pa_land-tyskland-sv","11":"pa_procent-40-sv-2","12":"pa_producent-a-h-riise-sv","13":"pa_volume-70-sv-2","15":"first","16":"instock","17":"sale","18":"taxable","19":"shipping-taxable","20":"purchasable","21":"product-type-simple"},"bundled_by":[],"bundle_stock_status":"instock","bundle_stock_quantity":null,"bundle_virtual":false,"bundle_layout":"","bundle_add_to_cart_form_location":"","bundle_editable_in_cart":false,"bundle_sold_individually_context":"","bundle_item_grouping":"","bundle_min_size":"","bundle_max_size":"","bundle_price":[],"bundled_items":[],"bundle_sell_ids":[],"acf":[],"_links":{"self":[{"href":"https:\/\/www.raschvin.com\/sv\/wp-json\/wp\/v2\/product\/17096","targetHints":{"allow":["GET"]}}],"collection":[{"href":"https:\/\/www.raschvin.com\/sv\/wp-json\/wp\/v2\/product"}],"about":[{"href":"https:\/\/www.raschvin.com\/sv\/wp-json\/wp\/v2\/types\/product"}],"wp:featuredmedia":[{"embeddable":true,"href":"https:\/\/www.raschvin.com\/sv\/wp-json\/wp\/v2\/media\/11852"}],"wp:attachment":[{"href":"https:\/\/www.raschvin.com\/sv\/wp-json\/wp\/v2\/media?parent=17096"}],"wp:term":[{"taxonomy":"product_brand","embeddable":true,"href":"https:\/\/www.raschvin.com\/sv\/wp-json\/wp\/v2\/product_brand?post=17096"},{"taxonomy":"product_cat","embeddable":true,"href":"https:\/\/www.raschvin.com\/sv\/wp-json\/wp\/v2\/product_cat?post=17096"},{"taxonomy":"product_tag","embeddable":true,"href":"https:\/\/www.raschvin.com\/sv\/wp-json\/wp\/v2\/product_tag?post=17096"}],"curies":[{"name":"wp","href":"https:\/\/api.w.org\/{rel}","templated":true}]}}