{"id":17090,"date":"2022-05-30T11:32:10","date_gmt":"2022-05-30T09:32:10","guid":{"rendered":"https:\/\/www.raschvin.com\/vare\/valedor-rum-cordial-47\/"},"modified":"2022-12-12T18:09:02","modified_gmt":"2022-12-12T17:09:02","slug":"valedor-rum-cordial-47","status":"publish","type":"product","link":"https:\/\/www.raschvin.com\/sv\/produkt\/valedor-rum-cordial-47\/","title":{"rendered":"Valedor Rum Cordial 50 cl. 47%"},"content":{"rendered":"<p>Ursprunget av hj\u00e4rtligt \u00e4r en blandning av Rom fr\u00e5n Trinidad som lagras p\u00e5 \u00d6ddy Woods, och Rom fr\u00e5n Martinique, Nicaragua och Jamaica, alla lagrade otill\u00e5tna blekna. Smaken f\u00f6rb\u00e4ttras med \u00e4kta Bourbon vanilj fr\u00e5n Madagaskar.<\/p>\n<p>Kombinationen av deras egenskaper sl\u00e4pper ut en mycket stark doft av Rom, som kan kallas en lukt av skogar och en smak med vaniljst\u00e4nger och en k\u00e4nsla av torkad frukt.<\/p>\n<p>Klar och s\u00f6t l\u00e5ng vaniljsmak.<\/p>\n<p>Njut av torr men kan ocks\u00e5 vara ett bra n\u00f6je tillsammans med en bra cigarr.<\/p>\n<p>500 ml, 47 volymprocent, guldmedalj vid ISW 2015 i Tyskland.<\/p>\n","protected":false},"excerpt":{"rendered":"<p>The Tobacco Companion<\/p>\n","protected":false},"featured_media":11807,"template":"","meta":{"_acf_changed":false,"rs_blank_template":"","rs_page_bg_color":"","slide_template_v7":""},"product_brand":[],"product_cat":[2387,2391,4634],"product_tag":[],"class_list":{"0":"post-17090","1":"product","2":"type-product","3":"status-publish","4":"has-post-thumbnail","6":"product_cat-avec-sv","7":"product_cat-rom-sv","8":"product_cat-premium-aged-sv","9":"pa_land-trinidadnicaraguamartinique-sv","10":"pa_procent-47-sv","11":"pa_producent-the-tobacco-companion-sv","12":"pa_traefad-sherry-sv","13":"pa_volume-50-sv","15":"first","16":"instock","17":"sale","18":"taxable","19":"shipping-taxable","20":"purchasable","21":"product-type-simple"},"bundled_by":[],"bundle_stock_status":"instock","bundle_stock_quantity":null,"bundle_virtual":false,"bundle_layout":"","bundle_add_to_cart_form_location":"","bundle_editable_in_cart":false,"bundle_sold_individually_context":"","bundle_item_grouping":"","bundle_min_size":"","bundle_max_size":"","bundle_price":[],"bundled_items":[],"bundle_sell_ids":[],"acf":[],"_links":{"self":[{"href":"https:\/\/www.raschvin.com\/sv\/wp-json\/wp\/v2\/product\/17090","targetHints":{"allow":["GET"]}}],"collection":[{"href":"https:\/\/www.raschvin.com\/sv\/wp-json\/wp\/v2\/product"}],"about":[{"href":"https:\/\/www.raschvin.com\/sv\/wp-json\/wp\/v2\/types\/product"}],"wp:featuredmedia":[{"embeddable":true,"href":"https:\/\/www.raschvin.com\/sv\/wp-json\/wp\/v2\/media\/11807"}],"wp:attachment":[{"href":"https:\/\/www.raschvin.com\/sv\/wp-json\/wp\/v2\/media?parent=17090"}],"wp:term":[{"taxonomy":"product_brand","embeddable":true,"href":"https:\/\/www.raschvin.com\/sv\/wp-json\/wp\/v2\/product_brand?post=17090"},{"taxonomy":"product_cat","embeddable":true,"href":"https:\/\/www.raschvin.com\/sv\/wp-json\/wp\/v2\/product_cat?post=17090"},{"taxonomy":"product_tag","embeddable":true,"href":"https:\/\/www.raschvin.com\/sv\/wp-json\/wp\/v2\/product_tag?post=17090"}],"curies":[{"name":"wp","href":"https:\/\/api.w.org\/{rel}","templated":true}]}}