{"id":17087,"date":"2022-05-30T11:32:10","date_gmt":"2022-05-30T09:32:10","guid":{"rendered":"https:\/\/www.raschvin.com\/vare\/roku-gin-6-43\/"},"modified":"2022-12-03T07:16:58","modified_gmt":"2022-12-03T06:16:58","slug":"roku-gin-6-43","status":"publish","type":"product","link":"https:\/\/www.raschvin.com\/sv\/produkt\/roku-gin-6-43\/","title":{"rendered":"Roku Gin 6 &#8211; 70 cl. 43%"},"content":{"rendered":"<p>Roku \u00e4r det japanska ordet f\u00f6r &#8221;6&#8221;. I varje flaska Roku Gin hittar du sex mycket speciella botaniska \u00e4mnen som odlas i Japans vackra natur \u00f6ver de fyra s\u00e4songerna: Sakura blomma, Sakura blad, Yuzu Peel, Sensha te (gr\u00f6nt te), Gyokuro te (raffinerat gr\u00f6nt te) och sansh\u014d peppar. De sex japanska botanikerna v\u00e4ljs noggrant f\u00f6r att skapa Roku Gin, vilket \u00e4r sant japanskt hantverk.<\/p>\n<p>K\u00f6rsb\u00e4rsblomningar och gr\u00f6nt te ger gin s\u00f6tnos och blommiga aromer. Smaken \u00e4r komplex och i perfekt harmoni mellan den klassiska ginmag och smaken av de speciella japanska botanikerna. Den har en mjuk och fl\u00e4tig struktur. Crisp sansho peppar ger eftersmak en kryddig touch.<\/p>\n<p>Njut av Roku Gin med premium tonic och en skiva f\u00e4rsk ingef\u00e4ra.<\/p>\n<p>70 cl. \/ 43%<\/p>\n<p>Torii Shoten Store, suntoryens f\u00f6reg\u00e5ngare, \u00f6ppnade 1899 som ett resultat av Young Shinjiro Torii&#8217;s Dream f\u00f6r att skapa originella japanska andar, som hela v\u00e4rlden kan njuta av, unikt gjord av Japans natur och m\u00e4nniskor.<\/p>\n<p>Shinjiro var bara 20 \u00e5r och \u00f6vertr\u00e4ffade flera sv\u00e5righeter f\u00f6r att f\u00e5 sin dr\u00f6m att bli sann. Shinjiro och hans eftertr\u00e4dare arbetade h\u00e5rt f\u00f6r att bygga en stor kunskap om destillationen av alkohol. Skapandet och perfektion av Roku bygger p\u00e5 mer \u00e4n 100 \u00e5rs expertis och dr\u00f6mmar.<\/p>\n","protected":false},"excerpt":{"rendered":"<p>The Japanese Craft Gin &#8211; Distilled in Japan<\/p>\n","protected":false},"featured_media":11777,"template":"","meta":{"_acf_changed":false,"rs_blank_template":"","rs_page_bg_color":"","slide_template_v7":""},"product_brand":[],"product_cat":[2402,2404,4711],"product_tag":[],"class_list":{"0":"post-17087","1":"product","2":"type-product","3":"status-publish","4":"has-post-thumbnail","6":"product_cat-sprit-sv","7":"product_cat-gin-sv","8":"product_cat-andra-gins","9":"pa_land-japan-sv","10":"pa_procent-43-sv","11":"pa_producent-suntory-sv","12":"pa_volume-70-sv-2","14":"first","15":"instock","16":"sale","17":"taxable","18":"shipping-taxable","19":"purchasable","20":"product-type-simple"},"bundled_by":[],"bundle_stock_status":"instock","bundle_stock_quantity":null,"bundle_virtual":false,"bundle_layout":"","bundle_add_to_cart_form_location":"","bundle_editable_in_cart":false,"bundle_sold_individually_context":"","bundle_item_grouping":"","bundle_min_size":"","bundle_max_size":"","bundle_price":[],"bundled_items":[],"bundle_sell_ids":[],"acf":[],"_links":{"self":[{"href":"https:\/\/www.raschvin.com\/sv\/wp-json\/wp\/v2\/product\/17087","targetHints":{"allow":["GET"]}}],"collection":[{"href":"https:\/\/www.raschvin.com\/sv\/wp-json\/wp\/v2\/product"}],"about":[{"href":"https:\/\/www.raschvin.com\/sv\/wp-json\/wp\/v2\/types\/product"}],"wp:featuredmedia":[{"embeddable":true,"href":"https:\/\/www.raschvin.com\/sv\/wp-json\/wp\/v2\/media\/11777"}],"wp:attachment":[{"href":"https:\/\/www.raschvin.com\/sv\/wp-json\/wp\/v2\/media?parent=17087"}],"wp:term":[{"taxonomy":"product_brand","embeddable":true,"href":"https:\/\/www.raschvin.com\/sv\/wp-json\/wp\/v2\/product_brand?post=17087"},{"taxonomy":"product_cat","embeddable":true,"href":"https:\/\/www.raschvin.com\/sv\/wp-json\/wp\/v2\/product_cat?post=17087"},{"taxonomy":"product_tag","embeddable":true,"href":"https:\/\/www.raschvin.com\/sv\/wp-json\/wp\/v2\/product_tag?post=17087"}],"curies":[{"name":"wp","href":"https:\/\/api.w.org\/{rel}","templated":true}]}}