{"id":17077,"date":"2022-05-30T11:30:54","date_gmt":"2022-05-30T09:30:54","guid":{"rendered":"https:\/\/www.raschvin.com\/vare\/hampden-estate-8-years-46\/"},"modified":"2022-11-18T15:22:13","modified_gmt":"2022-11-18T14:22:13","slug":"hampden-estate-8-years-46","status":"publish","type":"product","link":"https:\/\/www.raschvin.com\/sv\/produkt\/hampden-estate-8-years-46\/","title":{"rendered":"Hampden Estate &#8211; 8 Years 70 cl. 46%"},"content":{"rendered":"<p>Hampden Estate 8 \u00e5r gammal \u00e4r en jamaicansk Rom fr\u00e5n en av Karibiens \u00e4ldsta och mest k\u00e4nda destillerier. P\u00e5 Hampden produceras en karakteristisk, fruktig och kraftig stil, vilket \u00e4r mycket \u00e4lskad av andar \u00f6ver hela v\u00e4rlden. Denna nya, officiella Hampden-tappning har tickat i alla r\u00e4tt f\u00e4lt: Rummet \u00e4r lagrat uteslutande i tropikerna (8 \u00e5r) och tappas till 46% alkohol utan tillsats av socker eller f\u00e4rg\u00e4mne &#8211; det \u00e4r sv\u00e5rt att komma n\u00e4rmare Rom- Nirvana!<\/p>\n<p>F\u00e4rg: Djupt guld.<br \/>\nDoft: framf\u00f6r finns fadnotes som br\u00e4nd ek, vanilj och nellike. Bakom de karakteristiska anteckningarna av tropisk frukt, men beh\u00e4rskas f\u00f6r en hemth.<br \/>\nSmak Anm\u00e4rkningar: Br\u00e4nd banan, vanilj och ananas. Ocks\u00e5 snyggt med amerikansk ek i den l\u00e5nga eftersmaken.<\/p>\n<p>Serveringsf\u00f6rslag: \u00e5tnjutit ren eller i cocktails &#8211; om du kan ninne det!<\/p>\n<p>Ljudet av namnet &#8221;Velier&#8221; f\u00e5r en mycket speciell k\u00e4nsla fram\u00e5t med Roma. Ganging, masterminded f\u00f6rvaltar sig bakom f\u00f6retaget, Luca Gargano, att chocka och krypa romv\u00e4rlden med utg\u00e5vor som s\u00e4tter nya standarder f\u00f6r kvalitet, \u00f6ppenhet och nerdrus.<\/p>\n<p>Velierens rykte f\u00f6r exceptionell kvalitet \u00e4r redan cementerad i &#8221;00s med en p\u00e4rla av kompromissl\u00f6s Demerara-Rom. Dessa flaskor \u00e4r idag h\u00f6jden av kol och byter \u00e4gare f\u00f6r astronomiska summor p\u00e5 andauktioner \u00f6ver hela v\u00e4rlden. Senare har f\u00f6retaget blivit k\u00e4nt f\u00f6r tropiska lagrade CARONI, en speciell ROM fr\u00e5n ett nu st\u00e4ngt destilleri p\u00e5 Trinidad, med anteckningar av r\u00f6k, tj\u00e4ra och bacon. En &#8221;f\u00f6rv\u00e4rvad smak&#8221; men n\u00e4r du har det &#8230;<\/p>\n<p>Tillsammans med Foursquares Richard Seaing, Luca stadigt (och h\u00f6gt) mots\u00e4tter sig tillsatser eller fuskar med \u00e5ldersbeteckningar, och st\u00e4ller d\u00e4rf\u00f6r till Veliers senaste serie Rom, Habitacion Velier, Transparency Paramount. P\u00e5 etiketten utsatte stolt detalj p\u00e5 produktion, fr\u00e5n &#8221;Angel&#8217;s Share&#8221; f\u00f6r Ester Content.<\/p>\n","protected":false},"excerpt":{"rendered":"<p>Pure Single Jamaica Rum<\/p>\n","protected":false},"featured_media":11725,"template":"","meta":{"_acf_changed":false,"rs_blank_template":"","rs_page_bg_color":"","slide_template_v7":""},"product_brand":[],"product_cat":[2387,4634,2391],"product_tag":[],"class_list":{"0":"post-17077","1":"product","2":"type-product","3":"status-publish","4":"has-post-thumbnail","6":"product_cat-avec-sv","7":"product_cat-premium-aged-sv","8":"product_cat-rom-sv","9":"pa_land-jamaica-sv","10":"pa_procent-46-sv","11":"pa_producent-hampden-sv","12":"pa_volume-70-sv-2","14":"first","15":"instock","16":"sale","17":"taxable","18":"shipping-taxable","19":"purchasable","20":"product-type-simple"},"bundled_by":[],"bundle_stock_status":"instock","bundle_stock_quantity":null,"bundle_virtual":false,"bundle_layout":"","bundle_add_to_cart_form_location":"","bundle_editable_in_cart":false,"bundle_sold_individually_context":"","bundle_item_grouping":"","bundle_min_size":"","bundle_max_size":"","bundle_price":[],"bundled_items":[],"bundle_sell_ids":[],"acf":[],"_links":{"self":[{"href":"https:\/\/www.raschvin.com\/sv\/wp-json\/wp\/v2\/product\/17077","targetHints":{"allow":["GET"]}}],"collection":[{"href":"https:\/\/www.raschvin.com\/sv\/wp-json\/wp\/v2\/product"}],"about":[{"href":"https:\/\/www.raschvin.com\/sv\/wp-json\/wp\/v2\/types\/product"}],"wp:featuredmedia":[{"embeddable":true,"href":"https:\/\/www.raschvin.com\/sv\/wp-json\/wp\/v2\/media\/11725"}],"wp:attachment":[{"href":"https:\/\/www.raschvin.com\/sv\/wp-json\/wp\/v2\/media?parent=17077"}],"wp:term":[{"taxonomy":"product_brand","embeddable":true,"href":"https:\/\/www.raschvin.com\/sv\/wp-json\/wp\/v2\/product_brand?post=17077"},{"taxonomy":"product_cat","embeddable":true,"href":"https:\/\/www.raschvin.com\/sv\/wp-json\/wp\/v2\/product_cat?post=17077"},{"taxonomy":"product_tag","embeddable":true,"href":"https:\/\/www.raschvin.com\/sv\/wp-json\/wp\/v2\/product_tag?post=17077"}],"curies":[{"name":"wp","href":"https:\/\/api.w.org\/{rel}","templated":true}]}}