{"id":17076,"date":"2022-05-30T11:30:54","date_gmt":"2022-05-30T09:30:54","guid":{"rendered":"https:\/\/www.raschvin.com\/vare\/albert-bichot-marc-de-ladoration\/"},"modified":"2023-03-11T08:47:51","modified_gmt":"2023-03-11T07:47:51","slug":"albert-bichot-marc-de-ladoration","status":"publish","type":"product","link":"https:\/\/www.raschvin.com\/sv\/produkt\/albert-bichot-marc-de-ladoration\/","title":{"rendered":"Albert Bichot Marc de l\u2019Adoration 70 cl. 44%"},"content":{"rendered":"<p>Marc de l&#8217;tillbedjan \u00e4r gjord av de druvor som inte anv\u00e4nds f\u00f6r vinframst\u00e4llning. De pressas f\u00f6rsiktigt, fermenteras och lagras sedan i tankar utan luft och ljus i ca. Tv\u00e5 m\u00e5nader. Marc destilleras sedan i traditionella, burgundiska kopparkedjor. Destillationen forts\u00e4tter av erfarna, oberoende destillerier som tar fr\u00e5n ving\u00e5rd till ving\u00e5rd f\u00f6r att destillera och utf\u00f6ra sitt arbete med know-how, som har g\u00e5tt ner i arv fr\u00e5n far till son i flera generationer. Sedan kommer en l\u00e5ng period n\u00e4r destillatet lagras p\u00e5 ekfat.<\/p>\n<p>En noggrann destillation, l\u00e5ng lagring och ett skickligt arbete med att blanda de olika destillatorerna ger Marc de l&#8217;adororation all sin rikedom och komplexitet. En sekel tradition bevaras genom alla faser som ing\u00e5r i produktionen av Maison Albert Bichots Marc de l&#8217;adorationed.<\/p>\n<p>Denna Marc har en trevlig gyllene f\u00e4rg, och det drar gardiner runt glaset. Doften har anteckningar av druvmust och f\u00e4rsk h\u00f6.<\/p>\n<p>Smaken b\u00f6rjar varm och gener\u00f6s, men \u00e4r fortfarande full av finess och frukttrudge. Den har en h\u00e4rlig balans och stroke av ek maskerar inte Marc de l&#8217;tillbedjan sf\u00e4riska anteckningar.<\/p>\n<p>Marc de l&#8217;tillbedjan kan avnjutas vid rumstemperatur och \u00e4r perfekt som slutet p\u00e5 en god middag.<\/p>\n<p>70 cl.\/44%<\/p>\n<p>Vinfirma Maison Albert Bichot grundades av Bernard Bichot 1831 i den lilla staden Monthenelie. Idag, den sj\u00e4tte generationen som driver f\u00f6retaget, som \u00e4r inrymt i Beaune strax utanf\u00f6r stadsmuren. Bichot representerar f\u00e4lt \u00f6verallt i Bourgogne och idag \u00e4r en av de st\u00f6rsta burgundiga export\u00f6rerna. Dessutom \u00e4ger Bichot tre h\u00f6gt respekterade dom\u00e4ner: Domaine Long-dephus i Chablis, Domaine du Clos Frantin i Nuits-Saint-Georges och Domaine du Pavillon i Pavillon.<\/p>\n<p>Under de senaste \u00e5ren har Maison Albert Bichot genomg\u00e5tt en generationsf\u00f6r\u00e4ndring, inte bara i f\u00f6retagets ledning utan ocks\u00e5 genom hela byggnaden kring vinodling och vinning.<\/p>\n","protected":false},"excerpt":{"rendered":"<p>Marc de Bourgogne<\/p>\n","protected":false},"featured_media":11721,"template":"","meta":{"_acf_changed":false,"rs_blank_template":"","rs_page_bg_color":"","slide_template_v7":""},"product_brand":[],"product_cat":[2388,2387],"product_tag":[],"class_list":{"0":"post-17076","1":"product","2":"type-product","3":"status-publish","4":"has-post-thumbnail","6":"product_cat-armagnac-marc-sv","7":"product_cat-avec-sv","8":"pa_land-frankrike","9":"pa_procent-44-sv","10":"pa_producent-albert-bichot-sv","11":"pa_region-bourgogne-sv","12":"pa_volume-70-sv-2","14":"first","15":"instock","16":"taxable","17":"shipping-taxable","18":"purchasable","19":"product-type-simple"},"bundled_by":[],"bundle_stock_status":"instock","bundle_stock_quantity":null,"bundle_virtual":false,"bundle_layout":"","bundle_add_to_cart_form_location":"","bundle_editable_in_cart":false,"bundle_sold_individually_context":"","bundle_item_grouping":"","bundle_min_size":"","bundle_max_size":"","bundle_price":[],"bundled_items":[],"bundle_sell_ids":[],"acf":[],"_links":{"self":[{"href":"https:\/\/www.raschvin.com\/sv\/wp-json\/wp\/v2\/product\/17076","targetHints":{"allow":["GET"]}}],"collection":[{"href":"https:\/\/www.raschvin.com\/sv\/wp-json\/wp\/v2\/product"}],"about":[{"href":"https:\/\/www.raschvin.com\/sv\/wp-json\/wp\/v2\/types\/product"}],"wp:featuredmedia":[{"embeddable":true,"href":"https:\/\/www.raschvin.com\/sv\/wp-json\/wp\/v2\/media\/11721"}],"wp:attachment":[{"href":"https:\/\/www.raschvin.com\/sv\/wp-json\/wp\/v2\/media?parent=17076"}],"wp:term":[{"taxonomy":"product_brand","embeddable":true,"href":"https:\/\/www.raschvin.com\/sv\/wp-json\/wp\/v2\/product_brand?post=17076"},{"taxonomy":"product_cat","embeddable":true,"href":"https:\/\/www.raschvin.com\/sv\/wp-json\/wp\/v2\/product_cat?post=17076"},{"taxonomy":"product_tag","embeddable":true,"href":"https:\/\/www.raschvin.com\/sv\/wp-json\/wp\/v2\/product_tag?post=17076"}],"curies":[{"name":"wp","href":"https:\/\/api.w.org\/{rel}","templated":true}]}}