{"id":17071,"date":"2022-05-30T11:29:29","date_gmt":"2022-05-30T09:29:29","guid":{"rendered":"https:\/\/www.raschvin.com\/vare\/mozart-white-strawberry-17\/"},"modified":"2022-11-28T18:44:48","modified_gmt":"2022-11-28T17:44:48","slug":"mozart-white-strawberry-17","status":"publish","type":"product","link":"https:\/\/www.raschvin.com\/sv\/produkt\/mozart-white-strawberry-17\/","title":{"rendered":"Mozart White Chocolate Cream Strawberry 50 cl. 17%"},"content":{"rendered":"<p>Internationellt vin och sprit t\u00e4vlingar\u00f8lv<br \/>\nMozart White Chocolate Strawberry Cream Liqueur \u00e4r en enkel och kr\u00e4mig lik\u00f6r med anteckningar av fruktig jordgubbe, vit choklad och eleganta anteckningar av vanilj. Den \u00e4r gjord p\u00e5 naturliga ingredienser som belgisk choklad och f\u00e4rsk gr\u00e4dde. Lik\u00f6ren \u00e4r en \u00f6sterrikisk specialitet, handgjord med k\u00e4rlek i \u00d6sterrike.<\/p>\n<p>Mozart vit choklad jordgubbe kr\u00e4mlik\u00f6r kan avnjutas iskall, med isbitar eller i drycker och cocktails.<\/p>\n<p>Premier<br \/>\n\u2022 Silver | Spirits Business 2020<br \/>\n\u2022 Silver | International Wine &#038; Spirit Competition 2020<br \/>\n\u2022 brons | Internationella Spirit Challenge 2020<br \/>\n\u2022 guld | World Spirits Award 2020<\/p>\n<p>F\u00f6rslag<br \/>\nChoklad sommargl\u00e4dje.<br \/>\n&#8211; 3 cl mozart vit choklad jordgubbe gr\u00e4dde lik\u00f6r<br \/>\n&#8211; 2 cl kvastager<br \/>\n&#8211; 1 cl whisky<br \/>\n&#8211; 3 cl cream<br \/>\n&#8211; Isbitar<br \/>\n&#8211; Fresh Blackberry<br \/>\n&#8211; Cocktail<\/p>\n<p>Handlingsplan:<br \/>\nBlanda alla ingredienser (f\u00f6rutom de f\u00e4rska bj\u00f6rnb\u00e4ren) med isbitar i en skakapparat och skaka v\u00e4l. Si cocktail i ett tumblerglas med nya isbitar. Placera en cocktailpinne med f\u00e4rsk bj\u00f6rnb\u00e4r p\u00e5 glaset och servera.<\/p>\n","protected":false},"excerpt":{"rendered":"<p>Premium Chocolate Liqueur<\/p>\n","protected":false},"featured_media":11674,"template":"","meta":{"_acf_changed":false,"rs_blank_template":"","rs_page_bg_color":"","slide_template_v7":""},"product_brand":[],"product_cat":[2387,2390,4673,4676],"product_tag":[],"class_list":{"0":"post-17071","1":"product","2":"type-product","3":"status-publish","4":"has-post-thumbnail","6":"product_cat-avec-sv","7":"product_cat-sprit","8":"product_cat-creme-sv","9":"product_cat-choklad","10":"pa_land-oesterrike","11":"pa_procent-17-sv","12":"pa_producent-mozart-destillerie-sv","13":"pa_region-salzburg-sv","14":"pa_volume-50-sv","16":"first","17":"instock","18":"taxable","19":"shipping-taxable","20":"purchasable","21":"product-type-simple"},"bundled_by":[],"bundle_stock_status":"instock","bundle_stock_quantity":null,"bundle_virtual":false,"bundle_layout":"","bundle_add_to_cart_form_location":"","bundle_editable_in_cart":false,"bundle_sold_individually_context":"","bundle_item_grouping":"","bundle_min_size":"","bundle_max_size":"","bundle_price":[],"bundled_items":[],"bundle_sell_ids":[],"acf":[],"_links":{"self":[{"href":"https:\/\/www.raschvin.com\/sv\/wp-json\/wp\/v2\/product\/17071","targetHints":{"allow":["GET"]}}],"collection":[{"href":"https:\/\/www.raschvin.com\/sv\/wp-json\/wp\/v2\/product"}],"about":[{"href":"https:\/\/www.raschvin.com\/sv\/wp-json\/wp\/v2\/types\/product"}],"wp:featuredmedia":[{"embeddable":true,"href":"https:\/\/www.raschvin.com\/sv\/wp-json\/wp\/v2\/media\/11674"}],"wp:attachment":[{"href":"https:\/\/www.raschvin.com\/sv\/wp-json\/wp\/v2\/media?parent=17071"}],"wp:term":[{"taxonomy":"product_brand","embeddable":true,"href":"https:\/\/www.raschvin.com\/sv\/wp-json\/wp\/v2\/product_brand?post=17071"},{"taxonomy":"product_cat","embeddable":true,"href":"https:\/\/www.raschvin.com\/sv\/wp-json\/wp\/v2\/product_cat?post=17071"},{"taxonomy":"product_tag","embeddable":true,"href":"https:\/\/www.raschvin.com\/sv\/wp-json\/wp\/v2\/product_tag?post=17071"}],"curies":[{"name":"wp","href":"https:\/\/api.w.org\/{rel}","templated":true}]}}