{"id":17070,"date":"2022-05-30T11:29:29","date_gmt":"2022-05-30T09:29:29","guid":{"rendered":"https:\/\/www.raschvin.com\/vare\/mozart-white-vanilla-17\/"},"modified":"2024-06-12T09:25:09","modified_gmt":"2024-06-12T07:25:09","slug":"mozart-white-vanilla-17","status":"publish","type":"product","link":"https:\/\/www.raschvin.com\/sv\/produkt\/mozart-white-vanilla-17\/","title":{"rendered":"Mozart Chocolate White 50 cl. 17%"},"content":{"rendered":"<p>Internationella sprit Challenge\u00f8lv<br \/>\nMozart White Chocolate Vanilla Cream Liqueur \u00e4r en god lik\u00f6r med en l\u00e4tt konsistens och elegant integrerade anteckningar av aromatisk vanilj, l\u00e4ckra karamelll och varma \u00f6vertoner av vit choklad samt en antydan av andar. Den \u00e4r gjord p\u00e5 naturliga ingredienser som belgisk choklad och f\u00e4rsk gr\u00e4dde. Lik\u00f6ren \u00e4r en \u00f6sterrikisk specialitet, handgjord med k\u00e4rlek i \u00d6sterrike.<\/p>\n<p>Mozart vit choklad vaniljkr\u00e4mlik\u00f6r kan avnjutas iskall, med isbitar, kaffe, kakao eller i drycker och cocktails.<\/p>\n<p>Premier<br \/>\n\u2022 Silver | Spirits Business 2020<br \/>\n\u2022 brons | International Wine &#038; Spirit Competition 2020<br \/>\n\u2022 Silver | Internationella Spirit Challenge 2020<br \/>\n\u2022 guld | DLG 2020.<br \/>\n\u2022 guld | World Spirits Award 2020<\/p>\n<p>F\u00f6rslag<br \/>\nCaramel Cookie varm choklad<br \/>\n&#8211; 5 cl mozart vit choklad vaniljkr\u00e4m v\u00e4tskaur<br \/>\n&#8211; 10 cl helmj\u00f6lk<br \/>\n&#8211; 3 cl. CARAMEL SIPRUP<br \/>\n&#8211; Vispgr\u00e4dde<\/p>\n<p>Handlingsplan:<br \/>\nV\u00e4rma helmj\u00f6lk och karamelllsirap. H\u00e4ll i ett fint glas som \u00e4r l\u00e4mpligt f\u00f6r att servera varma drycker. L\u00e4gg till Mozart White Chocolate Vanilla Cream Liquueur och r\u00f6r om v\u00e4l. Topp med vispad gr\u00e4dde och karamelllirap och servera.<\/p>\n","protected":false},"excerpt":{"rendered":"<p>Premium Chocolate Liqueur<\/p>\n","protected":false},"featured_media":57439,"template":"","meta":{"_acf_changed":false,"rs_blank_template":"","rs_page_bg_color":"","slide_template_v7":""},"product_brand":[],"product_cat":[2387,4676,4673,2390],"product_tag":[],"class_list":{"0":"post-17070","1":"product","2":"type-product","3":"status-publish","4":"has-post-thumbnail","6":"product_cat-avec-sv","7":"product_cat-choklad","8":"product_cat-creme-sv","9":"product_cat-sprit","10":"pa_land-oesterrike","11":"pa_procent-17-sv","12":"pa_producent-mozart-destillerie-sv","13":"pa_region-salzburg-sv","14":"pa_volume-50-sv","16":"first","17":"instock","18":"taxable","19":"shipping-taxable","20":"purchasable","21":"product-type-simple"},"bundled_by":[],"bundle_stock_status":"instock","bundle_stock_quantity":null,"bundle_virtual":false,"bundle_layout":"","bundle_add_to_cart_form_location":"","bundle_editable_in_cart":false,"bundle_sold_individually_context":"","bundle_item_grouping":"","bundle_min_size":"","bundle_max_size":"","bundle_price":[],"bundled_items":[],"bundle_sell_ids":[],"acf":[],"_links":{"self":[{"href":"https:\/\/www.raschvin.com\/sv\/wp-json\/wp\/v2\/product\/17070","targetHints":{"allow":["GET"]}}],"collection":[{"href":"https:\/\/www.raschvin.com\/sv\/wp-json\/wp\/v2\/product"}],"about":[{"href":"https:\/\/www.raschvin.com\/sv\/wp-json\/wp\/v2\/types\/product"}],"wp:featuredmedia":[{"embeddable":true,"href":"https:\/\/www.raschvin.com\/sv\/wp-json\/wp\/v2\/media\/57439"}],"wp:attachment":[{"href":"https:\/\/www.raschvin.com\/sv\/wp-json\/wp\/v2\/media?parent=17070"}],"wp:term":[{"taxonomy":"product_brand","embeddable":true,"href":"https:\/\/www.raschvin.com\/sv\/wp-json\/wp\/v2\/product_brand?post=17070"},{"taxonomy":"product_cat","embeddable":true,"href":"https:\/\/www.raschvin.com\/sv\/wp-json\/wp\/v2\/product_cat?post=17070"},{"taxonomy":"product_tag","embeddable":true,"href":"https:\/\/www.raschvin.com\/sv\/wp-json\/wp\/v2\/product_tag?post=17070"}],"curies":[{"name":"wp","href":"https:\/\/api.w.org\/{rel}","templated":true}]}}