{"id":17068,"date":"2022-05-30T11:29:29","date_gmt":"2022-05-30T09:29:29","guid":{"rendered":"https:\/\/www.raschvin.com\/vare\/mozart-dark-17\/"},"modified":"2024-06-12T09:31:30","modified_gmt":"2024-06-12T07:31:30","slug":"mozart-dark-17","status":"publish","type":"product","link":"https:\/\/www.raschvin.com\/sv\/produkt\/mozart-dark-17\/","title":{"rendered":"Mozart Chocolate Dark 50 cl. 17%"},"content":{"rendered":"<p>Internationellt vin och sprit t\u00e4vlingar\u00f8lv<br \/>\nMozart Dark Chocolate Cream Liqueur \u00e4r en vegan, laktosfri och glutenfri lik\u00f6r med m\u00f6rka, kryddiga anteckningar av kakaob\u00f6nor och m\u00f6rk choklad med en touch av vanilj, karamelll och toffee.<\/p>\n<p>Lik\u00f6ren \u00e4r gjord p\u00e5 naturliga ingredienser som belgisk choklad. Det \u00e4r en \u00f6sterrikisk specialitet, handgjord med k\u00e4rlek i \u00d6sterrike.<\/p>\n<p>Mozart m\u00f6rk chokladkr\u00e4mlik\u00f6r kan avnjutas iskall, med isbitar, kaffe, kakao eller i drycker och cocktails.<\/p>\n<p>Premier<br \/>\n\u2022 guld | Spirits Business 2020<br \/>\n\u2022 Silver | World Liquuuur Awards 2020<br \/>\n\u2022 Silver | International Wine &#038; Spirit Competition 2020<br \/>\n\u2022 guld | Meiningers internationella spritpris 2020<br \/>\n\u2022 brons | Internationella Spirit Challenge 2020<br \/>\n\u2022 guld | DLG 2020.<br \/>\n\u2022 guld | World Spirits Award 2020<\/p>\n<p>F\u00f6rslag<br \/>\nChoklad gammaldags.<br \/>\n&#8211; 2 cl mozart m\u00f6rk chokladkr\u00e4m v\u00e4tskaur<br \/>\n&#8211; 5 cl bourbon whisky<br \/>\n&#8211; 0,5 cl.-sockersirap<br \/>\n&#8211; 3 st\u00e4nk av bitter<br \/>\n&#8211; Isbitar<br \/>\n&#8211; apelsinskal<\/p>\n<p>Prestanda:<br \/>\nBlanda alla ingredienser (f\u00f6rutom apelsinskal) i ett tumblerglas med isbitar och r\u00f6r om med en h\u00e5rd. Dekorera med apelsinskal och servera.<\/p>\n","protected":false},"excerpt":{"rendered":"<p>Premium Chocolate Liqueur <\/p>\n","protected":false},"featured_media":57576,"template":"","meta":{"_acf_changed":false,"rs_blank_template":"","rs_page_bg_color":"","slide_template_v7":""},"product_brand":[],"product_cat":[2387,4676,2390],"product_tag":[],"class_list":{"0":"post-17068","1":"product","2":"type-product","3":"status-publish","4":"has-post-thumbnail","6":"product_cat-avec-sv","7":"product_cat-choklad","8":"product_cat-sprit","9":"pa_land-oesterrike","10":"pa_procent-17-sv","11":"pa_producent-mozart-destillerie-sv","12":"pa_region-salzburg-sv","13":"pa_volume-50-sv","15":"first","16":"instock","17":"taxable","18":"shipping-taxable","19":"purchasable","20":"product-type-simple"},"bundled_by":[],"bundle_stock_status":"instock","bundle_stock_quantity":null,"bundle_virtual":false,"bundle_layout":"","bundle_add_to_cart_form_location":"","bundle_editable_in_cart":false,"bundle_sold_individually_context":"","bundle_item_grouping":"","bundle_min_size":"","bundle_max_size":"","bundle_price":[],"bundled_items":[],"bundle_sell_ids":[],"acf":[],"_links":{"self":[{"href":"https:\/\/www.raschvin.com\/sv\/wp-json\/wp\/v2\/product\/17068","targetHints":{"allow":["GET"]}}],"collection":[{"href":"https:\/\/www.raschvin.com\/sv\/wp-json\/wp\/v2\/product"}],"about":[{"href":"https:\/\/www.raschvin.com\/sv\/wp-json\/wp\/v2\/types\/product"}],"wp:featuredmedia":[{"embeddable":true,"href":"https:\/\/www.raschvin.com\/sv\/wp-json\/wp\/v2\/media\/57576"}],"wp:attachment":[{"href":"https:\/\/www.raschvin.com\/sv\/wp-json\/wp\/v2\/media?parent=17068"}],"wp:term":[{"taxonomy":"product_brand","embeddable":true,"href":"https:\/\/www.raschvin.com\/sv\/wp-json\/wp\/v2\/product_brand?post=17068"},{"taxonomy":"product_cat","embeddable":true,"href":"https:\/\/www.raschvin.com\/sv\/wp-json\/wp\/v2\/product_cat?post=17068"},{"taxonomy":"product_tag","embeddable":true,"href":"https:\/\/www.raschvin.com\/sv\/wp-json\/wp\/v2\/product_tag?post=17068"}],"curies":[{"name":"wp","href":"https:\/\/api.w.org\/{rel}","templated":true}]}}