{"id":17065,"date":"2022-05-30T11:29:29","date_gmt":"2022-05-30T09:29:29","guid":{"rendered":"https:\/\/www.raschvin.com\/vare\/bols-raspberry-liqueur\/"},"modified":"2022-10-29T09:37:53","modified_gmt":"2022-10-29T07:37:53","slug":"bols-raspberry-liqueur","status":"publish","type":"product","link":"https:\/\/www.raschvin.com\/sv\/produkt\/bols-raspberry-liqueur\/","title":{"rendered":"Bols Raspberry Liqueur 50 cl. 17%"},"content":{"rendered":"<p>Bols hallon \u00e4r en djup lik\u00f6r gjord med extrakt fr\u00e5n \u00e4kta hallon. Den intensiva v\u00e4tskan bidrar med en l\u00e4tt och mycket m\u00e4rkt hallonsmak, som med citrusnoter l\u00e5ngsamt blir surt.<\/p>\n","protected":false},"excerpt":{"rendered":"<p>Product of Holland Amsterdam Since 1575<\/p>\n","protected":false},"featured_media":11605,"template":"","meta":{"_acf_changed":false,"rs_blank_template":"","rs_page_bg_color":"","slide_template_v7":""},"product_brand":[],"product_cat":[2387,2390,4670],"product_tag":[],"class_list":{"0":"post-17065","1":"product","2":"type-product","3":"status-publish","4":"has-post-thumbnail","6":"product_cat-avec-sv","7":"product_cat-sprit","8":"product_cat-frukt","9":"pa_land-nederlaenderna","10":"pa_procent-17-sv","11":"pa_producent-bols-sv","12":"pa_region-amsterdam-sv","13":"pa_volume-50-sv","15":"first","16":"instock","17":"taxable","18":"shipping-taxable","19":"purchasable","20":"product-type-simple"},"bundled_by":[],"bundle_stock_status":"instock","bundle_stock_quantity":null,"bundle_virtual":false,"bundle_layout":"","bundle_add_to_cart_form_location":"","bundle_editable_in_cart":false,"bundle_sold_individually_context":"","bundle_item_grouping":"","bundle_min_size":"","bundle_max_size":"","bundle_price":[],"bundled_items":[],"bundle_sell_ids":[],"acf":[],"_links":{"self":[{"href":"https:\/\/www.raschvin.com\/sv\/wp-json\/wp\/v2\/product\/17065","targetHints":{"allow":["GET"]}}],"collection":[{"href":"https:\/\/www.raschvin.com\/sv\/wp-json\/wp\/v2\/product"}],"about":[{"href":"https:\/\/www.raschvin.com\/sv\/wp-json\/wp\/v2\/types\/product"}],"wp:featuredmedia":[{"embeddable":true,"href":"https:\/\/www.raschvin.com\/sv\/wp-json\/wp\/v2\/media\/11605"}],"wp:attachment":[{"href":"https:\/\/www.raschvin.com\/sv\/wp-json\/wp\/v2\/media?parent=17065"}],"wp:term":[{"taxonomy":"product_brand","embeddable":true,"href":"https:\/\/www.raschvin.com\/sv\/wp-json\/wp\/v2\/product_brand?post=17065"},{"taxonomy":"product_cat","embeddable":true,"href":"https:\/\/www.raschvin.com\/sv\/wp-json\/wp\/v2\/product_cat?post=17065"},{"taxonomy":"product_tag","embeddable":true,"href":"https:\/\/www.raschvin.com\/sv\/wp-json\/wp\/v2\/product_tag?post=17065"}],"curies":[{"name":"wp","href":"https:\/\/api.w.org\/{rel}","templated":true}]}}