{"id":17062,"date":"2022-05-30T11:27:59","date_gmt":"2022-05-30T09:27:59","guid":{"rendered":"https:\/\/www.raschvin.com\/vare\/bols-passion-fruit-liqueur\/"},"modified":"2022-10-29T09:30:51","modified_gmt":"2022-10-29T07:30:51","slug":"bols-passion-fruit-liqueur","status":"publish","type":"product","link":"https:\/\/www.raschvin.com\/sv\/produkt\/bols-passion-fruit-liqueur\/","title":{"rendered":"Bols Passion Fruit Liqueur 50 cl. 17%"},"content":{"rendered":"<p>Bols Passion Fruit \u00e4r en orange lik\u00f6r med en fruktig smak av passionfrukt i interaktion med vanilj, Lychi och persika. Lik\u00f6ren uppn\u00e5r sin underbara friskhet eftersom det ocks\u00e5 inneh\u00e5ller f\u00e4rsk passion fruktjuice. Passion Fruit Liker &#8211; \u00e4ven k\u00e4nd som Maracujal\u00f8r, uppkallad efter det portugisiska ordet f\u00f6r passionfrukt &#8211; \u00e4r en relativt ny spelare i cocktailv\u00e4rlden, men Bols passion frukt med apelsinjuice har blivit en extremt popul\u00e4r l\u00e5ng dryck och passionfrukt \u00e4r alls a Brilliant ers\u00e4ttning i cocktails med citrusfrukter eller b\u00e4r.<\/p>\n","protected":false},"excerpt":{"rendered":"<p>Product of Holland Amsterdam Since 1575<\/p>\n","protected":false},"featured_media":11578,"template":"","meta":{"_acf_changed":false,"rs_blank_template":"","rs_page_bg_color":"","slide_template_v7":""},"product_brand":[],"product_cat":[2387,4670,2390],"product_tag":[],"class_list":{"0":"post-17062","1":"product","2":"type-product","3":"status-publish","4":"has-post-thumbnail","6":"product_cat-avec-sv","7":"product_cat-frukt","8":"product_cat-sprit","9":"pa_land-nederlaenderna","10":"pa_procent-17-sv","11":"pa_producent-bols-sv","12":"pa_region-amsterdam-sv","13":"pa_volume-50-sv","15":"first","16":"instock","17":"taxable","18":"shipping-taxable","19":"purchasable","20":"product-type-simple"},"bundled_by":[],"bundle_stock_status":"instock","bundle_stock_quantity":null,"bundle_virtual":false,"bundle_layout":"","bundle_add_to_cart_form_location":"","bundle_editable_in_cart":false,"bundle_sold_individually_context":"","bundle_item_grouping":"","bundle_min_size":"","bundle_max_size":"","bundle_price":[],"bundled_items":[],"bundle_sell_ids":[],"acf":[],"_links":{"self":[{"href":"https:\/\/www.raschvin.com\/sv\/wp-json\/wp\/v2\/product\/17062","targetHints":{"allow":["GET"]}}],"collection":[{"href":"https:\/\/www.raschvin.com\/sv\/wp-json\/wp\/v2\/product"}],"about":[{"href":"https:\/\/www.raschvin.com\/sv\/wp-json\/wp\/v2\/types\/product"}],"wp:featuredmedia":[{"embeddable":true,"href":"https:\/\/www.raschvin.com\/sv\/wp-json\/wp\/v2\/media\/11578"}],"wp:attachment":[{"href":"https:\/\/www.raschvin.com\/sv\/wp-json\/wp\/v2\/media?parent=17062"}],"wp:term":[{"taxonomy":"product_brand","embeddable":true,"href":"https:\/\/www.raschvin.com\/sv\/wp-json\/wp\/v2\/product_brand?post=17062"},{"taxonomy":"product_cat","embeddable":true,"href":"https:\/\/www.raschvin.com\/sv\/wp-json\/wp\/v2\/product_cat?post=17062"},{"taxonomy":"product_tag","embeddable":true,"href":"https:\/\/www.raschvin.com\/sv\/wp-json\/wp\/v2\/product_tag?post=17062"}],"curies":[{"name":"wp","href":"https:\/\/api.w.org\/{rel}","templated":true}]}}