{"id":17061,"date":"2022-05-30T11:27:59","date_gmt":"2022-05-30T09:27:59","guid":{"rendered":"https:\/\/www.raschvin.com\/vare\/bols-coffee-liqueur\/"},"modified":"2022-10-29T08:50:27","modified_gmt":"2022-10-29T06:50:27","slug":"bols-coffee-liqueur","status":"publish","type":"product","link":"https:\/\/www.raschvin.com\/sv\/produkt\/bols-coffee-liqueur\/","title":{"rendered":"Bols Coffee Liqueur 50 cl. 24%"},"content":{"rendered":"<p>Bols Kaffe \u00e4r en kraftfull, m\u00f6rk och djupbrun lik\u00f6r med en intensiv smak av slipade kolumbiska kaffeb\u00f6nor och en touch av vanilj och choklad. Bols Coffee erbjuder en rik kaffe och \u00e4r baserad p\u00e5 Rom Distillat, vilket inneb\u00e4r att Bols Coffee \u00e4r en av de mest tacksamma kaffebryggarna att blanda i en drink.<\/p>\n","protected":false},"excerpt":{"rendered":"<p>Product of Holland Amsterdam Since 1575<\/p>\n","protected":false},"featured_media":11568,"template":"","meta":{"_acf_changed":false,"rs_blank_template":"","rs_page_bg_color":"","slide_template_v7":""},"product_brand":[],"product_cat":[2387,4684,2390],"product_tag":[],"class_list":{"0":"post-17061","1":"product","2":"type-product","3":"status-publish","4":"has-post-thumbnail","6":"product_cat-avec-sv","7":"product_cat-kaffelikor","8":"product_cat-sprit","9":"pa_land-nederlaenderna","10":"pa_procent-24-sv","11":"pa_producent-bols-sv","12":"pa_region-amsterdam-sv","13":"pa_volume-50-sv","15":"first","16":"instock","17":"taxable","18":"shipping-taxable","19":"purchasable","20":"product-type-simple"},"bundled_by":[],"bundle_stock_status":"instock","bundle_stock_quantity":null,"bundle_virtual":false,"bundle_layout":"","bundle_add_to_cart_form_location":"","bundle_editable_in_cart":false,"bundle_sold_individually_context":"","bundle_item_grouping":"","bundle_min_size":"","bundle_max_size":"","bundle_price":[],"bundled_items":[],"bundle_sell_ids":[],"acf":[],"_links":{"self":[{"href":"https:\/\/www.raschvin.com\/sv\/wp-json\/wp\/v2\/product\/17061","targetHints":{"allow":["GET"]}}],"collection":[{"href":"https:\/\/www.raschvin.com\/sv\/wp-json\/wp\/v2\/product"}],"about":[{"href":"https:\/\/www.raschvin.com\/sv\/wp-json\/wp\/v2\/types\/product"}],"wp:featuredmedia":[{"embeddable":true,"href":"https:\/\/www.raschvin.com\/sv\/wp-json\/wp\/v2\/media\/11568"}],"wp:attachment":[{"href":"https:\/\/www.raschvin.com\/sv\/wp-json\/wp\/v2\/media?parent=17061"}],"wp:term":[{"taxonomy":"product_brand","embeddable":true,"href":"https:\/\/www.raschvin.com\/sv\/wp-json\/wp\/v2\/product_brand?post=17061"},{"taxonomy":"product_cat","embeddable":true,"href":"https:\/\/www.raschvin.com\/sv\/wp-json\/wp\/v2\/product_cat?post=17061"},{"taxonomy":"product_tag","embeddable":true,"href":"https:\/\/www.raschvin.com\/sv\/wp-json\/wp\/v2\/product_tag?post=17061"}],"curies":[{"name":"wp","href":"https:\/\/api.w.org\/{rel}","templated":true}]}}