{"id":17060,"date":"2022-05-30T11:27:59","date_gmt":"2022-05-30T09:27:59","guid":{"rendered":"https:\/\/www.raschvin.com\/vare\/crystal-pirate-100-cl\/"},"modified":"2022-11-14T10:49:53","modified_gmt":"2022-11-14T09:49:53","slug":"crystal-pirate-100-cl","status":"publish","type":"product","link":"https:\/\/www.raschvin.com\/sv\/produkt\/crystal-pirate-100-cl\/","title":{"rendered":"Crystal Pirate 100 cl. 37,5%"},"content":{"rendered":"<p>Crystal Pirate White Room \u00e4r gjord p\u00e5 det ursprungliga receptet f\u00f6r Pirates Barvorit Drink &#8211; \u00c4kta Karibien White Rom.<\/p>\n<p>Crystal Pirate White Room \u00e4r ett enkelt och torrt Rom med smaksatta ingredienser i god harmoni. Smaken \u00e4r mild, mjuk och harmonisk, och f\u00e4rgen \u00e4r kristallklar.<\/p>\n<p>Crystal piratvitt rum \u00e4r bra i drycker med juice, cola, tonic el. Annan l\u00e4sk. Perfekt f\u00f6r tropiska drycker och cocktails som inte beh\u00f6ver den kraftfulla Rom-smaken.<\/p>\n","protected":false},"excerpt":{"rendered":"<p>Classic White Rum<\/p>\n","protected":false},"featured_media":11555,"template":"","meta":{"_acf_changed":false,"rs_blank_template":"","rs_page_bg_color":"","slide_template_v7":""},"product_brand":[],"product_cat":[2387,2391,4621],"product_tag":[],"class_list":{"0":"post-17060","1":"product","2":"type-product","3":"status-publish","4":"has-post-thumbnail","6":"product_cat-avec-sv","7":"product_cat-rom-sv","8":"product_cat-white-sv","9":"pa_land-danmark-sv","10":"pa_procent-37-5-sv","11":"pa_producent-spritfabrikken-danmark-sv","12":"pa_volume-100-sv","14":"first","15":"instock","16":"taxable","17":"shipping-taxable","18":"purchasable","19":"product-type-simple"},"bundled_by":[],"bundle_stock_status":"instock","bundle_stock_quantity":null,"bundle_virtual":false,"bundle_layout":"","bundle_add_to_cart_form_location":"","bundle_editable_in_cart":false,"bundle_sold_individually_context":"","bundle_item_grouping":"","bundle_min_size":"","bundle_max_size":"","bundle_price":[],"bundled_items":[],"bundle_sell_ids":[],"acf":[],"_links":{"self":[{"href":"https:\/\/www.raschvin.com\/sv\/wp-json\/wp\/v2\/product\/17060","targetHints":{"allow":["GET"]}}],"collection":[{"href":"https:\/\/www.raschvin.com\/sv\/wp-json\/wp\/v2\/product"}],"about":[{"href":"https:\/\/www.raschvin.com\/sv\/wp-json\/wp\/v2\/types\/product"}],"wp:featuredmedia":[{"embeddable":true,"href":"https:\/\/www.raschvin.com\/sv\/wp-json\/wp\/v2\/media\/11555"}],"wp:attachment":[{"href":"https:\/\/www.raschvin.com\/sv\/wp-json\/wp\/v2\/media?parent=17060"}],"wp:term":[{"taxonomy":"product_brand","embeddable":true,"href":"https:\/\/www.raschvin.com\/sv\/wp-json\/wp\/v2\/product_brand?post=17060"},{"taxonomy":"product_cat","embeddable":true,"href":"https:\/\/www.raschvin.com\/sv\/wp-json\/wp\/v2\/product_cat?post=17060"},{"taxonomy":"product_tag","embeddable":true,"href":"https:\/\/www.raschvin.com\/sv\/wp-json\/wp\/v2\/product_tag?post=17060"}],"curies":[{"name":"wp","href":"https:\/\/api.w.org\/{rel}","templated":true}]}}