{"id":17059,"date":"2022-05-30T11:27:59","date_gmt":"2022-05-30T09:27:59","guid":{"rendered":"https:\/\/www.raschvin.com\/vare\/pink-pirate-100-cl\/"},"modified":"2022-11-30T19:46:38","modified_gmt":"2022-11-30T18:46:38","slug":"pink-pirate-100-cl","status":"publish","type":"product","link":"https:\/\/www.raschvin.com\/sv\/produkt\/pink-pirate-100-cl\/","title":{"rendered":"Pink Pirate 100 cl. 30%"},"content":{"rendered":"<p>Rosa pirat hallon rum \u00e4r gjord p\u00e5 det ursprungliga receptet f\u00f6r piratens barvorit drink &#8211; \u00e4kta karibiska Rom lagt till naturliga aromer av hallon.<\/p>\n<p>Rosa pirat hallon rum ger gott om m\u00f6jligheter att blanda l\u00e4ckra, f\u00e4rgglada drycker och cocktails.<\/p>\n","protected":false},"excerpt":{"rendered":"<p>Raspberry Spirit Drink Based On Caribbean Rum<\/p>\n","protected":false},"featured_media":30576,"template":"","meta":{"_acf_changed":false,"rs_blank_template":"","rs_page_bg_color":"","slide_template_v7":""},"product_brand":[],"product_cat":[2387,4642,2391],"product_tag":[],"class_list":{"0":"post-17059","1":"product","2":"type-product","3":"status-publish","4":"has-post-thumbnail","6":"product_cat-avec-sv","7":"product_cat-flavoured-rom-sv","8":"product_cat-rom-sv","9":"pa_land-danmark-sv","10":"pa_procent-30-sv","11":"pa_producent-spritfabrikken-danmark-sv","12":"pa_volume-100-sv","14":"first","15":"instock","16":"taxable","17":"shipping-taxable","18":"purchasable","19":"product-type-simple"},"bundled_by":[],"bundle_stock_status":"instock","bundle_stock_quantity":null,"bundle_virtual":false,"bundle_layout":"","bundle_add_to_cart_form_location":"","bundle_editable_in_cart":false,"bundle_sold_individually_context":"","bundle_item_grouping":"","bundle_min_size":"","bundle_max_size":"","bundle_price":[],"bundled_items":[],"bundle_sell_ids":[],"acf":[],"_links":{"self":[{"href":"https:\/\/www.raschvin.com\/sv\/wp-json\/wp\/v2\/product\/17059","targetHints":{"allow":["GET"]}}],"collection":[{"href":"https:\/\/www.raschvin.com\/sv\/wp-json\/wp\/v2\/product"}],"about":[{"href":"https:\/\/www.raschvin.com\/sv\/wp-json\/wp\/v2\/types\/product"}],"wp:featuredmedia":[{"embeddable":true,"href":"https:\/\/www.raschvin.com\/sv\/wp-json\/wp\/v2\/media\/30576"}],"wp:attachment":[{"href":"https:\/\/www.raschvin.com\/sv\/wp-json\/wp\/v2\/media?parent=17059"}],"wp:term":[{"taxonomy":"product_brand","embeddable":true,"href":"https:\/\/www.raschvin.com\/sv\/wp-json\/wp\/v2\/product_brand?post=17059"},{"taxonomy":"product_cat","embeddable":true,"href":"https:\/\/www.raschvin.com\/sv\/wp-json\/wp\/v2\/product_cat?post=17059"},{"taxonomy":"product_tag","embeddable":true,"href":"https:\/\/www.raschvin.com\/sv\/wp-json\/wp\/v2\/product_tag?post=17059"}],"curies":[{"name":"wp","href":"https:\/\/api.w.org\/{rel}","templated":true}]}}