{"id":17057,"date":"2022-05-30T11:27:59","date_gmt":"2022-05-30T09:27:59","guid":{"rendered":"https:\/\/www.raschvin.com\/vare\/yellow-rose-premium-american\/"},"modified":"2022-12-13T14:56:17","modified_gmt":"2022-12-13T13:56:17","slug":"yellow-rose-premium-american","status":"publish","type":"product","link":"https:\/\/www.raschvin.com\/sv\/produkt\/yellow-rose-premium-american\/","title":{"rendered":"Yellow Rose &#8211; Premium American Whiskey 70 cl. 40%"},"content":{"rendered":"<p>San Francisco World Spirits comp.dobbelt guld<br \/>\nDen perfekta blandningen av s\u00f6dra charm och rustik cowboy stil med massor av hj\u00e4rta. Det \u00e4r fylligare i smaken \u00e4n typiska kanadensiska blandningar p\u00e5 grund av ett h\u00f6gre bourboninneh\u00e5ll. Det \u00e4r smidigt och lite s\u00f6tt med en unik karakt\u00e4r. Ett v\u00e4rdigt till\u00e4gg till n\u00e5gon barndom.<\/p>\n<p>Ljusa aromer stiger fr\u00e5n glaset med anteckningar av fruktig banan med karamelll. Smaken \u00e4r s\u00f6t med anteckningar av banan och en medell\u00e5ng finish.<\/p>\n<p>Premier<br \/>\n\u2022 2016 | 4 stj\u00e4rnor | Ultimate Spirits Challenge.<br \/>\n\u2022 2015 | 94 po\u00e4ng | Tastingpanelmagasinet<br \/>\n\u2022 2013 | Dubbelguld | San Fransisco World Spirits t\u00e4vling<\/p>\n<p>Gul rosdestillering<br \/>\nGul Rose Distilling \u00e4r ett destilleri som ligger i Houston, Texas. Det grundades 2012 och \u00e4r Houstons f\u00f6rsta juridiska whisky-destilleri. Destilleriet \u00e4r specialiserat p\u00e5 premium handgjord whisky.<\/p>\n<p>Destillationsnamnet tar sin utg\u00e5ngspunkt i lokal folklore, en kvinna som kallas &#8221;gul ros av Texas&#8221;. Legenden s\u00e4ger att hennes mod och lista hj\u00e4lpte Sam Houston vinna kampen f\u00f6r Texas sj\u00e4lvst\u00e4ndighet fr\u00e5n Mexiko.<\/p>\n","protected":false},"excerpt":{"rendered":"<p>Crafted In Texas &#8211; USA<\/p>\n","protected":false},"featured_media":11516,"template":"","meta":{"_acf_changed":false,"rs_blank_template":"","rs_page_bg_color":"","slide_template_v7":""},"product_brand":[],"product_cat":[4657,2387,2392],"product_tag":[],"class_list":{"0":"post-17057","1":"product","2":"type-product","3":"status-publish","4":"has-post-thumbnail","6":"product_cat-american-bourbon-sv","7":"product_cat-avec-sv","8":"product_cat-whisky-sv","9":"pa_land-usa-sv","10":"pa_procent-40-sv-2","11":"pa_producent-yellow-rose-sv","12":"pa_region-texas-sv","13":"pa_volume-70-sv-2","15":"first","16":"instock","17":"taxable","18":"shipping-taxable","19":"purchasable","20":"product-type-simple"},"bundled_by":[],"bundle_stock_status":"instock","bundle_stock_quantity":null,"bundle_virtual":false,"bundle_layout":"","bundle_add_to_cart_form_location":"","bundle_editable_in_cart":false,"bundle_sold_individually_context":"","bundle_item_grouping":"","bundle_min_size":"","bundle_max_size":"","bundle_price":[],"bundled_items":[],"bundle_sell_ids":[],"acf":[],"_links":{"self":[{"href":"https:\/\/www.raschvin.com\/sv\/wp-json\/wp\/v2\/product\/17057","targetHints":{"allow":["GET"]}}],"collection":[{"href":"https:\/\/www.raschvin.com\/sv\/wp-json\/wp\/v2\/product"}],"about":[{"href":"https:\/\/www.raschvin.com\/sv\/wp-json\/wp\/v2\/types\/product"}],"wp:featuredmedia":[{"embeddable":true,"href":"https:\/\/www.raschvin.com\/sv\/wp-json\/wp\/v2\/media\/11516"}],"wp:attachment":[{"href":"https:\/\/www.raschvin.com\/sv\/wp-json\/wp\/v2\/media?parent=17057"}],"wp:term":[{"taxonomy":"product_brand","embeddable":true,"href":"https:\/\/www.raschvin.com\/sv\/wp-json\/wp\/v2\/product_brand?post=17057"},{"taxonomy":"product_cat","embeddable":true,"href":"https:\/\/www.raschvin.com\/sv\/wp-json\/wp\/v2\/product_cat?post=17057"},{"taxonomy":"product_tag","embeddable":true,"href":"https:\/\/www.raschvin.com\/sv\/wp-json\/wp\/v2\/product_tag?post=17057"}],"curies":[{"name":"wp","href":"https:\/\/api.w.org\/{rel}","templated":true}]}}