{"id":17052,"date":"2022-05-30T11:26:39","date_gmt":"2022-05-30T09:26:39","guid":{"rendered":"https:\/\/www.raschvin.com\/vare\/nikka-miyagikyo-sherry-wood-finish\/"},"modified":"2023-03-31T08:29:49","modified_gmt":"2023-03-31T06:29:49","slug":"nikka-miyagikyo-sherry-wood-finish","status":"publish","type":"product","link":"https:\/\/www.raschvin.com\/sv\/produkt\/nikka-miyagikyo-sherry-wood-finish\/","title":{"rendered":"Nikka Whisky Single Malt Miyagikyo Sherry Wood Finish 70 cl. 46%"},"content":{"rendered":"<p>Denna Nikka Miyagikyo Sherry Wood Finish \u00e4r en helt ny, begr\u00e4nsad upplaga publicering fr\u00e5n en av Japans b\u00e4sta destillerier, som \u00e4r publicerade specifikt till den europeiska marknaden. Avslutad i Sherry Tree \u00e4r det en full och rik singelmalt med massor av sedlar av m\u00f6rka frukter, shameberries och subtila tips av karamelll som st\u00f6der de l\u00e4ckra blommiga anteckningarna som finns i de b\u00e4sta Miyagikyo Whiskys. Som en popul\u00e4r europeisk specifik release \u00e4r det sv\u00e5rt att f\u00e5 tag i den h\u00e4r whiskyen n\u00e5gon annanstans, men vi har tagit det s\u00e5 att du kan f\u00e5 en smak av denna fantastiska dram var du \u00e4n \u00e4r i v\u00e4rlden.<\/p>\n","protected":false},"excerpt":{"rendered":"<p>Japanese Single Malt Whisky \u2013 Produced By The Nikka Whisky Distilling Co. Ltd Japan<\/p>\n","protected":false},"featured_media":11484,"template":"","meta":{"_acf_changed":false,"rs_blank_template":"","rs_page_bg_color":"","slide_template_v7":""},"product_brand":[],"product_cat":[2387,4651,2392],"product_tag":[],"class_list":{"0":"post-17052","1":"product","2":"type-product","3":"status-publish","4":"has-post-thumbnail","6":"product_cat-avec-sv","7":"product_cat-single-malt-sv","8":"product_cat-whisky-sv","9":"pa_land-japan-sv","10":"pa_procent-46-sv","11":"pa_producent-nikka-sv","12":"pa_traefad-sherry-sv","13":"pa_volume-70-sv-2","15":"first","16":"instock","17":"taxable","18":"shipping-taxable","19":"purchasable","20":"product-type-simple"},"bundled_by":[],"bundle_stock_status":"instock","bundle_stock_quantity":null,"bundle_virtual":false,"bundle_layout":"","bundle_add_to_cart_form_location":"","bundle_editable_in_cart":false,"bundle_sold_individually_context":"","bundle_item_grouping":"","bundle_min_size":"","bundle_max_size":"","bundle_price":[],"bundled_items":[],"bundle_sell_ids":[],"acf":[],"_links":{"self":[{"href":"https:\/\/www.raschvin.com\/sv\/wp-json\/wp\/v2\/product\/17052","targetHints":{"allow":["GET"]}}],"collection":[{"href":"https:\/\/www.raschvin.com\/sv\/wp-json\/wp\/v2\/product"}],"about":[{"href":"https:\/\/www.raschvin.com\/sv\/wp-json\/wp\/v2\/types\/product"}],"wp:featuredmedia":[{"embeddable":true,"href":"https:\/\/www.raschvin.com\/sv\/wp-json\/wp\/v2\/media\/11484"}],"wp:attachment":[{"href":"https:\/\/www.raschvin.com\/sv\/wp-json\/wp\/v2\/media?parent=17052"}],"wp:term":[{"taxonomy":"product_brand","embeddable":true,"href":"https:\/\/www.raschvin.com\/sv\/wp-json\/wp\/v2\/product_brand?post=17052"},{"taxonomy":"product_cat","embeddable":true,"href":"https:\/\/www.raschvin.com\/sv\/wp-json\/wp\/v2\/product_cat?post=17052"},{"taxonomy":"product_tag","embeddable":true,"href":"https:\/\/www.raschvin.com\/sv\/wp-json\/wp\/v2\/product_tag?post=17052"}],"curies":[{"name":"wp","href":"https:\/\/api.w.org\/{rel}","templated":true}]}}