{"id":17050,"date":"2022-05-30T11:26:39","date_gmt":"2022-05-30T09:26:39","guid":{"rendered":"https:\/\/www.raschvin.com\/vare\/glenfiddich-18-years\/"},"modified":"2022-11-18T08:49:56","modified_gmt":"2022-11-18T07:49:56","slug":"glenfiddich-18-years","status":"publish","type":"product","link":"https:\/\/www.raschvin.com\/sv\/produkt\/glenfiddich-18-years\/","title":{"rendered":"Glenfiddich 18 Years 70 cl. 40%"},"content":{"rendered":"<p>Internationellt vin och spritkonkurrens guld<br \/>\nGlenfiddich Distillery anv\u00e4nder fin spanska Oloroso blekna och amerikanska ekfat f\u00f6r att lagra denna rika, sp\u00e4nnande, fruktiga och robusta whisky. Men det finns m\u00e5nga fler anledningar till varf\u00f6r den h\u00e4r whiskyen \u00e4r v\u00e4ldigt speciell.<\/p>\n<p>Whiskyen \u00e4r gjord i sm\u00e5 satser, och varje parti numreras individuellt och noggrant \u00f6vervakas. Alla \u00e4r utomordentligt f\u00e4rdiga och karakt\u00e4ristiska med en utm\u00e4rkt, uppv\u00e4rmningsfinish. En anm\u00e4rkningsv\u00e4rt rik arom med mogen frukt, bakad \u00e4pple och robust ek. Smaken \u00e4r rik och ger lyxiga anteckningar av torkad frukt, sukat och datum, som omfattas av eleganta ekar.<\/p>\n<p>En verkligt ovanligt singelmalt, vilket inte bara \u00e4r resultatet av 18 \u00e5rs omsorg och uppm\u00e4rksamhet, men av hantverk och kunskap som har fortsatt fr\u00e5n generation till generation.<\/p>\n<p>Premier<br \/>\n\u2022 guld | Scotch Whisky Masters | Spritverksamheten, 2019<br \/>\n\u2022 guld | International Wine &#038; Spirit Competition, 2019<\/p>\n<p>Glenfiddich Distillery.<br \/>\nP\u00e5 sommaren 1886 b\u00f6rjade William med sina sju s\u00f6ner och tv\u00e5 d\u00f6ttrar vid deras sida f\u00f6r att m\u00f6ta en livsl\u00e5ng ambition. Tillsammans byggde de destilleriet, sten f\u00f6r stenar. Efter ett enda \u00e5rs arbete var det klart och William kallade det Glenfiddich, Gaelic f\u00f6r &#8221;dalley of the deer&#8221;.<\/p>\n<p>Williams passion, beslutsamhet och banbrytande whisky leder fortfarande destilleriet idag. Glenfiddich \u00e4r en av de f\u00e5 enkla maltdestillerierna som fortfarande \u00e4r familje\u00e4gda, och det kan till och med skryta av titeln &#8221;v\u00e4rldens mest tilldelade single scotch whisky&#8221; &#8211; en sann reflektion av Williams innovativa natur, som vidarebefordras fr\u00e5n generation till generation. Alla single malt-whiskyer fr\u00e5n Glenfiddich \u00e4r tillverkade med extraordin\u00e4r v\u00e5rd och uppm\u00e4rksamhet. Var och en \u00e4r k\u00e4nd \u00f6ver hela v\u00e4rlden f\u00f6r sin kvalitet och implementering.<\/p>\n","protected":false},"excerpt":{"rendered":"<p>Single Malt Scotch Whisky<\/p>\n","protected":false},"featured_media":11464,"template":"","meta":{"_acf_changed":false,"rs_blank_template":"","rs_page_bg_color":"","slide_template_v7":""},"product_brand":[],"product_cat":[2387,4651,2392],"product_tag":[],"class_list":{"0":"post-17050","1":"product","2":"type-product","3":"status-publish","4":"has-post-thumbnail","6":"product_cat-avec-sv","7":"product_cat-single-malt-sv","8":"product_cat-whisky-sv","9":"pa_land-skottland","10":"pa_procent-40-sv-2","11":"pa_producent-william-grants-sons-sv","12":"pa_region-highland-sv","13":"pa_volume-70-sv-2","15":"first","16":"instock","17":"taxable","18":"shipping-taxable","19":"purchasable","20":"product-type-simple"},"bundled_by":[],"bundle_stock_status":"instock","bundle_stock_quantity":null,"bundle_virtual":false,"bundle_layout":"","bundle_add_to_cart_form_location":"","bundle_editable_in_cart":false,"bundle_sold_individually_context":"","bundle_item_grouping":"","bundle_min_size":"","bundle_max_size":"","bundle_price":[],"bundled_items":[],"bundle_sell_ids":[],"acf":[],"_links":{"self":[{"href":"https:\/\/www.raschvin.com\/sv\/wp-json\/wp\/v2\/product\/17050","targetHints":{"allow":["GET"]}}],"collection":[{"href":"https:\/\/www.raschvin.com\/sv\/wp-json\/wp\/v2\/product"}],"about":[{"href":"https:\/\/www.raschvin.com\/sv\/wp-json\/wp\/v2\/types\/product"}],"wp:featuredmedia":[{"embeddable":true,"href":"https:\/\/www.raschvin.com\/sv\/wp-json\/wp\/v2\/media\/11464"}],"wp:attachment":[{"href":"https:\/\/www.raschvin.com\/sv\/wp-json\/wp\/v2\/media?parent=17050"}],"wp:term":[{"taxonomy":"product_brand","embeddable":true,"href":"https:\/\/www.raschvin.com\/sv\/wp-json\/wp\/v2\/product_brand?post=17050"},{"taxonomy":"product_cat","embeddable":true,"href":"https:\/\/www.raschvin.com\/sv\/wp-json\/wp\/v2\/product_cat?post=17050"},{"taxonomy":"product_tag","embeddable":true,"href":"https:\/\/www.raschvin.com\/sv\/wp-json\/wp\/v2\/product_tag?post=17050"}],"curies":[{"name":"wp","href":"https:\/\/api.w.org\/{rel}","templated":true}]}}