{"id":17048,"date":"2022-05-30T11:26:39","date_gmt":"2022-05-30T09:26:39","guid":{"rendered":"https:\/\/www.raschvin.com\/vare\/aberlour-10-years-forest-reserve\/"},"modified":"2022-10-31T17:14:12","modified_gmt":"2022-10-31T16:14:12","slug":"aberlour-10-years-forest-reserve","status":"publish","type":"product","link":"https:\/\/www.raschvin.com\/sv\/produkt\/aberlour-10-years-forest-reserve\/","title":{"rendered":"Aberlour 10 Years Forest Reserve 70 cl. 40%"},"content":{"rendered":"<p>Aberlour 10 \u00e5r av whisky \u00e4r en super l\u00e4cker singel speyside malt whisky massor av s\u00f6tma och god smak.<br \/>\nHistoria: Aberlour \u00e4r Gaelic och betyder &#8221;The Mouth of the Planking Brook&#8221;, och whiskyen har f\u00e5tt det h\u00e4r namnet som destilleriet \u00e4r byggt bredvid Pelvic Lour. Destilleraren byggdes 1879 av James Flemming, vars motto var &#8221;l\u00e4tt g\u00e4rningshow&#8221;, och med det menade han att produkten skulle tala f\u00f6r sig sj\u00e4lva och inte tas f\u00f6r varken mer eller mindre \u00e4n vad det \u00e4r. Motto \u00e4r tryckt p\u00e5 Aberlours etiketter, som ett engagemang f\u00f6r de efterkommande, som produkten fortfarande \u00e4r fullt uppfylld.<\/p>\n<p>Historia: Aberlour \u00e4r Gaelic och betyder &#8221;The Mouth of the Planking Brook&#8221;, och whiskyen har f\u00e5tt det h\u00e4r namnet som destilleriet \u00e4r byggt bredvid Pelvic Lour. Destilleraren byggdes 1879 av James Flemming, vars motto var &#8221;l\u00e4tt g\u00e4rningshow&#8221;, och med det menade han att produkten skulle tala f\u00f6r sig sj\u00e4lva och inte tas f\u00f6r varken mer eller mindre \u00e4n vad det \u00e4r. Motto \u00e4r tryckt p\u00e5 Aberlours etiketter, som ett engagemang f\u00f6r de efterkommande, som produkten fortfarande \u00e4r fullt uppfylld.<\/p>\n<p>Aberlour har blivit bel\u00f6nad som den b\u00e4sta maltwhiskyen med guldmedalj p\u00e5 &#8221;den internationella vin- och spritkonkurrensen&#8221; 1986, 1996, 1998 och 1999 och kruka fortfarande trof\u00e9n av samma t\u00e4vling 1986 och 1990. Det h\u00e4r \u00e4r en unik prestation , som bara Aberlour har vunnit s\u00e5 m\u00e5nga guldmedaljer och pott fortfarande trof\u00e9er.<\/p>\n<p>Banffshire, vid sammanfl\u00f6det av floderna Lour och Spey. Distilleriet \u00e4r strategiskt r\u00e4tt p\u00e5 SKT. Drostans v\u00e4l, som p\u00e5 morgonen morgon anv\u00e4ndes f\u00f6r att d\u00f6pa h\u00f6gl\u00e4ndska lagar i den kristna helgen Drostan. Det \u00e4r en oumb\u00e4rlig vattenk\u00e4lla som h\u00e5ller fast, mjukt vatten f\u00f6r Aberlours pannor.<\/p>\n","protected":false},"excerpt":{"rendered":"<p>Single Malt Scotch Whisky<\/p>\n","protected":false},"featured_media":11441,"template":"","meta":{"_acf_changed":false,"rs_blank_template":"","rs_page_bg_color":"","slide_template_v7":""},"product_brand":[],"product_cat":[2387,4651,2392],"product_tag":[],"class_list":{"0":"post-17048","1":"product","2":"type-product","3":"status-publish","4":"has-post-thumbnail","6":"product_cat-avec-sv","7":"product_cat-single-malt-sv","8":"product_cat-whisky-sv","9":"pa_land-skottland","10":"pa_procent-40-sv-2","11":"pa_producent-pernod-ricard-aberlour-sv","12":"pa_region-highland-sv","13":"pa_volume-70-sv-2","15":"first","16":"instock","17":"taxable","18":"shipping-taxable","19":"purchasable","20":"product-type-simple"},"bundled_by":[],"bundle_stock_status":"instock","bundle_stock_quantity":null,"bundle_virtual":false,"bundle_layout":"","bundle_add_to_cart_form_location":"","bundle_editable_in_cart":false,"bundle_sold_individually_context":"","bundle_item_grouping":"","bundle_min_size":"","bundle_max_size":"","bundle_price":[],"bundled_items":[],"bundle_sell_ids":[],"acf":[],"_links":{"self":[{"href":"https:\/\/www.raschvin.com\/sv\/wp-json\/wp\/v2\/product\/17048","targetHints":{"allow":["GET"]}}],"collection":[{"href":"https:\/\/www.raschvin.com\/sv\/wp-json\/wp\/v2\/product"}],"about":[{"href":"https:\/\/www.raschvin.com\/sv\/wp-json\/wp\/v2\/types\/product"}],"wp:featuredmedia":[{"embeddable":true,"href":"https:\/\/www.raschvin.com\/sv\/wp-json\/wp\/v2\/media\/11441"}],"wp:attachment":[{"href":"https:\/\/www.raschvin.com\/sv\/wp-json\/wp\/v2\/media?parent=17048"}],"wp:term":[{"taxonomy":"product_brand","embeddable":true,"href":"https:\/\/www.raschvin.com\/sv\/wp-json\/wp\/v2\/product_brand?post=17048"},{"taxonomy":"product_cat","embeddable":true,"href":"https:\/\/www.raschvin.com\/sv\/wp-json\/wp\/v2\/product_cat?post=17048"},{"taxonomy":"product_tag","embeddable":true,"href":"https:\/\/www.raschvin.com\/sv\/wp-json\/wp\/v2\/product_tag?post=17048"}],"curies":[{"name":"wp","href":"https:\/\/api.w.org\/{rel}","templated":true}]}}