{"id":17047,"date":"2022-05-30T11:26:39","date_gmt":"2022-05-30T09:26:39","guid":{"rendered":"https:\/\/www.raschvin.com\/vare\/old-pulteney-12-years\/"},"modified":"2022-11-29T16:01:47","modified_gmt":"2022-11-29T15:01:47","slug":"old-pulteney-12-years","status":"publish","type":"product","link":"https:\/\/www.raschvin.com\/sv\/produkt\/old-pulteney-12-years\/","title":{"rendered":"Old Pulteney 12 Years 70 cl. 40%"},"content":{"rendered":"<p>Gamla Pulteney 12 \u00e5r mognas i handplockade lufttorkade ex-bourbon-cask. Som vinnare av otaliga guldmedaljer \u00e4r gamla Pulteney 12 \u00e5r en utm\u00e4rkt representant f\u00f6r destilleriets unika whisky-stil.<\/p>\n<p>Smakkommentarer<br \/>\nF\u00e4rgen \u00e4r m\u00f6rk guld. Doften \u00e4r medium till mycket intensiv, torr med sedlar av hav och salt. Smaken \u00e4r torr med medelstora kropp, mjuk och kr\u00e4mig och l\u00e4tt saltad med fina sherrynotes.<\/p>\n<p>Gammal Pulteney single malt 12 \u00e5r 40% 70cl<br \/>\nArtikelnummer: SMAL0378<\/p>\n<p>I fiskebyn Wick alla norra ledighet i Skottland st\u00e5r detta lilla destilleri mot Nordsj\u00f6n. En riktig &#8221;hav whisky&#8221; som i m\u00e5nga \u00e5r inte kunde hittas alls.<br \/>\nF\u00e4rg: R\u00f8gg\u00e5lden med en svag rosa ton.<\/p>\n<p>N\u00e4sa: Mellan till h\u00f6g intensitet, mellan h\u00f6g komplexitet. Mycket torr och sluten arom. Tryck p\u00e5 stranden (sand och t\u00e5ng).<\/p>\n<p>Smak: Torka och &#8221;ben&#8221;. Mellanliggande och mjuk.<\/p>\n<p>Eftersmak: Torr bitter kort avrundning. Ren och l\u00e4tt att dricka.<\/p>\n<p>Gamla Pulteney 12 \u00e5r vinner guld och b\u00e4sta i klassen vid International Wine &#038; Spirit Competition 2006<\/p>\n<p>Gamla Pulteney \u00e4r Skottlands nordligaste destilleri p\u00e5 fastlandet, som ligger vid Wicks historiska hamn.<br \/>\nGamla Pulteney grundades 1826 av James Henderson, och husets malt stil kallas &#8221;The Maritime Malt&#8221; med h\u00e4nvisning till smak och plats.<\/p>\n<p>Gamla Pulteney r\u00e4knas med r\u00e4tta f\u00f6r en av Skottlands allra b\u00e4sta singlemalt, och i Jim Murray&#8217;s Whisky Bible 2012 \u00e4r den 21-\u00e5riga gamla Pulteney Choron till:<br \/>\n* V\u00e4rldens b\u00e4sta whisky (alla kategorier) med 97,5 punkter av 100.<br \/>\n* Skottlands b\u00e4sta whisky.<br \/>\n* B\u00e4sta singlemal (alla kategorier)<br \/>\n* B\u00e4sta singlemal i klass 16-21<\/p>\n","protected":false},"excerpt":{"rendered":"<p>Single Malt Scotch Whisky<\/p>\n","protected":false},"featured_media":11431,"template":"","meta":{"_acf_changed":false,"rs_blank_template":"","rs_page_bg_color":"","slide_template_v7":""},"product_brand":[],"product_cat":[2387,4651,2392],"product_tag":[],"class_list":{"0":"post-17047","1":"product","2":"type-product","3":"status-publish","4":"has-post-thumbnail","6":"product_cat-avec-sv","7":"product_cat-single-malt-sv","8":"product_cat-whisky-sv","9":"pa_land-skottland","10":"pa_procent-40-sv-2","11":"pa_producent-old-pulteney-sv","12":"pa_region-highland-sv","13":"pa_volume-70-sv-2","15":"first","16":"instock","17":"taxable","18":"shipping-taxable","19":"purchasable","20":"product-type-simple"},"bundled_by":[],"bundle_stock_status":"instock","bundle_stock_quantity":null,"bundle_virtual":false,"bundle_layout":"","bundle_add_to_cart_form_location":"","bundle_editable_in_cart":false,"bundle_sold_individually_context":"","bundle_item_grouping":"","bundle_min_size":"","bundle_max_size":"","bundle_price":[],"bundled_items":[],"bundle_sell_ids":[],"acf":[],"_links":{"self":[{"href":"https:\/\/www.raschvin.com\/sv\/wp-json\/wp\/v2\/product\/17047","targetHints":{"allow":["GET"]}}],"collection":[{"href":"https:\/\/www.raschvin.com\/sv\/wp-json\/wp\/v2\/product"}],"about":[{"href":"https:\/\/www.raschvin.com\/sv\/wp-json\/wp\/v2\/types\/product"}],"wp:featuredmedia":[{"embeddable":true,"href":"https:\/\/www.raschvin.com\/sv\/wp-json\/wp\/v2\/media\/11431"}],"wp:attachment":[{"href":"https:\/\/www.raschvin.com\/sv\/wp-json\/wp\/v2\/media?parent=17047"}],"wp:term":[{"taxonomy":"product_brand","embeddable":true,"href":"https:\/\/www.raschvin.com\/sv\/wp-json\/wp\/v2\/product_brand?post=17047"},{"taxonomy":"product_cat","embeddable":true,"href":"https:\/\/www.raschvin.com\/sv\/wp-json\/wp\/v2\/product_cat?post=17047"},{"taxonomy":"product_tag","embeddable":true,"href":"https:\/\/www.raschvin.com\/sv\/wp-json\/wp\/v2\/product_tag?post=17047"}],"curies":[{"name":"wp","href":"https:\/\/api.w.org\/{rel}","templated":true}]}}