{"id":17042,"date":"2022-05-30T11:24:54","date_gmt":"2022-05-30T09:24:54","guid":{"rendered":"https:\/\/www.raschvin.com\/vare\/tia-maria-coffee-liqueur\/"},"modified":"2022-12-11T14:28:08","modified_gmt":"2022-12-11T13:28:08","slug":"tia-maria-coffee-liqueur","status":"publish","type":"product","link":"https:\/\/www.raschvin.com\/sv\/produkt\/tia-maria-coffee-liqueur\/","title":{"rendered":"Tia Maria Coffee Liqueur 70 cl. 20%"},"content":{"rendered":"<p>Tia Maria \u00e4r en kaffebryggare gjord av Arabica g\u00e5rdsb\u00f6nor, Jamaica-Rom, vanilj och socker &#8211; och den mjuka, fulla smaken b\u00e4r otvetydigt k\u00e4nnetecknat av dessa fyra ingredienser. Det \u00e4r otroligt mjukt med en rik och rik smak.<\/p>\n<p>Tia Maria \u00e4r riktigt bra i efterr\u00e4tter och drycker, men den mjuka och raffinerade karakt\u00e4ren \u00e4r b\u00e4st till h\u00f6ger n\u00e4r det \u00e4r rent, kyld eller med is.<\/p>\n<p>TIA Espresso Martini:<br \/>\n\u2022 25 ml TIA Maria<br \/>\n\u2022 25 ml vodka<br \/>\n\u2022 Dubbelskott espresso<br \/>\n\u2022 5 ml sirap<br \/>\nSkaka alla ingredienser med is och dekorationer med 3 kaffeb\u00f6nor.<\/p>\n<p>70 cl.\/20s<\/p>\n","protected":false},"excerpt":{"rendered":"<p>Product of Jamaica<\/p>\n","protected":false},"featured_media":11378,"template":"","meta":{"_acf_changed":false,"rs_blank_template":"","rs_page_bg_color":"","slide_template_v7":""},"product_brand":[],"product_cat":[2387,4684,2390],"product_tag":[],"class_list":{"0":"post-17042","1":"product","2":"type-product","3":"status-publish","4":"has-post-thumbnail","6":"product_cat-avec-sv","7":"product_cat-kaffelikor","8":"product_cat-sprit","9":"pa_land-jamaica-sv","10":"pa_procent-20-sv","11":"pa_producent-tia-maria-sv","12":"pa_volume-70-sv-2","14":"first","15":"instock","16":"taxable","17":"shipping-taxable","18":"purchasable","19":"product-type-simple"},"bundled_by":[],"bundle_stock_status":"instock","bundle_stock_quantity":null,"bundle_virtual":false,"bundle_layout":"","bundle_add_to_cart_form_location":"","bundle_editable_in_cart":false,"bundle_sold_individually_context":"","bundle_item_grouping":"","bundle_min_size":"","bundle_max_size":"","bundle_price":[],"bundled_items":[],"bundle_sell_ids":[],"acf":[],"_links":{"self":[{"href":"https:\/\/www.raschvin.com\/sv\/wp-json\/wp\/v2\/product\/17042","targetHints":{"allow":["GET"]}}],"collection":[{"href":"https:\/\/www.raschvin.com\/sv\/wp-json\/wp\/v2\/product"}],"about":[{"href":"https:\/\/www.raschvin.com\/sv\/wp-json\/wp\/v2\/types\/product"}],"wp:featuredmedia":[{"embeddable":true,"href":"https:\/\/www.raschvin.com\/sv\/wp-json\/wp\/v2\/media\/11378"}],"wp:attachment":[{"href":"https:\/\/www.raschvin.com\/sv\/wp-json\/wp\/v2\/media?parent=17042"}],"wp:term":[{"taxonomy":"product_brand","embeddable":true,"href":"https:\/\/www.raschvin.com\/sv\/wp-json\/wp\/v2\/product_brand?post=17042"},{"taxonomy":"product_cat","embeddable":true,"href":"https:\/\/www.raschvin.com\/sv\/wp-json\/wp\/v2\/product_cat?post=17042"},{"taxonomy":"product_tag","embeddable":true,"href":"https:\/\/www.raschvin.com\/sv\/wp-json\/wp\/v2\/product_tag?post=17042"}],"curies":[{"name":"wp","href":"https:\/\/api.w.org\/{rel}","templated":true}]}}