{"id":17039,"date":"2022-05-30T11:24:54","date_gmt":"2022-05-30T09:24:54","guid":{"rendered":"https:\/\/www.raschvin.com\/vare\/havana-club-3-anos\/"},"modified":"2022-11-18T16:21:06","modified_gmt":"2022-11-18T15:21:06","slug":"havana-club-3-anos","status":"publish","type":"product","link":"https:\/\/www.raschvin.com\/sv\/produkt\/havana-club-3-anos\/","title":{"rendered":"Havana Club &#8211; A\u00f1ejo 3 A\u00f1os 70 cl. 40%"},"content":{"rendered":"<p>Havana Club 3 a\u00f1os \u00e4r den v\u00e4sentliga ingrediensen i klassiska kubanska cocktails. Den \u00e4r gjord och lagras p\u00e5 Kuba av lokal sockerr\u00f6r. Denna l\u00e4ttade vita vita Rom kombinerar de fr\u00e4scha, gr\u00f6na sedlar av sockerr\u00f6r med de fruktiga anteckningarna av Karibien Rom. Havana Club 3 a\u00f1os \u00e4r den mest popul\u00e4ra Rom f\u00f6r cocktail\u00e4lskare p\u00e5 jakt efter autentiska kubanska mojitos och daiquiris!<\/p>\n<p>Friskhet fr\u00e5n den kontinuerliga destillationen av sockerr\u00f6r och karakt\u00e4r fr\u00e5n lagringen \u00e4r en vinnande kombination! Havana Club 3 a\u00f1os har en blek, gyllene halmf\u00e4rg som avsl\u00f6jar sin \u00e5lder: varje dropp lagras i minst tre \u00e5r. Doften erbjuder en rik bukett med sl\u00e4ta aromer med tips av ek, melass och sockerr\u00f6r. Smaken \u00e4r balanserad och komplex, en s\u00f6t, mild och fruktig smak med en l\u00e4tt tips av citrus.<\/p>\n<p>70 cl. \/ 40%<\/p>\n","protected":false},"excerpt":{"rendered":"<p>El Ron De Cuba<\/p>\n","protected":false},"featured_media":11339,"template":"","meta":{"_acf_changed":false,"rs_blank_template":"","rs_page_bg_color":"","slide_template_v7":""},"product_brand":[],"product_cat":[2387,2391,4621],"product_tag":[],"class_list":{"0":"post-17039","1":"product","2":"type-product","3":"status-publish","4":"has-post-thumbnail","6":"product_cat-avec-sv","7":"product_cat-rom-sv","8":"product_cat-white-sv","9":"pa_land-cuba-sv","10":"pa_procent-40-sv-2","11":"pa_producent-havana-club-sv","12":"pa_volume-70-sv-2","14":"first","15":"instock","16":"taxable","17":"shipping-taxable","18":"purchasable","19":"product-type-simple"},"bundled_by":[],"bundle_stock_status":"instock","bundle_stock_quantity":null,"bundle_virtual":false,"bundle_layout":"","bundle_add_to_cart_form_location":"","bundle_editable_in_cart":false,"bundle_sold_individually_context":"","bundle_item_grouping":"","bundle_min_size":"","bundle_max_size":"","bundle_price":[],"bundled_items":[],"bundle_sell_ids":[],"acf":[],"_links":{"self":[{"href":"https:\/\/www.raschvin.com\/sv\/wp-json\/wp\/v2\/product\/17039","targetHints":{"allow":["GET"]}}],"collection":[{"href":"https:\/\/www.raschvin.com\/sv\/wp-json\/wp\/v2\/product"}],"about":[{"href":"https:\/\/www.raschvin.com\/sv\/wp-json\/wp\/v2\/types\/product"}],"wp:featuredmedia":[{"embeddable":true,"href":"https:\/\/www.raschvin.com\/sv\/wp-json\/wp\/v2\/media\/11339"}],"wp:attachment":[{"href":"https:\/\/www.raschvin.com\/sv\/wp-json\/wp\/v2\/media?parent=17039"}],"wp:term":[{"taxonomy":"product_brand","embeddable":true,"href":"https:\/\/www.raschvin.com\/sv\/wp-json\/wp\/v2\/product_brand?post=17039"},{"taxonomy":"product_cat","embeddable":true,"href":"https:\/\/www.raschvin.com\/sv\/wp-json\/wp\/v2\/product_cat?post=17039"},{"taxonomy":"product_tag","embeddable":true,"href":"https:\/\/www.raschvin.com\/sv\/wp-json\/wp\/v2\/product_tag?post=17039"}],"curies":[{"name":"wp","href":"https:\/\/api.w.org\/{rel}","templated":true}]}}