{"id":17036,"date":"2022-05-30T11:24:54","date_gmt":"2022-05-30T09:24:54","guid":{"rendered":"https:\/\/www.raschvin.com\/vare\/smirnoff-red-label-70-cl\/"},"modified":"2023-04-04T11:57:00","modified_gmt":"2023-04-04T09:57:00","slug":"smirnoff-red-label-70-cl","status":"publish","type":"product","link":"https:\/\/www.raschvin.com\/sv\/produkt\/smirnoff-red-label-70-cl\/","title":{"rendered":"Smirnoff Vodka 70 cl. 37,5%"},"content":{"rendered":"<p>Smirnoff skapades 1864 och \u00e4r v\u00e4rldens b\u00e4sts\u00e4ljande premiumvodka. Det \u00e4r ett varum\u00e4rke med en historia av innovation som inkluderar utvecklingen av kolumnfiltrering som skapar en anda av o\u00f6vertr\u00e4ffad renhet.<\/p>\n<p>Smirnoff No.21 (Red Label) Vodka \u00e4r duken f\u00f6r att skapa lysande drycker. Triple destillerad fr\u00e5n en blandning av olika korn och filtrerades tio g\u00e5nger genom sju kolumner av milj\u00f6v\u00e4nligt kol. Smirnoff No.21 har en tydlig krispig smak och en cool finish. Smirnoff No.21 Ren smak g\u00f6r det extremt m\u00e5ngsidigt och l\u00e4tt att tj\u00e4na till fester eller med bara n\u00e5gra v\u00e4nner. Det \u00e4r en perfekt bas f\u00f6r klassisk vodka som vodka kalk och l\u00e4sk eller vodka tonic samt vodka cocktails fr\u00e5n kosmopolitisk till Moskva mule och naturligtvis den ber\u00f6mda vodka martini. Smirnoff No.21 spelar ocks\u00e5 en stor Bourolle i klassiska cocktails eller blandade drycker som back-up till b\u00e5gskyttens persika snaps i Woo Woo tillsammans med en sluttning av tranb\u00e4rsjuice. Eller det \u00e4r vackert tillsammans med Bailey Irish Cream Liqueur och en kaffekatalog som en vit ryska.<\/p>\n","protected":false},"excerpt":{"rendered":"<p>French Plain Vodka<\/p>\n","protected":false},"featured_media":11300,"template":"","meta":{"_acf_changed":false,"rs_blank_template":"","rs_page_bg_color":"","slide_template_v7":""},"product_brand":[],"product_cat":[4609,2402,2409],"product_tag":[],"class_list":{"0":"post-17036","1":"product","2":"type-product","3":"status-publish","4":"has-post-thumbnail","6":"product_cat-plain-sv","7":"product_cat-sprit-sv","8":"product_cat-vodka-sv","9":"pa_land-ryssland","10":"pa_procent-37-5-sv","11":"pa_producent-diageo-sv","12":"pa_volume-70-sv-2","14":"first","15":"instock","16":"taxable","17":"shipping-taxable","18":"purchasable","19":"product-type-simple"},"bundled_by":[],"bundle_stock_status":"instock","bundle_stock_quantity":null,"bundle_virtual":false,"bundle_layout":"","bundle_add_to_cart_form_location":"","bundle_editable_in_cart":false,"bundle_sold_individually_context":"","bundle_item_grouping":"","bundle_min_size":"","bundle_max_size":"","bundle_price":[],"bundled_items":[],"bundle_sell_ids":[],"acf":[],"_links":{"self":[{"href":"https:\/\/www.raschvin.com\/sv\/wp-json\/wp\/v2\/product\/17036","targetHints":{"allow":["GET"]}}],"collection":[{"href":"https:\/\/www.raschvin.com\/sv\/wp-json\/wp\/v2\/product"}],"about":[{"href":"https:\/\/www.raschvin.com\/sv\/wp-json\/wp\/v2\/types\/product"}],"wp:featuredmedia":[{"embeddable":true,"href":"https:\/\/www.raschvin.com\/sv\/wp-json\/wp\/v2\/media\/11300"}],"wp:attachment":[{"href":"https:\/\/www.raschvin.com\/sv\/wp-json\/wp\/v2\/media?parent=17036"}],"wp:term":[{"taxonomy":"product_brand","embeddable":true,"href":"https:\/\/www.raschvin.com\/sv\/wp-json\/wp\/v2\/product_brand?post=17036"},{"taxonomy":"product_cat","embeddable":true,"href":"https:\/\/www.raschvin.com\/sv\/wp-json\/wp\/v2\/product_cat?post=17036"},{"taxonomy":"product_tag","embeddable":true,"href":"https:\/\/www.raschvin.com\/sv\/wp-json\/wp\/v2\/product_tag?post=17036"}],"curies":[{"name":"wp","href":"https:\/\/api.w.org\/{rel}","templated":true}]}}