{"id":17034,"date":"2022-05-30T11:24:54","date_gmt":"2022-05-30T09:24:54","guid":{"rendered":"https:\/\/www.raschvin.com\/vare\/beluga-noble-vodka\/"},"modified":"2024-02-26T10:23:14","modified_gmt":"2024-02-26T09:23:14","slug":"beluga-noble-vodka","status":"publish","type":"product","link":"https:\/\/www.raschvin.com\/sv\/produkt\/beluga-noble-vodka\/","title":{"rendered":"Beluga Noble Vodka 70 cl. 40%"},"content":{"rendered":"<p>Beluga Noble \u00e4r en klassisk vodka, f\u00f6rfinad till minsta detalj tack vare destilleriets unika produktionsteknik. Alla ingredienser genomg\u00e5r reng\u00f6ring och filtrering, vilket garanterar kvaliteten p\u00e5 slutprodukten.<\/p>\n<p>Den goda smaken beror p\u00e5 den speciella malt och det rena vattnet fr\u00e5n sibiriska artesiska brunnar. Smaken har anteckningar av honung, havre och vanilj.<\/p>\n<p>F\u00e4rgen \u00e4r kristallklar och passar perfekt i drycker och cocktails.<\/p>\n","protected":false},"excerpt":{"rendered":"<p>Premium Vodka<\/p>\n","protected":false},"featured_media":49034,"template":"","meta":{"_acf_changed":false,"rs_blank_template":"","rs_page_bg_color":"","slide_template_v7":""},"product_brand":[],"product_cat":[4609,2402,2409],"product_tag":[],"class_list":{"0":"post-17034","1":"product","2":"type-product","3":"status-publish","4":"has-post-thumbnail","6":"product_cat-plain-sv","7":"product_cat-sprit-sv","8":"product_cat-vodka-sv","9":"pa_land-montenegro-sv","10":"pa_procent-40-sv-2","11":"pa_producent-beluga-sv","12":"pa_volume-70-sv-2","14":"first","15":"instock","16":"taxable","17":"shipping-taxable","18":"purchasable","19":"product-type-simple"},"bundled_by":[],"bundle_stock_status":"instock","bundle_stock_quantity":null,"bundle_virtual":false,"bundle_layout":"","bundle_add_to_cart_form_location":"","bundle_editable_in_cart":false,"bundle_sold_individually_context":"","bundle_item_grouping":"","bundle_min_size":"","bundle_max_size":"","bundle_price":[],"bundled_items":[],"bundle_sell_ids":[],"acf":[],"_links":{"self":[{"href":"https:\/\/www.raschvin.com\/sv\/wp-json\/wp\/v2\/product\/17034","targetHints":{"allow":["GET"]}}],"collection":[{"href":"https:\/\/www.raschvin.com\/sv\/wp-json\/wp\/v2\/product"}],"about":[{"href":"https:\/\/www.raschvin.com\/sv\/wp-json\/wp\/v2\/types\/product"}],"wp:featuredmedia":[{"embeddable":true,"href":"https:\/\/www.raschvin.com\/sv\/wp-json\/wp\/v2\/media\/49034"}],"wp:attachment":[{"href":"https:\/\/www.raschvin.com\/sv\/wp-json\/wp\/v2\/media?parent=17034"}],"wp:term":[{"taxonomy":"product_brand","embeddable":true,"href":"https:\/\/www.raschvin.com\/sv\/wp-json\/wp\/v2\/product_brand?post=17034"},{"taxonomy":"product_cat","embeddable":true,"href":"https:\/\/www.raschvin.com\/sv\/wp-json\/wp\/v2\/product_cat?post=17034"},{"taxonomy":"product_tag","embeddable":true,"href":"https:\/\/www.raschvin.com\/sv\/wp-json\/wp\/v2\/product_tag?post=17034"}],"curies":[{"name":"wp","href":"https:\/\/api.w.org\/{rel}","templated":true}]}}