{"id":17032,"date":"2022-05-30T11:23:19","date_gmt":"2022-05-30T09:23:19","guid":{"rendered":"https:\/\/www.raschvin.com\/vare\/chataigne-chestnut-liqueur\/"},"modified":"2022-11-10T08:51:45","modified_gmt":"2022-11-10T07:51:45","slug":"chataigne-chestnut-liqueur","status":"publish","type":"product","link":"https:\/\/www.raschvin.com\/sv\/produkt\/chataigne-chestnut-liqueur\/","title":{"rendered":"Joseph Cartron &#8211; Ch\u00e2taigne (Chestnut) Liqueur 70 cl. 18%"},"content":{"rendered":"<p>En klassisk vintergodis fr\u00e5n den franska lik\u00f6rproducenten Joseph Cartron.<\/p>\n<p>F\u00f6r denna tappning anv\u00e4nder de bara de finaste kastanjerna, som macereras i alkohol f\u00f6r att producera en s\u00f6t och drickbar lik\u00f6r. Den slutliga produkten kapslar in smaken av Marron Glac\u00e9, eller kanderade kastanjer, en popul\u00e4r konfekt fr\u00e5n s\u00f6dra Frankrike.<\/p>\n<p>Cartron Ch\u00e2taigne serverar toner av l\u00e4tt rotig krydda, s\u00f6tt farinsocker, kastanjsm\u00f6r, rostade n\u00f6tter, russin och subtil lakrits.<\/p>\n<p>Uts\u00f6kt serverad som digestif eller \u00f6ver is, Cartron Ch\u00e2taigne g\u00f6r sig ocks\u00e5 bra i dessertstil.<\/p>\n","protected":false},"excerpt":{"rendered":"<p>Classic Liqueur de France <\/p>\n","protected":false},"featured_media":11251,"template":"","meta":{"_acf_changed":false,"rs_blank_template":"","rs_page_bg_color":"","slide_template_v7":""},"product_brand":[],"product_cat":[4716,2387,2390],"product_tag":[],"class_list":{"0":"post-17032","1":"product","2":"type-product","3":"status-publish","4":"has-post-thumbnail","6":"product_cat-andra-likorer","7":"product_cat-avec-sv","8":"product_cat-sprit","9":"pa_land-frankrike","10":"pa_procent-18-sv","11":"pa_producent-joseph-cartron-sv","12":"pa_region-bourgogne-sv","13":"pa_volume-70-sv-2","15":"first","16":"instock","17":"taxable","18":"shipping-taxable","19":"purchasable","20":"product-type-simple"},"bundled_by":[],"bundle_stock_status":"instock","bundle_stock_quantity":null,"bundle_virtual":false,"bundle_layout":"","bundle_add_to_cart_form_location":"","bundle_editable_in_cart":false,"bundle_sold_individually_context":"","bundle_item_grouping":"","bundle_min_size":"","bundle_max_size":"","bundle_price":[],"bundled_items":[],"bundle_sell_ids":[],"acf":[],"_links":{"self":[{"href":"https:\/\/www.raschvin.com\/sv\/wp-json\/wp\/v2\/product\/17032","targetHints":{"allow":["GET"]}}],"collection":[{"href":"https:\/\/www.raschvin.com\/sv\/wp-json\/wp\/v2\/product"}],"about":[{"href":"https:\/\/www.raschvin.com\/sv\/wp-json\/wp\/v2\/types\/product"}],"wp:featuredmedia":[{"embeddable":true,"href":"https:\/\/www.raschvin.com\/sv\/wp-json\/wp\/v2\/media\/11251"}],"wp:attachment":[{"href":"https:\/\/www.raschvin.com\/sv\/wp-json\/wp\/v2\/media?parent=17032"}],"wp:term":[{"taxonomy":"product_brand","embeddable":true,"href":"https:\/\/www.raschvin.com\/sv\/wp-json\/wp\/v2\/product_brand?post=17032"},{"taxonomy":"product_cat","embeddable":true,"href":"https:\/\/www.raschvin.com\/sv\/wp-json\/wp\/v2\/product_cat?post=17032"},{"taxonomy":"product_tag","embeddable":true,"href":"https:\/\/www.raschvin.com\/sv\/wp-json\/wp\/v2\/product_tag?post=17032"}],"curies":[{"name":"wp","href":"https:\/\/api.w.org\/{rel}","templated":true}]}}