{"id":17026,"date":"2022-05-30T11:23:19","date_gmt":"2022-05-30T09:23:19","guid":{"rendered":"https:\/\/www.raschvin.com\/vare\/bepi-tosolini-acquavite-de-birra\/"},"modified":"2022-10-26T13:07:01","modified_gmt":"2022-10-26T11:07:01","slug":"bepi-tosolini-acquavite-de-birra","status":"publish","type":"product","link":"https:\/\/www.raschvin.com\/sv\/produkt\/bepi-tosolini-acquavite-de-birra\/","title":{"rendered":"Bepi Tosolini &#8211; Acquavite de Birra 50 cl. 40%"},"content":{"rendered":"<p>Ett dyrbart friuliskt hantverks\u00f6ldestillat, lagrat p\u00e5 ekbarriquer,<br \/>\natt ge v\u00e4rdefulla och unika anteckningar; Destillerad med hantverksm\u00e4ssiga \u00e5ngdestillationsapparater. Nr. 3 urval av hantverks\u00f6l &#8211; b\u00e4rnsten, r\u00f6kt och blond<br \/>\n&#8211; expertblandad f\u00f6r att f\u00e5 en cuv\u00e9e som b\u00e4st \u00e5terspeglar terroiren<br \/>\nav Friuli och de of\u00f6rorenade platserna i Carnia, de italienska alperna.<br \/>\nAlkoholhalt:<br \/>\n40% vol.<br \/>\nAlambic:<br \/>\nDiskontinuerlig<br \/>\nDestillering:<br \/>\nHantverksm\u00e4ssigt, i steam bain-marie pot stills<br \/>\nF\u00e4rg:<br \/>\nB\u00e4rnsten<br \/>\nKropp:<br \/>\nMjuk<br \/>\nSmakanteckning:<br \/>\nEn intensiv och raffinerad doft av malt, korn och humle, ackompanjerad av klassiska blommiga, s\u00f6ta och fruktiga toner. En balanserad smak f\u00f6ljt av en behaglig bitter uth\u00e5llighet.<br \/>\nServeringsf\u00f6rslag:<br \/>\nSmakas i det klassiska stora tulpanformade glaset, vid en temperatur p\u00e5 12\u00b0\/14\u00b0.<\/p>\n","protected":false},"excerpt":{"rendered":"<p>Italian Handcrafted Acquavite &#8211; Udine<\/p>\n","protected":false},"featured_media":11203,"template":"","meta":{"_acf_changed":false,"rs_blank_template":"","rs_page_bg_color":"","slide_template_v7":""},"product_brand":[],"product_cat":[2393,2743],"product_tag":[],"class_list":{"0":"post-17026","1":"product","2":"type-product","3":"status-publish","4":"has-post-thumbnail","6":"product_cat-akvavit-snaps-sv","7":"product_cat-brannvin-sv","8":"pa_land-italien-sv","9":"pa_procent-40-sv-2","10":"pa_producent-bepi-tosolini-sv","11":"pa_region-friuli-sv","12":"pa_volume-50-sv","14":"first","15":"instock","16":"taxable","17":"shipping-taxable","18":"purchasable","19":"product-type-simple"},"bundled_by":[],"bundle_stock_status":"instock","bundle_stock_quantity":null,"bundle_virtual":false,"bundle_layout":"","bundle_add_to_cart_form_location":"","bundle_editable_in_cart":false,"bundle_sold_individually_context":"","bundle_item_grouping":"","bundle_min_size":"","bundle_max_size":"","bundle_price":[],"bundled_items":[],"bundle_sell_ids":[],"acf":[],"_links":{"self":[{"href":"https:\/\/www.raschvin.com\/sv\/wp-json\/wp\/v2\/product\/17026","targetHints":{"allow":["GET"]}}],"collection":[{"href":"https:\/\/www.raschvin.com\/sv\/wp-json\/wp\/v2\/product"}],"about":[{"href":"https:\/\/www.raschvin.com\/sv\/wp-json\/wp\/v2\/types\/product"}],"wp:featuredmedia":[{"embeddable":true,"href":"https:\/\/www.raschvin.com\/sv\/wp-json\/wp\/v2\/media\/11203"}],"wp:attachment":[{"href":"https:\/\/www.raschvin.com\/sv\/wp-json\/wp\/v2\/media?parent=17026"}],"wp:term":[{"taxonomy":"product_brand","embeddable":true,"href":"https:\/\/www.raschvin.com\/sv\/wp-json\/wp\/v2\/product_brand?post=17026"},{"taxonomy":"product_cat","embeddable":true,"href":"https:\/\/www.raschvin.com\/sv\/wp-json\/wp\/v2\/product_cat?post=17026"},{"taxonomy":"product_tag","embeddable":true,"href":"https:\/\/www.raschvin.com\/sv\/wp-json\/wp\/v2\/product_tag?post=17026"}],"curies":[{"name":"wp","href":"https:\/\/api.w.org\/{rel}","templated":true}]}}