{"id":17024,"date":"2022-05-30T11:23:19","date_gmt":"2022-05-30T09:23:19","guid":{"rendered":"https:\/\/www.raschvin.com\/vare\/bepi-tosolini-grappa-triple-cask\/"},"modified":"2022-10-26T14:13:28","modified_gmt":"2022-10-26T12:13:28","slug":"bepi-tosolini-grappa-triple-cask-2","status":"publish","type":"product","link":"https:\/\/www.raschvin.com\/sv\/produkt\/bepi-tosolini-grappa-triple-cask-2\/","title":{"rendered":"Bepi Tosolini &#8211; Grappa Triple Casks 50 cl. 40%"},"content":{"rendered":"<p>Grappa Triple Casks, en \u00e4del blandning av olika grappa sorter, fr\u00e5n granater av r\u00f6da druvor och moscato druvor med individuell \u00e5ldrande i Ter Aditional Oak Bariques och i askor.<\/p>\n<p>F\u00e4rska granater av utvalda r\u00f6da druvor och moscato druvor<br \/>\nAlkoholinneh\u00e5ll: 40% vol.<br \/>\nInformation: Traditionell, manuellt drivna \u00e5ngb\u00e5tar-stills<br \/>\nBarrique: Franska Ege Bilar och Ashbars<br \/>\nF\u00e4rg: Intensiv b\u00e4rnsten med gyllene nyanser<br \/>\nKropp: intensiv<br \/>\nSmak: Intensiv och aromatisk med dofter av rostade n\u00f6tter och omslutande vaniljb\u00e4ddar p\u00e5 grund av olika \u00e5ldrande i ek och aska. Triple Casks Kryddor sl\u00e4pper ut en komplex struktur och en kontinuerlig finish p\u00e5 gommen.<br \/>\nServeringsf\u00f6rslag: Servera vid en temperatur av 18\/20 \u00b0 i det klassiska tulpanglaset.<\/p>\n<p>Tredje faser<br \/>\nGrappa B En Rrique Grappa fr\u00e5n r\u00f6da druvor, \u00e5ldrade i Ege bilar Grappa fr\u00e5n Moscato Druv Pomaces, \u00e5ldras i Ege Cars sista kryddor i Ashtriques<\/p>\n","protected":false},"excerpt":{"rendered":"<p>Handcrafted Italian Grappa &#8211; Udine<\/p>\n","protected":false},"featured_media":11183,"template":"","meta":{"_acf_changed":false,"rs_blank_template":"","rs_page_bg_color":"","slide_template_v7":""},"product_brand":[],"product_cat":[2743,2397],"product_tag":[],"class_list":{"0":"post-17024","1":"product","2":"type-product","3":"status-publish","4":"has-post-thumbnail","6":"product_cat-brannvin-sv","7":"product_cat-grappa-sv","8":"pa_land-italien-sv","9":"pa_procent-40-sv-2","10":"pa_producent-bepi-tosolini-sv","11":"pa_region-friuli-sv","12":"pa_volume-50-sv","14":"first","15":"outofstock","16":"taxable","17":"shipping-taxable","18":"purchasable","19":"product-type-simple"},"bundled_by":[],"bundle_stock_status":"outofstock","bundle_stock_quantity":null,"bundle_virtual":false,"bundle_layout":"","bundle_add_to_cart_form_location":"","bundle_editable_in_cart":false,"bundle_sold_individually_context":"","bundle_item_grouping":"","bundle_min_size":"","bundle_max_size":"","bundle_price":[],"bundled_items":[],"bundle_sell_ids":[],"acf":[],"_links":{"self":[{"href":"https:\/\/www.raschvin.com\/sv\/wp-json\/wp\/v2\/product\/17024","targetHints":{"allow":["GET"]}}],"collection":[{"href":"https:\/\/www.raschvin.com\/sv\/wp-json\/wp\/v2\/product"}],"about":[{"href":"https:\/\/www.raschvin.com\/sv\/wp-json\/wp\/v2\/types\/product"}],"wp:featuredmedia":[{"embeddable":true,"href":"https:\/\/www.raschvin.com\/sv\/wp-json\/wp\/v2\/media\/11183"}],"wp:attachment":[{"href":"https:\/\/www.raschvin.com\/sv\/wp-json\/wp\/v2\/media?parent=17024"}],"wp:term":[{"taxonomy":"product_brand","embeddable":true,"href":"https:\/\/www.raschvin.com\/sv\/wp-json\/wp\/v2\/product_brand?post=17024"},{"taxonomy":"product_cat","embeddable":true,"href":"https:\/\/www.raschvin.com\/sv\/wp-json\/wp\/v2\/product_cat?post=17024"},{"taxonomy":"product_tag","embeddable":true,"href":"https:\/\/www.raschvin.com\/sv\/wp-json\/wp\/v2\/product_tag?post=17024"}],"curies":[{"name":"wp","href":"https:\/\/api.w.org\/{rel}","templated":true}]}}