{"id":17023,"date":"2022-05-30T11:22:00","date_gmt":"2022-05-30T09:22:00","guid":{"rendered":"https:\/\/www.raschvin.com\/vare\/bepti-tosolini-sambuca-premium-anis-liqueur\/"},"modified":"2022-10-26T18:57:45","modified_gmt":"2022-10-26T16:57:45","slug":"bepti-tosolini-sambuca-premium-anis-liqueur","status":"publish","type":"product","link":"https:\/\/www.raschvin.com\/sv\/produkt\/bepti-tosolini-sambuca-premium-anis-liqueur\/","title":{"rendered":"Bepti Tosolini &#8211; Premium Sambuca 70 cl. 38%"},"content":{"rendered":"<p>Sambuca Bepi Tosolini \u00e4r en italiensk anished f\u00e4rgl\u00f6s lik\u00f6r med en stark anis smak. V\u00e5r Sambuca uppn\u00e5s genom infusion och destillation av stj\u00e4rnanis och f\u00e4nk\u00e5l. Vi anv\u00e4nder endast de renaste ingredienserna f\u00f6r att bevara alla smaker och aromer. Sambuca kan serveras snyggt som &#8221;Ammazacaff\u00e8&#8221; eller precis som f\u00f6rfriskning med is och eventuellt l\u00e4gga till tre kaffeb\u00f6nor &#8221;con la mosca&#8221; (med flygen som vi sests i Italien). Ice f\u00f6rb\u00e4ttrar sin smak och \u00e4ndrar f\u00e4rgen p\u00e5 denna dryck fr\u00e5n transparent f\u00f6r att st\u00e4nga vit. L\u00e4gg till kaffe till det \u00e4r ett alternativ till den vanligaste &#8221;Caff\u00e8 Corretto&#8221; som vanligtvis h\u00e4nvisar till kaffe med n\u00e5gra droppar grappa.<\/p>\n<p>Destillat och infusion av Pimpinella Anisum &#8211; Star Anise<br \/>\nAlkohol: 38% vol.<br \/>\nF\u00e4rg: transparent.<br \/>\nSmak: Intensivt smaksatt med blomsteromor och en silkeslen yta intensiv och rik med r\u00e4tt s\u00f6tma<br \/>\nServeringsf\u00f6rslag: Server snyggt, med kaffe eller med isbitar<\/p>\n","protected":false},"excerpt":{"rendered":"<p>Handcrafted Premium Italian Licorice Liqueur &#8211; Udine<\/p>\n","protected":false},"featured_media":11176,"template":"","meta":{"_acf_changed":false,"rs_blank_template":"","rs_page_bg_color":"","slide_template_v7":""},"product_brand":[],"product_cat":[2387,4666,2390],"product_tag":[],"class_list":{"0":"post-17023","1":"product","2":"type-product","3":"status-publish","4":"has-post-thumbnail","6":"product_cat-avec-sv","7":"product_cat-lakrits-sprit","8":"product_cat-sprit","9":"pa_land-italien-sv","10":"pa_procent-38-sv","11":"pa_producent-bepi-tosolini-sv","12":"pa_region-friuli-sv","13":"pa_volume-70-sv-2","15":"first","16":"instock","17":"sale","18":"taxable","19":"shipping-taxable","20":"purchasable","21":"product-type-simple"},"bundled_by":[],"bundle_stock_status":"instock","bundle_stock_quantity":null,"bundle_virtual":false,"bundle_layout":"","bundle_add_to_cart_form_location":"","bundle_editable_in_cart":false,"bundle_sold_individually_context":"","bundle_item_grouping":"","bundle_min_size":"","bundle_max_size":"","bundle_price":[],"bundled_items":[],"bundle_sell_ids":[],"acf":[],"_links":{"self":[{"href":"https:\/\/www.raschvin.com\/sv\/wp-json\/wp\/v2\/product\/17023","targetHints":{"allow":["GET"]}}],"collection":[{"href":"https:\/\/www.raschvin.com\/sv\/wp-json\/wp\/v2\/product"}],"about":[{"href":"https:\/\/www.raschvin.com\/sv\/wp-json\/wp\/v2\/types\/product"}],"wp:featuredmedia":[{"embeddable":true,"href":"https:\/\/www.raschvin.com\/sv\/wp-json\/wp\/v2\/media\/11176"}],"wp:attachment":[{"href":"https:\/\/www.raschvin.com\/sv\/wp-json\/wp\/v2\/media?parent=17023"}],"wp:term":[{"taxonomy":"product_brand","embeddable":true,"href":"https:\/\/www.raschvin.com\/sv\/wp-json\/wp\/v2\/product_brand?post=17023"},{"taxonomy":"product_cat","embeddable":true,"href":"https:\/\/www.raschvin.com\/sv\/wp-json\/wp\/v2\/product_cat?post=17023"},{"taxonomy":"product_tag","embeddable":true,"href":"https:\/\/www.raschvin.com\/sv\/wp-json\/wp\/v2\/product_tag?post=17023"}],"curies":[{"name":"wp","href":"https:\/\/api.w.org\/{rel}","templated":true}]}}