{"id":17020,"date":"2022-05-30T11:22:00","date_gmt":"2022-05-30T09:22:00","guid":{"rendered":"https:\/\/www.raschvin.com\/vare\/bepi-tosolini-myrtil-fine-bilberries-liqueur\/"},"modified":"2023-03-13T18:37:55","modified_gmt":"2023-03-13T17:37:55","slug":"bepi-tosolini-myrtil-fine-bilberries-liqueur","status":"publish","type":"product","link":"https:\/\/www.raschvin.com\/sv\/produkt\/bepi-tosolini-myrtil-fine-bilberries-liqueur\/","title":{"rendered":"Bepi Tosolini &#8211; MYRTIL &#8211; Fine Wild Blueberry Liqueur 70 cl. 24%"},"content":{"rendered":"<p>Efter den h\u00f6ga kvaliteten p\u00e5 Bepi Tosolini-destillat \u00e4r MYRTIL helt naturlig utan konstgjorda aromer, f\u00e4rg\u00e4mnen eller tillsatser f\u00f6r att m\u00f6ta de internationella kr\u00e4vande och banbrytande smakerna.<br \/>\nReceptet \u00e4r v\u00e4ldigt enkelt f\u00f6r att f\u00e5nga den unika och omissk\u00e4nnliga smaken av vilda bl\u00e5b\u00e4r. Helt naturligt 100%; \u00f6ver 2 veckors beredning och infusion efter sk\u00f6rd garanterar en extraordin\u00e4r smak.<\/p>\n<p>0% artificiella smak\u00e4mnen, 0% f\u00e4rg\u00e4mnen, 100% naturliga<\/p>\n<p>Svart:<br \/>\nDestillat och infusion av vilda bl\u00e5b\u00e4r<br \/>\nAlkoholhalt:<br \/>\n24% vol.<br \/>\nHantverksm\u00e4ssig destillation:<br \/>\nmanuell destillation i antika botaniska stillbilder<br \/>\nF\u00e4rg:<br \/>\nm\u00f6rk nattbl\u00e5<br \/>\nSmakanteckningar:<br \/>\nunik smak, n\u00e5got s\u00f6t med omslutande toner<br \/>\nav saftiga vilda bl\u00e5b\u00e4r. Ov\u00e4ntat k\u00e4nslig f\u00f6r gommen.<br \/>\nServeringsf\u00f6rslag:<br \/>\nperfekt prydlig eller kyld, idealisk som huvudingrediens f\u00f6r vilda fruktcocktails.<\/p>\n","protected":false},"excerpt":{"rendered":"<p>Premium Handcrafted Italian Liqueur \u2013 Udine<\/p>\n","protected":false},"featured_media":11143,"template":"","meta":{"_acf_changed":false,"rs_blank_template":"","rs_page_bg_color":"","slide_template_v7":""},"product_brand":[],"product_cat":[2387,4670,2390],"product_tag":[],"class_list":{"0":"post-17020","1":"product","2":"type-product","3":"status-publish","4":"has-post-thumbnail","6":"product_cat-avec-sv","7":"product_cat-frukt","8":"product_cat-sprit","9":"pa_land-italien-sv","10":"pa_procent-24-sv","11":"pa_producent-bepi-tosolini-sv","12":"pa_region-udine-sv","13":"pa_volume-70-sv-2","15":"first","16":"instock","17":"sale","18":"taxable","19":"shipping-taxable","20":"purchasable","21":"product-type-simple"},"bundled_by":[],"bundle_stock_status":"instock","bundle_stock_quantity":null,"bundle_virtual":false,"bundle_layout":"","bundle_add_to_cart_form_location":"","bundle_editable_in_cart":false,"bundle_sold_individually_context":"","bundle_item_grouping":"","bundle_min_size":"","bundle_max_size":"","bundle_price":[],"bundled_items":[],"bundle_sell_ids":[],"acf":[],"_links":{"self":[{"href":"https:\/\/www.raschvin.com\/sv\/wp-json\/wp\/v2\/product\/17020","targetHints":{"allow":["GET"]}}],"collection":[{"href":"https:\/\/www.raschvin.com\/sv\/wp-json\/wp\/v2\/product"}],"about":[{"href":"https:\/\/www.raschvin.com\/sv\/wp-json\/wp\/v2\/types\/product"}],"wp:featuredmedia":[{"embeddable":true,"href":"https:\/\/www.raschvin.com\/sv\/wp-json\/wp\/v2\/media\/11143"}],"wp:attachment":[{"href":"https:\/\/www.raschvin.com\/sv\/wp-json\/wp\/v2\/media?parent=17020"}],"wp:term":[{"taxonomy":"product_brand","embeddable":true,"href":"https:\/\/www.raschvin.com\/sv\/wp-json\/wp\/v2\/product_brand?post=17020"},{"taxonomy":"product_cat","embeddable":true,"href":"https:\/\/www.raschvin.com\/sv\/wp-json\/wp\/v2\/product_cat?post=17020"},{"taxonomy":"product_tag","embeddable":true,"href":"https:\/\/www.raschvin.com\/sv\/wp-json\/wp\/v2\/product_tag?post=17020"}],"curies":[{"name":"wp","href":"https:\/\/api.w.org\/{rel}","templated":true}]}}