{"id":17019,"date":"2022-05-30T11:22:00","date_gmt":"2022-05-30T09:22:00","guid":{"rendered":"https:\/\/www.raschvin.com\/vare\/bepi-tosolini-most-acquavite-originale\/"},"modified":"2022-10-26T18:33:30","modified_gmt":"2022-10-26T16:33:30","slug":"bepi-tosolini-most-acquavite-originale","status":"publish","type":"product","link":"https:\/\/www.raschvin.com\/sv\/produkt\/bepi-tosolini-most-acquavite-originale\/","title":{"rendered":"Bepi Tosolini &#8211; MOST Acquavite Classico 70 cl. 40%"},"content":{"rendered":"<p>Grapeprit m\u00e5ste komma fr\u00e5n destillation av nypressad druva f\u00f6r att uppn\u00e5 en fruktig, j\u00e4mn jamavit med en aromatisk bukett och blomma prevalens. Craft Destillationen sker i hantverkshanddriven stillbilder f\u00f6r att bibeh\u00e5lla de k\u00e4nsliga och raffinerade aromerna av druv.<\/p>\n<p>Friulano, Fragolino, Moscato och Merlot druvor<br \/>\nAlkoholinneh\u00e5ll: 40% vol.<br \/>\nHantverksdisplay: Traditionell, manuellt man\u00f6vrerad, charant fortfarande dubbel destillation<br \/>\n\u00c5ldrande: 6 m\u00e5nader i rostfria tankar<br \/>\nF\u00e4rg: Klar och ljus<br \/>\nKropp: Delikat och intensiv<\/p>\n<p>Mycket elegant smak med tydliga blommiga anteckningar och antydan av r\u00f6da b\u00e4r. Anslutning och extremt delikat i gommen. Runda och silkeslen.<br \/>\nServeringsf\u00f6rslag: Servera vid en temperatur p\u00e5 16\/18 \u00b0 i en ballong.<\/p>\n<p>P\u00e5 80-talet skapade Bepi Tosolini &#8221;Most&#8221;, en mjuk och doftande druvsprit som kommer fr\u00e5n destillering av en rik och \u00e4del druvmust fr\u00e5n prestigefyllda friuliska druvor. Dubbeldestillerad f\u00f6r att f\u00e5 ett rent, sl\u00e4tt och extremt aromatiskt destillat som p\u00e5minner om sk\u00f6rdens fr\u00e4sch\u00f6r. Fermenterad must destilleras efter ett par dagar efter pressningen: den typiska smaken av nytt vin bevaras d\u00e4rf\u00f6r f\u00f6r att f\u00e5 druvornas ursprungliga smaker. Att uppt\u00e4cka detta m\u00e4sterverk signerat av dess skapare Bepi Tosolini, Master Distiller i Udine, \u00e4r en unik k\u00e4nsla.<\/p>\n","protected":false},"excerpt":{"rendered":"<p>Handcrafted Premium Italian Acquavite\/Grappa \u2013 Udine<\/p>\n","protected":false},"featured_media":11130,"template":"","meta":{"_acf_changed":false,"rs_blank_template":"","rs_page_bg_color":"","slide_template_v7":""},"product_brand":[],"product_cat":[2393,2743,2397],"product_tag":[],"class_list":{"0":"post-17019","1":"product","2":"type-product","3":"status-publish","4":"has-post-thumbnail","6":"product_cat-akvavit-snaps-sv","7":"product_cat-brannvin-sv","8":"product_cat-grappa-sv","9":"pa_land-italien-sv","10":"pa_procent-40-sv-2","11":"pa_producent-bepi-tosolini-sv","12":"pa_region-friuli-sv","13":"pa_volume-70-sv-2","15":"first","16":"outofstock","17":"taxable","18":"shipping-taxable","19":"purchasable","20":"product-type-simple"},"bundled_by":[],"bundle_stock_status":"outofstock","bundle_stock_quantity":null,"bundle_virtual":false,"bundle_layout":"","bundle_add_to_cart_form_location":"","bundle_editable_in_cart":false,"bundle_sold_individually_context":"","bundle_item_grouping":"","bundle_min_size":"","bundle_max_size":"","bundle_price":[],"bundled_items":[],"bundle_sell_ids":[],"acf":[],"_links":{"self":[{"href":"https:\/\/www.raschvin.com\/sv\/wp-json\/wp\/v2\/product\/17019","targetHints":{"allow":["GET"]}}],"collection":[{"href":"https:\/\/www.raschvin.com\/sv\/wp-json\/wp\/v2\/product"}],"about":[{"href":"https:\/\/www.raschvin.com\/sv\/wp-json\/wp\/v2\/types\/product"}],"wp:featuredmedia":[{"embeddable":true,"href":"https:\/\/www.raschvin.com\/sv\/wp-json\/wp\/v2\/media\/11130"}],"wp:attachment":[{"href":"https:\/\/www.raschvin.com\/sv\/wp-json\/wp\/v2\/media?parent=17019"}],"wp:term":[{"taxonomy":"product_brand","embeddable":true,"href":"https:\/\/www.raschvin.com\/sv\/wp-json\/wp\/v2\/product_brand?post=17019"},{"taxonomy":"product_cat","embeddable":true,"href":"https:\/\/www.raschvin.com\/sv\/wp-json\/wp\/v2\/product_cat?post=17019"},{"taxonomy":"product_tag","embeddable":true,"href":"https:\/\/www.raschvin.com\/sv\/wp-json\/wp\/v2\/product_tag?post=17019"}],"curies":[{"name":"wp","href":"https:\/\/api.w.org\/{rel}","templated":true}]}}