{"id":17014,"date":"2022-05-30T11:22:00","date_gmt":"2022-05-30T09:22:00","guid":{"rendered":"https:\/\/www.raschvin.com\/vare\/bepi-tosolini-grappa-vite-doro-barrique\/"},"modified":"2022-10-26T14:25:24","modified_gmt":"2022-10-26T12:25:24","slug":"bepi-tosolini-grappa-vite-doro-barrique","status":"publish","type":"product","link":"https:\/\/www.raschvin.com\/sv\/produkt\/bepi-tosolini-grappa-vite-doro-barrique\/","title":{"rendered":"Bepi Tosolini &#8211; Grappa Vite d&#8217;Oro Barrique 70 cl. 40%"},"content":{"rendered":"<p>Vite d&#8217;Oro Grappa \u00e4r traditionell och \u00e5ldrad i Ege i Tosolinis-k\u00e4llare i m\u00e5nga m\u00e5nader tills det \u00e4r varje perfekt \u00e5ldrande. En klok vald blandning av druvor som resulterar i ett rikt balanserat destillat med aromer av pressar och tr\u00e4. I \u00f6ver 70 \u00e5r har Grappa Vite d&#8217;Oro varit det hystoriska varum\u00e4rket Tosolini Distillery.<\/p>\n<p>Blandade Friulic Pomaces<br \/>\nAlkoholinneh\u00e5ll: 40% vol.<br \/>\nHantverksdisplay: Traditionella \u00e5ngavbokningar, manuellt manuellt manuellt<br \/>\n\u00c5ldrande: ekr\u00e4tter<br \/>\nF\u00e4rg: Ravgult med gyllene nyanser<br \/>\nKropp: intensiv<br \/>\nSmak: F\u00f6rf\u00f6riska anteckningar av vanilj, tobak och kandad frukt. Elegant, l\u00e5ngvarig bukett, mycket best\u00e4ndig f\u00f6r gommen.<br \/>\nServeringsf\u00f6rslag: Servera vid en temperatur av 16\/18 \u00b0 C i ett klassiskt tulpanglas.<\/p>\n","protected":false},"excerpt":{"rendered":"<p>Handcrafted Italian Grappa &#8211; Udine<\/p>\n","protected":false},"featured_media":11092,"template":"","meta":{"_acf_changed":false,"rs_blank_template":"","rs_page_bg_color":"","slide_template_v7":""},"product_brand":[],"product_cat":[2743,2397],"product_tag":[],"class_list":{"0":"post-17014","1":"product","2":"type-product","3":"status-publish","4":"has-post-thumbnail","6":"product_cat-brannvin-sv","7":"product_cat-grappa-sv","8":"pa_land-italien-sv","9":"pa_procent-40-sv-2","10":"pa_producent-bepi-tosolini-sv","11":"pa_region-friuli-sv","12":"pa_volume-70-sv-2","14":"first","15":"instock","16":"taxable","17":"shipping-taxable","18":"purchasable","19":"product-type-simple"},"bundled_by":[],"bundle_stock_status":"instock","bundle_stock_quantity":null,"bundle_virtual":false,"bundle_layout":"","bundle_add_to_cart_form_location":"","bundle_editable_in_cart":false,"bundle_sold_individually_context":"","bundle_item_grouping":"","bundle_min_size":"","bundle_max_size":"","bundle_price":[],"bundled_items":[],"bundle_sell_ids":[],"acf":[],"_links":{"self":[{"href":"https:\/\/www.raschvin.com\/sv\/wp-json\/wp\/v2\/product\/17014","targetHints":{"allow":["GET"]}}],"collection":[{"href":"https:\/\/www.raschvin.com\/sv\/wp-json\/wp\/v2\/product"}],"about":[{"href":"https:\/\/www.raschvin.com\/sv\/wp-json\/wp\/v2\/types\/product"}],"wp:featuredmedia":[{"embeddable":true,"href":"https:\/\/www.raschvin.com\/sv\/wp-json\/wp\/v2\/media\/11092"}],"wp:attachment":[{"href":"https:\/\/www.raschvin.com\/sv\/wp-json\/wp\/v2\/media?parent=17014"}],"wp:term":[{"taxonomy":"product_brand","embeddable":true,"href":"https:\/\/www.raschvin.com\/sv\/wp-json\/wp\/v2\/product_brand?post=17014"},{"taxonomy":"product_cat","embeddable":true,"href":"https:\/\/www.raschvin.com\/sv\/wp-json\/wp\/v2\/product_cat?post=17014"},{"taxonomy":"product_tag","embeddable":true,"href":"https:\/\/www.raschvin.com\/sv\/wp-json\/wp\/v2\/product_tag?post=17014"}],"curies":[{"name":"wp","href":"https:\/\/api.w.org\/{rel}","templated":true}]}}