{"id":17011,"date":"2022-05-30T11:20:30","date_gmt":"2022-05-30T09:20:30","guid":{"rendered":"https:\/\/www.raschvin.com\/vare\/bepi-tosolini-fragola-fine-wild-strawberry-liqueur\/"},"modified":"2023-03-13T18:22:15","modified_gmt":"2023-03-13T17:22:15","slug":"bepi-tosolini-fragola-fine-wild-strawberry-liqueur","status":"publish","type":"product","link":"https:\/\/www.raschvin.com\/sv\/produkt\/bepi-tosolini-fragola-fine-wild-strawberry-liqueur\/","title":{"rendered":"Bepi Tosolini &#8211; FRAGOLA &#8211; Fine Wild Strawberry Liqueur 70 cl. 24%"},"content":{"rendered":"<p>Bepi Tosolini Nytt sortiment av traditionella italienska andar, Grappa baserade, Spezieria. Efter den h\u00f6ga kvaliteten p\u00e5 Bepi Tosolini destillat \u00e4r Spezieria ganska naturligt utan artificiella dofter, f\u00e4rg\u00e4mnen och tillsatser f\u00f6r att m\u00f6ta internationella kr\u00e4vande och banbrytande palater. Fragola, ett enkelt recept d\u00e4r jag infusion och destillation av natur miniatyr Jurisphere, unik och extremt smaksatt, skapar ett otvetydigt m\u00e4sterverk, 100% naturligt. En infusion av mer \u00e4n 2 veckor med Grappa ger denna Spiritus italiensk och en riktigt otrolig smak.<\/p>\n<p>Variety: Wild Miniature Baby Jordgubbar<br \/>\nAlkohol: 24%<br \/>\nBeskrivning: En harmonisk blandning mellan destillat och infusion av Wild Thumbnail Thermalculator<\/p>\n<p>F\u00e4rg: Ljusr\u00f6d<br \/>\nTest Notes: F\u00f6r det mesta och omsluta anteckningar fr\u00e5n miniatyr vilda jordgubbar, m\u00e5ttligt s\u00f6t med en rik explosion av arom i gommen. Extremt intensiv och sammet eftersmak. Jordgubbar \u00e4r t\u00e4ta och l\u00e4tt alkoholiska f\u00f6r att avsl\u00f6ja en<br \/>\nOv\u00e4ntad kontrast med den s\u00f6ta v\u00e4tskan.<\/p>\n<p>Ingredienser: socker, alkohol, vilda miniatyr jordgubbar (24%)<br \/>\nJordgubbsinfusion, naturlig arom, citronsyra, naturlig f\u00e4rg.<br \/>\nServeringsf\u00f6rslag: Kyld eller snyggt, det \u00e4r den perfekta cocktailen<br \/>\nIngrediens, ett extra \u00e4ktenskap med det internationella<br \/>\nChampagnebaserade Cocktail Kir Royal<br \/>\nFragola &#8211; Spezieria.<br \/>\nGuldmedalj 2015 Masters<\/p>\n","protected":false},"excerpt":{"rendered":"<p>Premium Handcrafted Italian Liqueur &#8211; Udine<\/p>\n","protected":false},"featured_media":11065,"template":"","meta":{"_acf_changed":false,"rs_blank_template":"","rs_page_bg_color":"","slide_template_v7":""},"product_brand":[],"product_cat":[2387,4670,2390],"product_tag":[],"class_list":{"0":"post-17011","1":"product","2":"type-product","3":"status-publish","4":"has-post-thumbnail","6":"product_cat-avec-sv","7":"product_cat-frukt","8":"product_cat-sprit","9":"pa_land-italien-sv","10":"pa_procent-24-sv","11":"pa_producent-bepi-tosolini-sv","12":"pa_region-friuli-sv","13":"pa_volume-70-sv-2","15":"first","16":"instock","17":"sale","18":"taxable","19":"shipping-taxable","20":"purchasable","21":"product-type-simple"},"bundled_by":[],"bundle_stock_status":"instock","bundle_stock_quantity":null,"bundle_virtual":false,"bundle_layout":"","bundle_add_to_cart_form_location":"","bundle_editable_in_cart":false,"bundle_sold_individually_context":"","bundle_item_grouping":"","bundle_min_size":"","bundle_max_size":"","bundle_price":[],"bundled_items":[],"bundle_sell_ids":[],"acf":[],"_links":{"self":[{"href":"https:\/\/www.raschvin.com\/sv\/wp-json\/wp\/v2\/product\/17011","targetHints":{"allow":["GET"]}}],"collection":[{"href":"https:\/\/www.raschvin.com\/sv\/wp-json\/wp\/v2\/product"}],"about":[{"href":"https:\/\/www.raschvin.com\/sv\/wp-json\/wp\/v2\/types\/product"}],"wp:featuredmedia":[{"embeddable":true,"href":"https:\/\/www.raschvin.com\/sv\/wp-json\/wp\/v2\/media\/11065"}],"wp:attachment":[{"href":"https:\/\/www.raschvin.com\/sv\/wp-json\/wp\/v2\/media?parent=17011"}],"wp:term":[{"taxonomy":"product_brand","embeddable":true,"href":"https:\/\/www.raschvin.com\/sv\/wp-json\/wp\/v2\/product_brand?post=17011"},{"taxonomy":"product_cat","embeddable":true,"href":"https:\/\/www.raschvin.com\/sv\/wp-json\/wp\/v2\/product_cat?post=17011"},{"taxonomy":"product_tag","embeddable":true,"href":"https:\/\/www.raschvin.com\/sv\/wp-json\/wp\/v2\/product_tag?post=17011"}],"curies":[{"name":"wp","href":"https:\/\/api.w.org\/{rel}","templated":true}]}}