{"id":17010,"date":"2022-05-30T11:20:30","date_gmt":"2022-05-30T09:20:30","guid":{"rendered":"https:\/\/www.raschvin.com\/vare\/bepi-tosolini-expre-fine-coffee-liqueur\/"},"modified":"2024-03-26T13:55:40","modified_gmt":"2024-03-26T12:55:40","slug":"bepi-tosolini-expre-fine-coffee-liqueur","status":"publish","type":"product","link":"https:\/\/www.raschvin.com\/sv\/produkt\/bepi-tosolini-expre-fine-coffee-liqueur\/","title":{"rendered":"Bepi Tosolini &#8211; EXPR\u00c8 &#8211; Fine Coffee Liqueur 70 cl. 28%"},"content":{"rendered":"<p>Bepi Tosolinis nya sortiment av traditionella italienska andar \u00e4r Spezieria. Efter den h\u00f6ga kvaliteten p\u00e5 Bepi Tosolini destillat \u00e4r Spezieria helt naturligt utan artificiella aromer, f\u00e4rg\u00e4mnen eller tillsatser f\u00f6r att m\u00f6ta internationella kr\u00e4vande och banbrytande palater. Expr\u00e8 kaffe v\u00e4tska har uppn\u00e5tts med det b\u00e4sta arabiska kvalitetsr\u00e5varan f\u00f6r att komma ih\u00e5g den italienska &#8221;espresso&#8221; ber\u00f6mda v\u00e4rlden \u00f6ver. Destillationen och infusionen av kaffeb\u00f6nor ger Expr\u00e8 en typisk smak av v\u00e5r kaffepaus.<\/p>\n<p>Svart: lik\u00f6r av arabiskt kaffe i h\u00f6gsta kvalitet<br \/>\nAlkoholinneh\u00e5ll: 28% vol.<br \/>\nHantverksdisplay: Manuell destillation i gamla botaniska stillbilder<br \/>\nF\u00e4rg: m\u00f6rkbrun<br \/>\nSmak: En \u00e4kta arom av &#8221;espresso&#8221; kaffe, rostad trevlig och choklad. Delikat vanilj och karamelllanteckningar.<br \/>\nRundad och l\u00e5ngvarig eftersmak.<\/p>\n<p>Serveringsf\u00f6rslag: Trevligt eller p\u00e5 p\u00e5 klipporna, utm\u00e4rkta b\u00e5tar efter lunch eller middag n\u00e4r du vill ha smaken av riktigt kaffe. Perfekt f\u00f6r f\u00f6rberedd &#8221;Espresso Tosolini&#8221; &#8211; Cocktail (2 delar i Legni Tosolini, 1 del av Expr\u00e8, 2 Share sockersirap, ett italienskt kaffe, glass).<\/p>\n","protected":false},"excerpt":{"rendered":"<p>Premium Handcrafted Italian Coffee Liqueur &#8211; Udine<\/p>\n","protected":false},"featured_media":11052,"template":"","meta":{"_acf_changed":false,"rs_blank_template":"","rs_page_bg_color":"","slide_template_v7":""},"product_brand":[],"product_cat":[2387,4684,2390],"product_tag":[],"class_list":{"0":"post-17010","1":"product","2":"type-product","3":"status-publish","4":"has-post-thumbnail","6":"product_cat-avec-sv","7":"product_cat-kaffelikor","8":"product_cat-sprit","9":"pa_land-italien-sv","10":"pa_procent-28-sv","11":"pa_producent-bepi-tosolini-sv","12":"pa_region-friuli-sv","13":"pa_volume-70-sv-2","15":"first","16":"instock","17":"sale","18":"taxable","19":"shipping-taxable","20":"purchasable","21":"product-type-simple"},"bundled_by":[],"bundle_stock_status":"instock","bundle_stock_quantity":null,"bundle_virtual":false,"bundle_layout":"","bundle_add_to_cart_form_location":"","bundle_editable_in_cart":false,"bundle_sold_individually_context":"","bundle_item_grouping":"","bundle_min_size":"","bundle_max_size":"","bundle_price":[],"bundled_items":[],"bundle_sell_ids":[],"acf":[],"_links":{"self":[{"href":"https:\/\/www.raschvin.com\/sv\/wp-json\/wp\/v2\/product\/17010","targetHints":{"allow":["GET"]}}],"collection":[{"href":"https:\/\/www.raschvin.com\/sv\/wp-json\/wp\/v2\/product"}],"about":[{"href":"https:\/\/www.raschvin.com\/sv\/wp-json\/wp\/v2\/types\/product"}],"wp:featuredmedia":[{"embeddable":true,"href":"https:\/\/www.raschvin.com\/sv\/wp-json\/wp\/v2\/media\/11052"}],"wp:attachment":[{"href":"https:\/\/www.raschvin.com\/sv\/wp-json\/wp\/v2\/media?parent=17010"}],"wp:term":[{"taxonomy":"product_brand","embeddable":true,"href":"https:\/\/www.raschvin.com\/sv\/wp-json\/wp\/v2\/product_brand?post=17010"},{"taxonomy":"product_cat","embeddable":true,"href":"https:\/\/www.raschvin.com\/sv\/wp-json\/wp\/v2\/product_cat?post=17010"},{"taxonomy":"product_tag","embeddable":true,"href":"https:\/\/www.raschvin.com\/sv\/wp-json\/wp\/v2\/product_tag?post=17010"}],"curies":[{"name":"wp","href":"https:\/\/api.w.org\/{rel}","templated":true}]}}