{"id":17007,"date":"2022-05-30T11:20:30","date_gmt":"2022-05-30T09:20:30","guid":{"rendered":"https:\/\/www.raschvin.com\/vare\/bepi-tosolini-brandy-fogolar-12-years\/"},"modified":"2022-10-26T13:24:58","modified_gmt":"2022-10-26T11:24:58","slug":"bepi-tosolini-brandy-fogolar-12-years","status":"publish","type":"product","link":"https:\/\/www.raschvin.com\/sv\/produkt\/bepi-tosolini-brandy-fogolar-12-years\/","title":{"rendered":"Bepi Tosolini &#8211; Brandy Fogolar 12 Years 70CL 38,5%"},"content":{"rendered":"<p>Fr\u00e5n Bepi Tosolini Master Distiller, baserat p\u00e5 ett noggrant urval av r\u00f6da viner, \u00e4r Brandy Fogolar en unik italiensk vintage brandy i \u00e5ldern \u00f6ver 12 \u00e5r. En traditionell destillation i charant bevarar fortfarande spektakul\u00e4ra aromer av vinerna och j\u00e4mnheten hos en l\u00e5ngsam och delikat teknik. En l\u00e5ng och gradvis \u00e5ldrande i T\u00f8nder p\u00e5 de m\u00f6rka underjordiska k\u00e4llarna i familjen Tosolini avsl\u00f6jar en anm\u00e4rkningsv\u00e4rd meditation destillat.<\/p>\n<p>Variety: Blandade r\u00f6da friuliska viner.<br \/>\nAlkohol: 38,5 \u00b0<br \/>\nDestillation: Manuellt man\u00f6vrerad, Charante Style.<br \/>\n\u00c5ldrande: T\u00f8nder av ek<br \/>\nF\u00e4rg: Intensiv gul f\u00e4rg med orange nyanser.<br \/>\nKropp: sl\u00e4t och komplex<br \/>\nSmak Anm\u00e4rkningar: Stark och torr smak med en aromatisk och<br \/>\nkomplex doft. F\u00e4rskt och fruktigt arom.<br \/>\nServeringsf\u00f6rslag: Server vid en temperatur av 18\/20 \u00b0 C i en<br \/>\nBallonglas\u00f6gon.<\/p>\n","protected":false},"excerpt":{"rendered":"<p>Handcrafted Italian Brandy &#8211; Udine<\/p>\n","protected":false},"featured_media":11022,"template":"","meta":{"_acf_changed":false,"rs_blank_template":"","rs_page_bg_color":"","slide_template_v7":""},"product_brand":[],"product_cat":[2395,2743],"product_tag":[],"class_list":{"0":"post-17007","1":"product","2":"type-product","3":"status-publish","4":"has-post-thumbnail","6":"product_cat-brandy-sv","7":"product_cat-brannvin-sv","8":"pa_land-italien-sv","9":"pa_procent-38-5-sv","10":"pa_producent-bepi-tosolini-sv","11":"pa_region-friuli-sv","12":"pa_volume-70-sv-2","14":"first","15":"instock","16":"taxable","17":"shipping-taxable","18":"purchasable","19":"product-type-simple"},"bundled_by":[],"bundle_stock_status":"instock","bundle_stock_quantity":null,"bundle_virtual":false,"bundle_layout":"","bundle_add_to_cart_form_location":"","bundle_editable_in_cart":false,"bundle_sold_individually_context":"","bundle_item_grouping":"","bundle_min_size":"","bundle_max_size":"","bundle_price":[],"bundled_items":[],"bundle_sell_ids":[],"acf":[],"_links":{"self":[{"href":"https:\/\/www.raschvin.com\/sv\/wp-json\/wp\/v2\/product\/17007","targetHints":{"allow":["GET"]}}],"collection":[{"href":"https:\/\/www.raschvin.com\/sv\/wp-json\/wp\/v2\/product"}],"about":[{"href":"https:\/\/www.raschvin.com\/sv\/wp-json\/wp\/v2\/types\/product"}],"wp:featuredmedia":[{"embeddable":true,"href":"https:\/\/www.raschvin.com\/sv\/wp-json\/wp\/v2\/media\/11022"}],"wp:attachment":[{"href":"https:\/\/www.raschvin.com\/sv\/wp-json\/wp\/v2\/media?parent=17007"}],"wp:term":[{"taxonomy":"product_brand","embeddable":true,"href":"https:\/\/www.raschvin.com\/sv\/wp-json\/wp\/v2\/product_brand?post=17007"},{"taxonomy":"product_cat","embeddable":true,"href":"https:\/\/www.raschvin.com\/sv\/wp-json\/wp\/v2\/product_cat?post=17007"},{"taxonomy":"product_tag","embeddable":true,"href":"https:\/\/www.raschvin.com\/sv\/wp-json\/wp\/v2\/product_tag?post=17007"}],"curies":[{"name":"wp","href":"https:\/\/api.w.org\/{rel}","templated":true}]}}