{"id":17005,"date":"2022-05-30T11:20:30","date_gmt":"2022-05-30T09:20:30","guid":{"rendered":"https:\/\/www.raschvin.com\/vare\/bepi-tosolini-amaro-liquore-derbe\/"},"modified":"2022-10-26T13:21:20","modified_gmt":"2022-10-26T11:21:20","slug":"bepi-tosolini-amaro-liquore-derbe","status":"publish","type":"product","link":"https:\/\/www.raschvin.com\/sv\/produkt\/bepi-tosolini-amaro-liquore-derbe\/","title":{"rendered":"Bepi Tosolini &#8211; Amaro Tosolini Liquore D&#8217;erbe 70 cl. 30%"},"content":{"rendered":"<p>Italiensk lik\u00f6r bereddes enligt grundarens recept med en utm\u00e4rkt blandning av kryddor; En medelhavsm\u00e4ssa i ren druvdestillat.<\/p>\n<p>B\u00e4sta k\u00f6p 2016.<br \/>\n0% f\u00e4rg\u00e4mnen, 0% arom, 0% konserveringsmedel, 0% karamelll<\/p>\n<p>Alkoholinneh\u00e5ll: 30% vol.<br \/>\nHantverksdisplay: Steam Botanical Still<br \/>\nInfusion: I Ash T\u00f8nder<br \/>\nF\u00e4rg: Naturlig m\u00f6rk f\u00e4rg med orange nyanser<br \/>\nKropp: rik, aromatisk och intensiv<br \/>\nSmaka inte e s: En l\u00e5ng infusion avsl\u00f6jar en komplex, balanserad och rundad arom<br \/>\nSmaka med en bitter orange eftersmak och en s\u00f6t spiceish<\/p>\n<p>Serveringsf\u00f6rslag:<br \/>\nPefect kyld eller med is som en traditionell aperitif eller fr\u00e4sch<br \/>\nSommarcocktails som &#8221;Spritz med&#8221;<\/p>\n","protected":false},"excerpt":{"rendered":"<p>Italian Handcrafted Amaro\/Liqueur &#8211; Udine<\/p>\n","protected":false},"featured_media":10999,"template":"","meta":{"_acf_changed":false,"rs_blank_template":"","rs_page_bg_color":"","slide_template_v7":""},"product_brand":[],"product_cat":[2394],"product_tag":[],"class_list":{"0":"post-17005","1":"product","2":"type-product","3":"status-publish","4":"has-post-thumbnail","6":"product_cat-bitter-sv","7":"pa_land-italien-sv","8":"pa_procent-30-sv","9":"pa_producent-bepi-tosolini-sv","10":"pa_region-friuli-sv","11":"pa_volume-70-sv-2","13":"first","14":"instock","15":"sale","16":"taxable","17":"shipping-taxable","18":"purchasable","19":"product-type-simple"},"bundled_by":["115697"],"bundle_stock_status":"instock","bundle_stock_quantity":null,"bundle_virtual":false,"bundle_layout":"","bundle_add_to_cart_form_location":"","bundle_editable_in_cart":false,"bundle_sold_individually_context":"","bundle_item_grouping":"","bundle_min_size":"","bundle_max_size":"","bundle_price":[],"bundled_items":[],"bundle_sell_ids":[],"acf":[],"_links":{"self":[{"href":"https:\/\/www.raschvin.com\/sv\/wp-json\/wp\/v2\/product\/17005","targetHints":{"allow":["GET"]}}],"collection":[{"href":"https:\/\/www.raschvin.com\/sv\/wp-json\/wp\/v2\/product"}],"about":[{"href":"https:\/\/www.raschvin.com\/sv\/wp-json\/wp\/v2\/types\/product"}],"wp:featuredmedia":[{"embeddable":true,"href":"https:\/\/www.raschvin.com\/sv\/wp-json\/wp\/v2\/media\/10999"}],"wp:attachment":[{"href":"https:\/\/www.raschvin.com\/sv\/wp-json\/wp\/v2\/media?parent=17005"}],"wp:term":[{"taxonomy":"product_brand","embeddable":true,"href":"https:\/\/www.raschvin.com\/sv\/wp-json\/wp\/v2\/product_brand?post=17005"},{"taxonomy":"product_cat","embeddable":true,"href":"https:\/\/www.raschvin.com\/sv\/wp-json\/wp\/v2\/product_cat?post=17005"},{"taxonomy":"product_tag","embeddable":true,"href":"https:\/\/www.raschvin.com\/sv\/wp-json\/wp\/v2\/product_tag?post=17005"}],"curies":[{"name":"wp","href":"https:\/\/api.w.org\/{rel}","templated":true}]}}