{"id":17003,"date":"2022-05-30T11:19:06","date_gmt":"2022-05-30T09:19:06","guid":{"rendered":"https:\/\/www.raschvin.com\/vare\/sma-cactus-blossom-lime\/"},"modified":"2022-12-07T08:30:24","modified_gmt":"2022-12-07T07:30:24","slug":"smaa-cactus-blossom-lime","status":"publish","type":"product","link":"https:\/\/www.raschvin.com\/sv\/produkt\/smaa-cactus-blossom-lime\/","title":{"rendered":"SM\u00c5 Cactus Blossom Lime PET 50 cl. 15%"},"content":{"rendered":"<p>Lukt<br \/>\nL\u00e4tt droppliknande arom k\u00e4nnetecknad av p\u00e4ron, mynta, blomma och citrus.<br \/>\nSmak<br \/>\nSval, mintig och s\u00f6t drink med medium fyllighet och toner av p\u00e4ron, blomma och citrus.<\/p>\n","protected":false},"excerpt":{"rendered":"<p>Danish Sweet Vodka Drink<\/p>\n","protected":false},"featured_media":10988,"template":"","meta":{"_acf_changed":false,"rs_blank_template":"","rs_page_bg_color":"","slide_template_v7":""},"product_brand":[],"product_cat":[2387,4670,2407,2390,2402],"product_tag":[],"class_list":{"0":"post-17003","1":"product","2":"type-product","3":"status-publish","4":"has-post-thumbnail","6":"product_cat-avec-sv","7":"product_cat-frukt","8":"product_cat-shots-sv","9":"product_cat-sprit","10":"product_cat-sprit-sv","11":"pa_land-danmark-sv","12":"pa_procent-15-sv","13":"pa_producent-spritfabrikken-danmark-sv","14":"pa_volume-50-sv","16":"first","17":"instock","18":"taxable","19":"shipping-taxable","20":"purchasable","21":"product-type-simple"},"bundled_by":[],"bundle_stock_status":"instock","bundle_stock_quantity":null,"bundle_virtual":false,"bundle_layout":"","bundle_add_to_cart_form_location":"","bundle_editable_in_cart":false,"bundle_sold_individually_context":"","bundle_item_grouping":"","bundle_min_size":"","bundle_max_size":"","bundle_price":[],"bundled_items":[],"bundle_sell_ids":[],"acf":[],"_links":{"self":[{"href":"https:\/\/www.raschvin.com\/sv\/wp-json\/wp\/v2\/product\/17003","targetHints":{"allow":["GET"]}}],"collection":[{"href":"https:\/\/www.raschvin.com\/sv\/wp-json\/wp\/v2\/product"}],"about":[{"href":"https:\/\/www.raschvin.com\/sv\/wp-json\/wp\/v2\/types\/product"}],"wp:featuredmedia":[{"embeddable":true,"href":"https:\/\/www.raschvin.com\/sv\/wp-json\/wp\/v2\/media\/10988"}],"wp:attachment":[{"href":"https:\/\/www.raschvin.com\/sv\/wp-json\/wp\/v2\/media?parent=17003"}],"wp:term":[{"taxonomy":"product_brand","embeddable":true,"href":"https:\/\/www.raschvin.com\/sv\/wp-json\/wp\/v2\/product_brand?post=17003"},{"taxonomy":"product_cat","embeddable":true,"href":"https:\/\/www.raschvin.com\/sv\/wp-json\/wp\/v2\/product_cat?post=17003"},{"taxonomy":"product_tag","embeddable":true,"href":"https:\/\/www.raschvin.com\/sv\/wp-json\/wp\/v2\/product_tag?post=17003"}],"curies":[{"name":"wp","href":"https:\/\/api.w.org\/{rel}","templated":true}]}}