{"id":17002,"date":"2022-05-30T11:19:06","date_gmt":"2022-05-30T09:19:06","guid":{"rendered":"https:\/\/www.raschvin.com\/vare\/sma-sure-lemon-sorbet-16-4-100-cl\/"},"modified":"2022-12-07T10:09:56","modified_gmt":"2022-12-07T09:09:56","slug":"smaa-sure-lemon-sorbet-16-4-100-cl","status":"publish","type":"product","link":"https:\/\/www.raschvin.com\/sv\/produkt\/smaa-sure-lemon-sorbet-16-4-100-cl\/","title":{"rendered":"SM\u00c5 SURE Lemon Sorbet 100 cl. 16,4%"},"content":{"rendered":"<p>Sommarens b\u00e4sta smak kommer h\u00e4r med nya Sm\u00e5 Sure Lemon Sorbet &#8211; en virvlande explosion av syrliga, f\u00e4rska citroner. Den har en f\u00f6rf\u00f6riskt fr\u00e4sch och syrlig smak av citron och en touch av s\u00f6tma, som man k\u00e4nner fr\u00e5n sorbetglass.<br \/>\nSm\u00e5 Sour Lemon Sorbet kan avnjutas som en s\u00e4rskilt smakrik shot eller blandas i drinkar och cocktails.<br \/>\n100 cl. \/ 16,4 %<\/p>\n<p>SM\u00c5 SKUT<\/p>\n<p>Sm\u00e5 Shots \u00e4r din ultimata festpartner \u2013 alltid redo f\u00f6r skoj och kr\u00e5ngel, i ett hav av festliga f\u00e4rger och smaker. Sm\u00e5 Shots \u00e4r baserade p\u00e5 ren vodka. B\u00e5de recept och smak \u00e4r framtagna i v\u00e5rt eget laboratorium och produceras p\u00e5 Spritfabrikken Danmark, bel\u00e4get i Kolding. \u00c4garen Hans Ulrik Winther Andersen \u00e4r den drivande kraften i f\u00f6retaget \u2013 speciellt n\u00e4r det kommer till produktutveckling.<br \/>\nDet allra f\u00f6rsta skottet kom ut p\u00e5 marknaden 2005 \u2013 och det b\u00f6rjade med de sm\u00e5 lakritsshots: Small Blue, Small Yellow och Small Grey. D\u00e5 \u2013 som nu \u2013 handlade det om att g\u00f6ra en &#8217;liten vass&#8217; som kunde avnjutas tillsammans. Smaken var inriktad p\u00e5 att f\u00f6rh\u00f6ja lakritssmaken. Det m\u00e5ste smaka gott!<br \/>\nId\u00e9n till den f\u00f6rsta Sm\u00e5 Sure v\u00e4cktes 2013, efter att Hans Ulrik Winther Andersen uppt\u00e4ckt en trend med den syrliga smaken. Det gav honom id\u00e9n att det ocks\u00e5 borde vara m\u00f6jligt att g\u00f6ra det som ett skott. Och det kunde det verkligen \u2013 Sm\u00e5 Sure Sour Apple s\u00e5g dagens ljus 2014 och m\u00e5nga fler l\u00e4ckra sorter har tillkommit sedan dess.<\/p>\n","protected":false},"excerpt":{"rendered":"<p>Danish Sweet &#038; Sour Spirit Drink<\/p>\n","protected":false},"featured_media":10978,"template":"","meta":{"_acf_changed":false,"rs_blank_template":"","rs_page_bg_color":"","slide_template_v7":""},"product_brand":[],"product_cat":[2387,4670,2407,2390,2402],"product_tag":[],"class_list":{"0":"post-17002","1":"product","2":"type-product","3":"status-publish","4":"has-post-thumbnail","6":"product_cat-avec-sv","7":"product_cat-frukt","8":"product_cat-shots-sv","9":"product_cat-sprit","10":"product_cat-sprit-sv","11":"pa_land-danmark-sv","12":"pa_procent-16-4-sv","13":"pa_producent-spritfabrikken-danmark-sv","14":"pa_volume-100-sv","16":"first","17":"instock","18":"taxable","19":"shipping-taxable","20":"purchasable","21":"product-type-simple"},"bundled_by":[],"bundle_stock_status":"instock","bundle_stock_quantity":null,"bundle_virtual":false,"bundle_layout":"","bundle_add_to_cart_form_location":"","bundle_editable_in_cart":false,"bundle_sold_individually_context":"","bundle_item_grouping":"","bundle_min_size":"","bundle_max_size":"","bundle_price":[],"bundled_items":[],"bundle_sell_ids":[],"acf":[],"_links":{"self":[{"href":"https:\/\/www.raschvin.com\/sv\/wp-json\/wp\/v2\/product\/17002","targetHints":{"allow":["GET"]}}],"collection":[{"href":"https:\/\/www.raschvin.com\/sv\/wp-json\/wp\/v2\/product"}],"about":[{"href":"https:\/\/www.raschvin.com\/sv\/wp-json\/wp\/v2\/types\/product"}],"wp:featuredmedia":[{"embeddable":true,"href":"https:\/\/www.raschvin.com\/sv\/wp-json\/wp\/v2\/media\/10978"}],"wp:attachment":[{"href":"https:\/\/www.raschvin.com\/sv\/wp-json\/wp\/v2\/media?parent=17002"}],"wp:term":[{"taxonomy":"product_brand","embeddable":true,"href":"https:\/\/www.raschvin.com\/sv\/wp-json\/wp\/v2\/product_brand?post=17002"},{"taxonomy":"product_cat","embeddable":true,"href":"https:\/\/www.raschvin.com\/sv\/wp-json\/wp\/v2\/product_cat?post=17002"},{"taxonomy":"product_tag","embeddable":true,"href":"https:\/\/www.raschvin.com\/sv\/wp-json\/wp\/v2\/product_tag?post=17002"}],"curies":[{"name":"wp","href":"https:\/\/api.w.org\/{rel}","templated":true}]}}