{"id":16987,"date":"2022-05-30T11:17:47","date_gmt":"2022-05-30T09:17:47","guid":{"rendered":"https:\/\/www.raschvin.com\/vare\/cynar-ricetta-originale\/"},"modified":"2022-11-14T11:35:05","modified_gmt":"2022-11-14T10:35:05","slug":"cynar-ricetta-originale","status":"publish","type":"product","link":"https:\/\/www.raschvin.com\/sv\/produkt\/cynar-ricetta-originale\/","title":{"rendered":"Cynar Ricetta Originale 70 cl. 16,5%"},"content":{"rendered":"<p>Cynar \u00e4r en kron\u00e4rtskockbaserad bittersweetlik\u00f6r som \u00e4r k\u00e4nd f\u00f6r sin m\u00e5ngsidighet och karakteristiska smak. Dess smak \u00e4r berikad med en infusion av 13 \u00f6rter och v\u00e4xter. Namnet p\u00e5 drycken kommer fr\u00e5n Cynar Scolymus, det botaniska namnet f\u00f6r kron\u00e4rtskock, som kron\u00e4rtskockblad ger den karakteristiska smaken.<\/p>\n<p>Det hemliga receptet som har varit detsamma sedan etableringen \u00e4r baserad p\u00e5 n\u00e5gra av de naturliga \u00e4mnen som finns i kron\u00e4rtskockorna, inklusive &#8221;cynarin&#8221;.<\/p>\n","protected":false},"excerpt":{"rendered":"<p>Amaro &#8211; Italian Herb Bitter Liqueur<\/p>\n","protected":false},"featured_media":10837,"template":"","meta":{"_acf_changed":false,"rs_blank_template":"","rs_page_bg_color":"","slide_template_v7":""},"product_brand":[],"product_cat":[2743,2394],"product_tag":[],"class_list":{"0":"post-16987","1":"product","2":"type-product","3":"status-publish","4":"has-post-thumbnail","6":"product_cat-brannvin-sv","7":"product_cat-bitter-sv","8":"pa_land-italien-sv","9":"pa_procent-16-5-sv","10":"pa_producent-cynar-sv","11":"pa_volume-170-sv","13":"first","14":"instock","15":"taxable","16":"shipping-taxable","17":"purchasable","18":"product-type-simple"},"bundled_by":[],"bundle_stock_status":"instock","bundle_stock_quantity":null,"bundle_virtual":false,"bundle_layout":"","bundle_add_to_cart_form_location":"","bundle_editable_in_cart":false,"bundle_sold_individually_context":"","bundle_item_grouping":"","bundle_min_size":"","bundle_max_size":"","bundle_price":[],"bundled_items":[],"bundle_sell_ids":[],"acf":[],"_links":{"self":[{"href":"https:\/\/www.raschvin.com\/sv\/wp-json\/wp\/v2\/product\/16987","targetHints":{"allow":["GET"]}}],"collection":[{"href":"https:\/\/www.raschvin.com\/sv\/wp-json\/wp\/v2\/product"}],"about":[{"href":"https:\/\/www.raschvin.com\/sv\/wp-json\/wp\/v2\/types\/product"}],"wp:featuredmedia":[{"embeddable":true,"href":"https:\/\/www.raschvin.com\/sv\/wp-json\/wp\/v2\/media\/10837"}],"wp:attachment":[{"href":"https:\/\/www.raschvin.com\/sv\/wp-json\/wp\/v2\/media?parent=16987"}],"wp:term":[{"taxonomy":"product_brand","embeddable":true,"href":"https:\/\/www.raschvin.com\/sv\/wp-json\/wp\/v2\/product_brand?post=16987"},{"taxonomy":"product_cat","embeddable":true,"href":"https:\/\/www.raschvin.com\/sv\/wp-json\/wp\/v2\/product_cat?post=16987"},{"taxonomy":"product_tag","embeddable":true,"href":"https:\/\/www.raschvin.com\/sv\/wp-json\/wp\/v2\/product_tag?post=16987"}],"curies":[{"name":"wp","href":"https:\/\/api.w.org\/{rel}","templated":true}]}}