{"id":16983,"date":"2022-05-30T11:16:22","date_gmt":"2022-05-30T09:16:22","guid":{"rendered":"https:\/\/www.raschvin.com\/vare\/sure-fisk-sour-cola-100-cl\/"},"modified":"2022-12-07T16:17:26","modified_gmt":"2022-12-07T15:17:26","slug":"sure-fisk-sour-cola-100-cl","status":"publish","type":"product","link":"https:\/\/www.raschvin.com\/sv\/produkt\/sure-fisk-sour-cola-100-cl\/","title":{"rendered":"SURE FISK &#8211; Sour Cola Shot 100 cl. 15%"},"content":{"rendered":"<p>Visst Fish Sour Coke \u00e4r den 3: e varianten i serien av de popul\u00e4ra sura skotten. Den har en ny och sur smak av cola.<\/p>\n<p>F\u00f6r den b\u00e4sta smakupplevelsen serveras s\u00e4kert fisk cola kyld i ett skottglas.<\/p>\n<p>100 cl.\/15%<\/p>\n","protected":false},"excerpt":{"rendered":"<p>Sweet &#038; Sour Shot-Mixer<\/p>\n","protected":false},"featured_media":10803,"template":"","meta":{"_acf_changed":false,"rs_blank_template":"","rs_page_bg_color":"","slide_template_v7":""},"product_brand":[],"product_cat":[4716,2387,2407,2390,2402],"product_tag":[],"class_list":{"0":"post-16983","1":"product","2":"type-product","3":"status-publish","4":"has-post-thumbnail","6":"product_cat-andra-likorer","7":"product_cat-avec-sv","8":"product_cat-shots-sv","9":"product_cat-sprit","10":"product_cat-sprit-sv","11":"pa_land-danmark-sv","12":"pa_procent-15-sv","13":"pa_producent-united-drinks-sv","14":"pa_volume-100-sv","16":"first","17":"instock","18":"taxable","19":"shipping-taxable","20":"purchasable","21":"product-type-simple"},"bundled_by":[],"bundle_stock_status":"instock","bundle_stock_quantity":null,"bundle_virtual":false,"bundle_layout":"","bundle_add_to_cart_form_location":"","bundle_editable_in_cart":false,"bundle_sold_individually_context":"","bundle_item_grouping":"","bundle_min_size":"","bundle_max_size":"","bundle_price":[],"bundled_items":[],"bundle_sell_ids":[],"acf":[],"_links":{"self":[{"href":"https:\/\/www.raschvin.com\/sv\/wp-json\/wp\/v2\/product\/16983","targetHints":{"allow":["GET"]}}],"collection":[{"href":"https:\/\/www.raschvin.com\/sv\/wp-json\/wp\/v2\/product"}],"about":[{"href":"https:\/\/www.raschvin.com\/sv\/wp-json\/wp\/v2\/types\/product"}],"wp:featuredmedia":[{"embeddable":true,"href":"https:\/\/www.raschvin.com\/sv\/wp-json\/wp\/v2\/media\/10803"}],"wp:attachment":[{"href":"https:\/\/www.raschvin.com\/sv\/wp-json\/wp\/v2\/media?parent=16983"}],"wp:term":[{"taxonomy":"product_brand","embeddable":true,"href":"https:\/\/www.raschvin.com\/sv\/wp-json\/wp\/v2\/product_brand?post=16983"},{"taxonomy":"product_cat","embeddable":true,"href":"https:\/\/www.raschvin.com\/sv\/wp-json\/wp\/v2\/product_cat?post=16983"},{"taxonomy":"product_tag","embeddable":true,"href":"https:\/\/www.raschvin.com\/sv\/wp-json\/wp\/v2\/product_tag?post=16983"}],"curies":[{"name":"wp","href":"https:\/\/api.w.org\/{rel}","templated":true}]}}