{"id":16974,"date":"2024-08-23T08:22:22","date_gmt":"2024-08-23T06:22:22","guid":{"rendered":"https:\/\/www.raschvin.com\/vare\/braastad-v-s-o-p\/"},"modified":"2022-11-03T18:38:43","modified_gmt":"2022-11-03T17:38:43","slug":"braastad-v-s-o-p","status":"publish","type":"product","link":"https:\/\/www.raschvin.com\/sv\/produkt\/braastad-v-s-o-p\/","title":{"rendered":"Braastad Cognac V.S.O.P 70 cl. 40%"},"content":{"rendered":"<p>Braastad vsop inneh\u00e5ller viner fr\u00e5n petite champagne och fenor bois, och blandningen ger cognac en full och balanserad smak med karakt\u00e4ren av blommor, kryddor och choklad.<\/p>\n<p>Cognac-distriktet \u00e4r uppdelat i 6 omr\u00e5den: Bois Ordinaires och Bons Bois \u00e4r i den absoluta yttre zonen. N\u00e4rmare huvudstaden \u00e4r fin Bois och Borderies, och runt staden S\u00e9gonzac hittar vi de tv\u00e5 sista omr\u00e5dena, Petite Champagne och Grande Champagne. Totalt t\u00e4cker distriktet 1 132 500 ha, varav 80 000 \u00e4r huvudsakligen planterade med Ugni Blanc. Var och en av de n\u00e4mnda omr\u00e5dena ger sina egenskaper, men det \u00e4r i Petite Champagne och Grande Champagne att s\u00f6ka om du vill veta varf\u00f6r Cognac \u00e4r v\u00e4rldens b\u00e4sta brandy. Det spelar ingen roll vilket basvin du anv\u00e4nder n\u00e4r du destillerar konjak. Vinet reduceras under processen, och endast de r\u00e4ttvisa vinerna kan producera och f\u00f6rst\u00e4rka de b\u00e4sta basegenskaperna.<\/p>\n","protected":false},"excerpt":{"rendered":"<p>Cognac de France<\/p>\n","protected":false},"featured_media":10713,"template":"","meta":{"_acf_changed":false,"rs_blank_template":"","rs_page_bg_color":"","slide_template_v7":""},"product_brand":[],"product_cat":[2387,2389,4606],"product_tag":[],"class_list":{"0":"post-16974","1":"product","2":"type-product","3":"status-publish","4":"has-post-thumbnail","6":"product_cat-avec-sv","7":"product_cat-cognac-sv","8":"product_cat-v-s-o-p-sv","9":"pa_land-frankrike","10":"pa_procent-40-sv-2","11":"pa_producent-braastad-sv","12":"pa_region-cognac-sv","13":"pa_volume-70-sv-2","15":"first","16":"instock","17":"sale","18":"taxable","19":"shipping-taxable","20":"purchasable","21":"product-type-simple"},"bundled_by":[],"bundle_stock_status":"instock","bundle_stock_quantity":null,"bundle_virtual":false,"bundle_layout":"","bundle_add_to_cart_form_location":"","bundle_editable_in_cart":false,"bundle_sold_individually_context":"","bundle_item_grouping":"","bundle_min_size":"","bundle_max_size":"","bundle_price":[],"bundled_items":[],"bundle_sell_ids":[],"acf":[],"_links":{"self":[{"href":"https:\/\/www.raschvin.com\/sv\/wp-json\/wp\/v2\/product\/16974","targetHints":{"allow":["GET"]}}],"collection":[{"href":"https:\/\/www.raschvin.com\/sv\/wp-json\/wp\/v2\/product"}],"about":[{"href":"https:\/\/www.raschvin.com\/sv\/wp-json\/wp\/v2\/types\/product"}],"wp:featuredmedia":[{"embeddable":true,"href":"https:\/\/www.raschvin.com\/sv\/wp-json\/wp\/v2\/media\/10713"}],"wp:attachment":[{"href":"https:\/\/www.raschvin.com\/sv\/wp-json\/wp\/v2\/media?parent=16974"}],"wp:term":[{"taxonomy":"product_brand","embeddable":true,"href":"https:\/\/www.raschvin.com\/sv\/wp-json\/wp\/v2\/product_brand?post=16974"},{"taxonomy":"product_cat","embeddable":true,"href":"https:\/\/www.raschvin.com\/sv\/wp-json\/wp\/v2\/product_cat?post=16974"},{"taxonomy":"product_tag","embeddable":true,"href":"https:\/\/www.raschvin.com\/sv\/wp-json\/wp\/v2\/product_tag?post=16974"}],"curies":[{"name":"wp","href":"https:\/\/api.w.org\/{rel}","templated":true}]}}