{"id":16973,"date":"2024-08-23T08:16:56","date_gmt":"2024-08-23T06:16:56","guid":{"rendered":"https:\/\/www.raschvin.com\/vare\/braastad-v-s-ritch-fruity\/"},"modified":"2022-11-03T18:34:28","modified_gmt":"2022-11-03T17:34:28","slug":"braastad-v-s-ritch-fruity","status":"publish","type":"product","link":"https:\/\/www.raschvin.com\/sv\/produkt\/braastad-v-s-ritch-fruity\/","title":{"rendered":"Braastad Cognac V.S. 70 cl. 40%"},"content":{"rendered":"<p>Braastad vs \u00e4r en blandning av speciellt utvalda cognacs huvudsakligen fr\u00e5n regionerna Bons Bois och Fins Bois, i Frankrike d\u00e4r Cognac h\u00e4rstammar. Blandningen inneh\u00e5ller konjak, som har lagrats i 12 \u00e5r i sm\u00e5 ekar i Cognac Tiffons privata vink\u00e4llare i Jarnac.<\/p>\n<p>Cognac-distriktet \u00e4r uppdelat i 6 omr\u00e5den: Bois Ordinaires och Bons Bois \u00e4r i den absoluta yttre zonen. N\u00e4rmare huvudstaden \u00e4r fin Bois och Borderies, och runt staden S\u00e9gonzac hittar vi de tv\u00e5 sista omr\u00e5dena, Petite Champagne och Grande Champagne. Totalt t\u00e4cker distriktet 1 132 500 ha, varav 80 000 \u00e4r huvudsakligen planterade med Ugni Blanc. Var och en av de n\u00e4mnda omr\u00e5dena ger sina egenskaper, men det \u00e4r i Petite Champagne och Grande Champagne att s\u00f6ka om du vill veta varf\u00f6r Cognac \u00e4r v\u00e4rldens b\u00e4sta brandy. Det spelar ingen roll vilket basvin du anv\u00e4nder n\u00e4r du destillerar konjak. Vinet reduceras under processen, och endast de r\u00e4ttvisa vinerna kan producera och f\u00f6rst\u00e4rka de b\u00e4sta basegenskaperna.<\/p>\n","protected":false},"excerpt":{"rendered":"<p>Cognac de France<\/p>\n","protected":false},"featured_media":10703,"template":"","meta":{"_acf_changed":false,"rs_blank_template":"","rs_page_bg_color":"","slide_template_v7":""},"product_brand":[],"product_cat":[2387,2389,4603],"product_tag":[],"class_list":{"0":"post-16973","1":"product","2":"type-product","3":"status-publish","4":"has-post-thumbnail","6":"product_cat-avec-sv","7":"product_cat-cognac-sv","8":"product_cat-v-s-sv","9":"pa_land-frankrike","10":"pa_procent-40-sv-2","11":"pa_producent-braastad-sv","12":"pa_region-cognac-sv","13":"pa_volume-70-sv-2","15":"first","16":"instock","17":"sale","18":"taxable","19":"shipping-taxable","20":"purchasable","21":"product-type-simple"},"bundled_by":[],"bundle_stock_status":"instock","bundle_stock_quantity":null,"bundle_virtual":false,"bundle_layout":"","bundle_add_to_cart_form_location":"","bundle_editable_in_cart":false,"bundle_sold_individually_context":"","bundle_item_grouping":"","bundle_min_size":"","bundle_max_size":"","bundle_price":[],"bundled_items":[],"bundle_sell_ids":[],"acf":[],"_links":{"self":[{"href":"https:\/\/www.raschvin.com\/sv\/wp-json\/wp\/v2\/product\/16973","targetHints":{"allow":["GET"]}}],"collection":[{"href":"https:\/\/www.raschvin.com\/sv\/wp-json\/wp\/v2\/product"}],"about":[{"href":"https:\/\/www.raschvin.com\/sv\/wp-json\/wp\/v2\/types\/product"}],"wp:featuredmedia":[{"embeddable":true,"href":"https:\/\/www.raschvin.com\/sv\/wp-json\/wp\/v2\/media\/10703"}],"wp:attachment":[{"href":"https:\/\/www.raschvin.com\/sv\/wp-json\/wp\/v2\/media?parent=16973"}],"wp:term":[{"taxonomy":"product_brand","embeddable":true,"href":"https:\/\/www.raschvin.com\/sv\/wp-json\/wp\/v2\/product_brand?post=16973"},{"taxonomy":"product_cat","embeddable":true,"href":"https:\/\/www.raschvin.com\/sv\/wp-json\/wp\/v2\/product_cat?post=16973"},{"taxonomy":"product_tag","embeddable":true,"href":"https:\/\/www.raschvin.com\/sv\/wp-json\/wp\/v2\/product_tag?post=16973"}],"curies":[{"name":"wp","href":"https:\/\/api.w.org\/{rel}","templated":true}]}}