{"id":16972,"date":"2022-05-30T11:14:56","date_gmt":"2022-05-30T09:14:56","guid":{"rendered":"https:\/\/www.raschvin.com\/vare\/southern-comfort-original-100-cl\/"},"modified":"2022-12-07T12:49:59","modified_gmt":"2022-12-07T11:49:59","slug":"southern-comfort-original-100-cl","status":"publish","type":"product","link":"https:\/\/www.raschvin.com\/sv\/produkt\/southern-comfort-original-100-cl\/","title":{"rendered":"Southern Comfort Original 100 cl. 35%"},"content":{"rendered":"<p>S\u00f6dra komfort kommer ursprungligen fr\u00e5n New Orleans, Louisiana, d\u00e4r receptet skrevs ner 1860 av Irene Martin Wilkes Heron. Han arbetade som bartender i staden. Produktionen har skett sedan 1874, men stor f\u00f6rs\u00e4ljning och tappning b\u00f6rjade f\u00f6rst 1898 i Memphis, Tennessee.<\/p>\n<p>Heron flyttade till Memphis, Tennessee 1889 till patentens skapelse. Sedan b\u00f6rjade han s\u00e4lja den i f\u00f6rseglade flaskor med shrug &#8221;ingen riktig men min&#8221; och &#8221;tv\u00e5 per kund. Ingen gentleman skulle beg\u00e4ra mer&#8221;. S\u00f6dra komfort vann en guldmedalj p\u00e5 V\u00e4rldsutst\u00e4llningen 1904 i St. Louis, Missouri. Sedan 1930-talet har bilden p\u00e5 det sydliga komfort varum\u00e4rket avbildat ett hem i Mississippi. En skildring av hur Alfred Waudicts Woodland Plantation. Idag \u00e4r det en h\u00e4rlig herrg\u00e5rd som erbjuder boende med bed and breakfast.<\/p>\n<p>Receptet som inneh\u00e5ller \u00f6ver 100 ingredienser \u00e4r fortfarande hemlighet idag. Det \u00e4r emellertid k\u00e4nt att basen best\u00e5r av omogna bourbon, vilket \u00e4r smakfullt med olika frukter som aprikos och citron. Det familje\u00e4gda f\u00f6retaget Brown-Forman har \u00e4gt produkten sedan 1979. S\u00f6dra komfort \u00e4r nu en del av samma grupp som bland annat Jack Daniel Mix och kanadensisk dimma.<\/p>\n<p>S\u00f6dra komfort har en underbar ljus urban doft med tips av apelsinskal, aprikos, vanilj och apelsin. N\u00e4r det g\u00e4ller smak \u00e4r det fruktigt med aprikos och orange karakt\u00e4r och n\u00e5gra tips av \u00f6rter.<\/p>\n<p>S\u00f6dra komfort kan serveras kallt med is eller anv\u00e4ndas som kryddor i olika drickskontakter.<\/p>\n","protected":false},"excerpt":{"rendered":"<p>American Whiskey Liqueur<\/p>\n","protected":false},"featured_media":10690,"template":"","meta":{"_acf_changed":false,"rs_blank_template":"","rs_page_bg_color":"","slide_template_v7":""},"product_brand":[],"product_cat":[2387,2390,4682],"product_tag":[],"class_list":{"0":"post-16972","1":"product","2":"type-product","3":"status-publish","4":"has-post-thumbnail","6":"product_cat-avec-sv","7":"product_cat-sprit","8":"product_cat-whiskylikor","9":"pa_land-usa-sv","10":"pa_procent-35-sv","11":"pa_producent-sazerac-company-sv","12":"pa_region-new-orleans-sv","13":"pa_volume-100-sv","15":"first","16":"instock","17":"sale","18":"taxable","19":"shipping-taxable","20":"purchasable","21":"product-type-simple"},"bundled_by":[],"bundle_stock_status":"instock","bundle_stock_quantity":null,"bundle_virtual":false,"bundle_layout":"","bundle_add_to_cart_form_location":"","bundle_editable_in_cart":false,"bundle_sold_individually_context":"","bundle_item_grouping":"","bundle_min_size":"","bundle_max_size":"","bundle_price":[],"bundled_items":[],"bundle_sell_ids":[],"acf":[],"_links":{"self":[{"href":"https:\/\/www.raschvin.com\/sv\/wp-json\/wp\/v2\/product\/16972","targetHints":{"allow":["GET"]}}],"collection":[{"href":"https:\/\/www.raschvin.com\/sv\/wp-json\/wp\/v2\/product"}],"about":[{"href":"https:\/\/www.raschvin.com\/sv\/wp-json\/wp\/v2\/types\/product"}],"wp:featuredmedia":[{"embeddable":true,"href":"https:\/\/www.raschvin.com\/sv\/wp-json\/wp\/v2\/media\/10690"}],"wp:attachment":[{"href":"https:\/\/www.raschvin.com\/sv\/wp-json\/wp\/v2\/media?parent=16972"}],"wp:term":[{"taxonomy":"product_brand","embeddable":true,"href":"https:\/\/www.raschvin.com\/sv\/wp-json\/wp\/v2\/product_brand?post=16972"},{"taxonomy":"product_cat","embeddable":true,"href":"https:\/\/www.raschvin.com\/sv\/wp-json\/wp\/v2\/product_cat?post=16972"},{"taxonomy":"product_tag","embeddable":true,"href":"https:\/\/www.raschvin.com\/sv\/wp-json\/wp\/v2\/product_tag?post=16972"}],"curies":[{"name":"wp","href":"https:\/\/api.w.org\/{rel}","templated":true}]}}