{"id":16969,"date":"2022-05-30T11:14:56","date_gmt":"2022-05-30T09:14:56","guid":{"rendered":"https:\/\/www.raschvin.com\/vare\/gilde-maquavit\/"},"modified":"2022-11-17T20:27:53","modified_gmt":"2022-11-17T19:27:53","slug":"gilde-maquavit","status":"publish","type":"product","link":"https:\/\/www.raschvin.com\/sv\/produkt\/gilde-maquavit\/","title":{"rendered":"Gilde Maquavit 70 cl. 40%"},"content":{"rendered":"<p>Den rika och kraftfulla Maquavit fr\u00e5n Gilde lagras alla 5 \u00e5r p\u00e5 ekfat f\u00f6re tappning, vilket ger djup och komplexitet till det annars enkla Commenspiritus. P\u00e5 grund av det l\u00e5nga fadlagret rekommenderas Maquavit som ett alternativ till den goda konjaken eller whiskyen &#8211; kanske som Avec efter en god m\u00e5ltid.<\/p>\n<p>F\u00e4rg: Amber.<br \/>\nFragrance: N\u00e4stan chokladliknande aromer blandas med huden, aprikos, vanilj och apelsinskal.<br \/>\nSmak Anm\u00e4rkningar: Smaken \u00e4r rik och l\u00e4tt s\u00f6t med fin integrerad ek.<\/p>\n<p>Serveringsf\u00f6rslag: Njut av ost eller som digestif efter en god m\u00e5ltid.<\/p>\n<p>De m\u00e5nga olika Aquavites fr\u00e5n det norska f\u00f6retaget Gilde skapas f\u00f6r den perfekta gastronomiska f\u00f6reningen. Oavsett om det \u00e4r den bepr\u00f6vade kombinationen av skaldjur och dildakvavit eller det \u00e4r en mindre klassisk snapen, finns det en aquavite fr\u00e5n Gilde, som kan g\u00f6ra det g\u00e5 upp en h\u00f6gre enhet! V\u00e4rt att n\u00e4mna \u00e4r ocks\u00e5 julskakningen, som produceras enligt en mycket speciell metod. En tredjedel \u00e4r fadled i 1 \u00e5r, en tredjedel i 2 \u00e5r och den sista tredje \u00e4r den s\u00e5 kallade &#8221;moderandelen&#8221;, som best\u00e5r av aquavit fr\u00e5n alla tidigare \u00e5r. Denna unika &#8221;Solera&#8221; -metoden har varit i bruk sedan 1988!<\/p>\n","protected":false},"excerpt":{"rendered":"<p>Nord-Norges Aquavit<\/p>\n","protected":false},"featured_media":10657,"template":"","meta":{"_acf_changed":false,"rs_blank_template":"","rs_page_bg_color":"","slide_template_v7":""},"product_brand":[],"product_cat":[2393,2743],"product_tag":[],"class_list":{"0":"post-16969","1":"product","2":"type-product","3":"status-publish","4":"has-post-thumbnail","6":"product_cat-akvavit-snaps-sv","7":"product_cat-brannvin-sv","8":"pa_land-norge-sv","9":"pa_procent-40-sv-2","10":"pa_producent-gilde-sv","11":"pa_volume-70-sv-2","13":"first","14":"instock","15":"taxable","16":"shipping-taxable","17":"purchasable","18":"product-type-simple"},"bundled_by":[],"bundle_stock_status":"instock","bundle_stock_quantity":null,"bundle_virtual":false,"bundle_layout":"","bundle_add_to_cart_form_location":"","bundle_editable_in_cart":false,"bundle_sold_individually_context":"","bundle_item_grouping":"","bundle_min_size":"","bundle_max_size":"","bundle_price":[],"bundled_items":[],"bundle_sell_ids":[],"acf":[],"_links":{"self":[{"href":"https:\/\/www.raschvin.com\/sv\/wp-json\/wp\/v2\/product\/16969","targetHints":{"allow":["GET"]}}],"collection":[{"href":"https:\/\/www.raschvin.com\/sv\/wp-json\/wp\/v2\/product"}],"about":[{"href":"https:\/\/www.raschvin.com\/sv\/wp-json\/wp\/v2\/types\/product"}],"wp:featuredmedia":[{"embeddable":true,"href":"https:\/\/www.raschvin.com\/sv\/wp-json\/wp\/v2\/media\/10657"}],"wp:attachment":[{"href":"https:\/\/www.raschvin.com\/sv\/wp-json\/wp\/v2\/media?parent=16969"}],"wp:term":[{"taxonomy":"product_brand","embeddable":true,"href":"https:\/\/www.raschvin.com\/sv\/wp-json\/wp\/v2\/product_brand?post=16969"},{"taxonomy":"product_cat","embeddable":true,"href":"https:\/\/www.raschvin.com\/sv\/wp-json\/wp\/v2\/product_cat?post=16969"},{"taxonomy":"product_tag","embeddable":true,"href":"https:\/\/www.raschvin.com\/sv\/wp-json\/wp\/v2\/product_tag?post=16969"}],"curies":[{"name":"wp","href":"https:\/\/api.w.org\/{rel}","templated":true}]}}