{"id":16967,"date":"2022-05-30T11:14:56","date_gmt":"2022-05-30T09:14:56","guid":{"rendered":"https:\/\/www.raschvin.com\/vare\/loitens-sommer-aquavit\/"},"modified":"2024-07-30T07:36:39","modified_gmt":"2024-07-30T05:36:39","slug":"loeitens-sommer-aquavit","status":"publish","type":"product","link":"https:\/\/www.raschvin.com\/sv\/produkt\/loeitens-sommer-aquavit\/","title":{"rendered":"L\u00f8iten Sommer 70 cl. 38%"},"content":{"rendered":"<p>L\u00f8kens sommar Aquavit \u00e4r en balanserad och mild norsk aquavit med smaken av den kommande, citrusen och en l\u00e4tt fadend fr\u00e5n cirka nio m\u00e5nader av lagring p\u00e5 ekfat. D\u00e4rifr\u00e5n f\u00e5r AquaVite k\u00e4nsliga ber\u00f6ring av vanilj och en l\u00e4tt s\u00f6tma som harmoniserar v\u00e4l med de kryddiga anteckningarna. Det rekommenderas att aquavite l\u00e4tt kan njuta av att svalna f\u00f6r fisk, skaldjur eller ljust k\u00f6tt.<\/p>\n<p>F\u00e4rg: Ljus gyllene.<br \/>\nFragrance: Elegant doft av komplexet och citrus med tips av vanilj fr\u00e5n ek\u00e4cket.<br \/>\nSmak Anm\u00e4rkningar: Balans och friskhet. Citrus, kom och karamelll anteckningar.<\/p>\n<p>Serveringsf\u00f6rslag: det uppenbara ackompanjemanget till danska (eller norska) lunchbordet. Njut av det l\u00e4tt kylt, men inte n\u00f6dv\u00e4ndigtvis iskallt.<\/p>\n<p>L\u00f8ken Burneri grundades 1855 som ett kooperativ, d\u00e4r b\u00f6nderna i den norska kommunen \u00f6kar kunde destillera. N\u00e5gra \u00e5r senare \u00f6ppnade L\u00f8iten-br\u00e4nnarens destillation i Oslo, d\u00e4r r\u00e5premierna tillsattes till smaken av olika kryddor och \u00f6rter, och det \u00e4r mestadels samma recept som utvecklades vid den tidpunkt som anv\u00e4nds idag.<\/p>\n","protected":false},"excerpt":{"rendered":"<p>Norwegian Aquavit<\/p>\n","protected":false},"featured_media":10640,"template":"","meta":{"_acf_changed":false,"rs_blank_template":"","rs_page_bg_color":"","slide_template_v7":""},"product_brand":[],"product_cat":[2393],"product_tag":[],"class_list":{"0":"post-16967","1":"product","2":"type-product","3":"status-publish","4":"has-post-thumbnail","6":"product_cat-akvavit-snaps-sv","7":"pa_land-norge-sv","8":"pa_procent-38-sv","9":"pa_producent-loeiten-braenderi-sv","10":"pa_volume-70-sv-2","12":"first","13":"instock","14":"taxable","15":"shipping-taxable","16":"purchasable","17":"product-type-simple"},"bundled_by":[],"bundle_stock_status":"instock","bundle_stock_quantity":null,"bundle_virtual":false,"bundle_layout":"","bundle_add_to_cart_form_location":"","bundle_editable_in_cart":false,"bundle_sold_individually_context":"","bundle_item_grouping":"","bundle_min_size":"","bundle_max_size":"","bundle_price":[],"bundled_items":[],"bundle_sell_ids":[],"acf":[],"_links":{"self":[{"href":"https:\/\/www.raschvin.com\/sv\/wp-json\/wp\/v2\/product\/16967","targetHints":{"allow":["GET"]}}],"collection":[{"href":"https:\/\/www.raschvin.com\/sv\/wp-json\/wp\/v2\/product"}],"about":[{"href":"https:\/\/www.raschvin.com\/sv\/wp-json\/wp\/v2\/types\/product"}],"wp:featuredmedia":[{"embeddable":true,"href":"https:\/\/www.raschvin.com\/sv\/wp-json\/wp\/v2\/media\/10640"}],"wp:attachment":[{"href":"https:\/\/www.raschvin.com\/sv\/wp-json\/wp\/v2\/media?parent=16967"}],"wp:term":[{"taxonomy":"product_brand","embeddable":true,"href":"https:\/\/www.raschvin.com\/sv\/wp-json\/wp\/v2\/product_brand?post=16967"},{"taxonomy":"product_cat","embeddable":true,"href":"https:\/\/www.raschvin.com\/sv\/wp-json\/wp\/v2\/product_cat?post=16967"},{"taxonomy":"product_tag","embeddable":true,"href":"https:\/\/www.raschvin.com\/sv\/wp-json\/wp\/v2\/product_tag?post=16967"}],"curies":[{"name":"wp","href":"https:\/\/api.w.org\/{rel}","templated":true}]}}