{"id":16966,"date":"2022-05-30T11:14:56","date_gmt":"2022-05-30T09:14:56","guid":{"rendered":"https:\/\/www.raschvin.com\/vare\/loitens-aquavit\/"},"modified":"2022-11-23T19:36:39","modified_gmt":"2022-11-23T18:36:39","slug":"loeitens-aquavit","status":"publish","type":"product","link":"https:\/\/www.raschvin.com\/sv\/produkt\/loeitens-aquavit\/","title":{"rendered":"L\u00f8itens Aquavit *** 70 cl. 40%"},"content":{"rendered":"<p>L\u00f8iten Aquavit \u00e4r en klassisk, norsk lunch Accavite, som k\u00e4nnetecknas av tydliga anteckningar av den ankomst- och citrus- och en fin balans. I slutet en antydan av anis och en snygghet, som kommer fr\u00e5n cirka 6 m\u00e5nader p\u00e5 ekfat, d\u00e4r aquaviten ligger och mognar f\u00f6re tappningen.<\/p>\n<p>F\u00e4rg: Ljus gyllene.<br \/>\nFragrance: Elegant doft av komplex, citron och apelsinskal.<br \/>\nSmak Anm\u00e4rkningar: Mjukt och balanserad smak med det som anger i centrum och en antydan av anis.<\/p>\n<p>Serveringsf\u00f6rslag: det uppenbara ackompanjemanget till danska (eller norska) lunchbordet. Njut av det l\u00e4tt kylt, men inte n\u00f6dv\u00e4ndigtvis iskallt.<\/p>\n<p>L\u00f8ken Burneri grundades 1855 som ett kooperativ, d\u00e4r b\u00f6nderna i den norska kommunen \u00f6kar kunde destillera. N\u00e5gra \u00e5r senare \u00f6ppnade L\u00f8iten-br\u00e4nnarens destillation i Oslo, d\u00e4r r\u00e5premierna tillsattes till smaken av olika kryddor och \u00f6rter, och det \u00e4r mestadels samma recept som utvecklades vid den tidpunkt som anv\u00e4nds idag.<\/p>\n","protected":false},"excerpt":{"rendered":"<p>Norwegian Aquavit<\/p>\n","protected":false},"featured_media":10627,"template":"","meta":{"_acf_changed":false,"rs_blank_template":"","rs_page_bg_color":"","slide_template_v7":""},"product_brand":[],"product_cat":[2393,2743],"product_tag":[],"class_list":{"0":"post-16966","1":"product","2":"type-product","3":"status-publish","4":"has-post-thumbnail","6":"product_cat-akvavit-snaps-sv","7":"product_cat-brannvin-sv","8":"pa_land-norge-sv","9":"pa_procent-40-sv-2","10":"pa_producent-loeiten-braenderi-sv","11":"pa_volume-70-sv-2","13":"first","14":"instock","15":"taxable","16":"shipping-taxable","17":"purchasable","18":"product-type-simple"},"bundled_by":[],"bundle_stock_status":"instock","bundle_stock_quantity":null,"bundle_virtual":false,"bundle_layout":"","bundle_add_to_cart_form_location":"","bundle_editable_in_cart":false,"bundle_sold_individually_context":"","bundle_item_grouping":"","bundle_min_size":"","bundle_max_size":"","bundle_price":[],"bundled_items":[],"bundle_sell_ids":[],"acf":[],"_links":{"self":[{"href":"https:\/\/www.raschvin.com\/sv\/wp-json\/wp\/v2\/product\/16966","targetHints":{"allow":["GET"]}}],"collection":[{"href":"https:\/\/www.raschvin.com\/sv\/wp-json\/wp\/v2\/product"}],"about":[{"href":"https:\/\/www.raschvin.com\/sv\/wp-json\/wp\/v2\/types\/product"}],"wp:featuredmedia":[{"embeddable":true,"href":"https:\/\/www.raschvin.com\/sv\/wp-json\/wp\/v2\/media\/10627"}],"wp:attachment":[{"href":"https:\/\/www.raschvin.com\/sv\/wp-json\/wp\/v2\/media?parent=16966"}],"wp:term":[{"taxonomy":"product_brand","embeddable":true,"href":"https:\/\/www.raschvin.com\/sv\/wp-json\/wp\/v2\/product_brand?post=16966"},{"taxonomy":"product_cat","embeddable":true,"href":"https:\/\/www.raschvin.com\/sv\/wp-json\/wp\/v2\/product_cat?post=16966"},{"taxonomy":"product_tag","embeddable":true,"href":"https:\/\/www.raschvin.com\/sv\/wp-json\/wp\/v2\/product_tag?post=16966"}],"curies":[{"name":"wp","href":"https:\/\/api.w.org\/{rel}","templated":true}]}}