{"id":16961,"date":"2022-05-30T11:13:23","date_gmt":"2022-05-30T09:13:23","guid":{"rendered":"https:\/\/www.raschvin.com\/vare\/lysholm-linie-double-cask-port\/"},"modified":"2022-11-23T20:58:03","modified_gmt":"2022-11-23T19:58:03","slug":"lysholm-linie-double-cask-port","status":"publish","type":"product","link":"https:\/\/www.raschvin.com\/sv\/produkt\/lysholm-linie-double-cask-port\/","title":{"rendered":"Lysholm Linie Aquavit &#8211; Port Casks 70 cl. 41,5%"},"content":{"rendered":"<p>Lysholm Line Double Cask \u00e4r en monterad norsk aquavit. Tv\u00e5 g\u00e5nger korsar aquavite ekvatorn i Sherryfade ombord p\u00e5 fartyg, och den h\u00e4r &#8221;extra mogna&#8221; upplagan kompletterar Sherylag-ringen med en s\u00e5 kallad &#8221;finish&#8221; p\u00e5 PortVinsFade under 12 m\u00e5nader. En r\u00e4tt unik aquavit, d\u00e4r de kryddiga cynoterna har g\u00e5tt in i bakgrunden och matr\u00e4tten och fruktnoteringar f\u00e5r dela rampljuset.<\/p>\n<p>F\u00e4rg: Golden.<br \/>\nDoft: framtr\u00e4dande vaniljb\u00e4ddar, torkad frukt och ek.<br \/>\nSmak Anm\u00e4rkningar: Mjuk och rund, med massor av m\u00f6rk frukt och vanilj.<\/p>\n<p>Serveringsf\u00f6rslag: b\u00f6r avnjutas ren, eventuellt. Som avec efter en god m\u00e5ltid.<\/p>\n<p>Lysholm \u00e4r Norges \u00e4ldste Akvavit-varum\u00e4rke. Mest k\u00e4nda \u00e4r Lysholm f\u00f6r linje Aquavite, som forts\u00e4tter det mer \u00e4n 200 \u00e5r gammal tradition med den ber\u00f6mda resan. Det b\u00f6rjade enligt uppgift med en s\u00e4ndande Aquavit, som kom tillbaka fr\u00e5n Australien efter att k\u00f6paren hade g\u00e5tt i konkurs. N\u00e4r det \u00e5terv\u00e4nde hem var smaken s\u00e5 otroligt att resan var obligatorisk. AquaVite \u00e4r placerad p\u00e5 matr\u00e4tten och seglade n\u00e4stan marken runt innan han \u00e5terv\u00e4nde hem till Norge och tappade, nu avrundade och mognade av flera m\u00e5nader att ha skulpterat runt i den goda sherryfaden.<\/p>\n","protected":false},"excerpt":{"rendered":"<p>Norwegian Aquavit<\/p>\n","protected":false},"featured_media":10580,"template":"","meta":{"_acf_changed":false,"rs_blank_template":"","rs_page_bg_color":"","slide_template_v7":""},"product_brand":[],"product_cat":[2393,2743],"product_tag":[],"class_list":{"0":"post-16961","1":"product","2":"type-product","3":"status-publish","4":"has-post-thumbnail","6":"product_cat-akvavit-snaps-sv","7":"product_cat-brannvin-sv","8":"pa_land-norge-sv","9":"pa_procent-41-5-sv","10":"pa_producent-lysholm-linie-sv","11":"pa_traefad-port-sv","12":"pa_volume-70-sv-2","14":"first","15":"outofstock","16":"sale","17":"taxable","18":"shipping-taxable","19":"purchasable","20":"product-type-simple"},"bundled_by":[],"bundle_stock_status":"outofstock","bundle_stock_quantity":null,"bundle_virtual":false,"bundle_layout":"","bundle_add_to_cart_form_location":"","bundle_editable_in_cart":false,"bundle_sold_individually_context":"","bundle_item_grouping":"","bundle_min_size":"","bundle_max_size":"","bundle_price":[],"bundled_items":[],"bundle_sell_ids":[],"acf":[],"_links":{"self":[{"href":"https:\/\/www.raschvin.com\/sv\/wp-json\/wp\/v2\/product\/16961","targetHints":{"allow":["GET"]}}],"collection":[{"href":"https:\/\/www.raschvin.com\/sv\/wp-json\/wp\/v2\/product"}],"about":[{"href":"https:\/\/www.raschvin.com\/sv\/wp-json\/wp\/v2\/types\/product"}],"wp:featuredmedia":[{"embeddable":true,"href":"https:\/\/www.raschvin.com\/sv\/wp-json\/wp\/v2\/media\/10580"}],"wp:attachment":[{"href":"https:\/\/www.raschvin.com\/sv\/wp-json\/wp\/v2\/media?parent=16961"}],"wp:term":[{"taxonomy":"product_brand","embeddable":true,"href":"https:\/\/www.raschvin.com\/sv\/wp-json\/wp\/v2\/product_brand?post=16961"},{"taxonomy":"product_cat","embeddable":true,"href":"https:\/\/www.raschvin.com\/sv\/wp-json\/wp\/v2\/product_cat?post=16961"},{"taxonomy":"product_tag","embeddable":true,"href":"https:\/\/www.raschvin.com\/sv\/wp-json\/wp\/v2\/product_tag?post=16961"}],"curies":[{"name":"wp","href":"https:\/\/api.w.org\/{rel}","templated":true}]}}